{"id":23623,"date":"2025-11-14T15:19:09","date_gmt":"2025-11-14T12:19:09","guid":{"rendered":"https:\/\/baldumarket.lt\/product\/mario\/"},"modified":"2026-03-24T16:47:35","modified_gmt":"2026-03-24T13:47:35","slug":"mario","status":"publish","type":"product","link":"https:\/\/baldumarket.lt\/lt\/product\/mario\/","title":{"rendered":"Mario"},"content":{"rendered":"<p>\u201eMario\u201c pufas yra aptrauktas auk\u0161tos kokyb\u0117s mink\u0161tu ir patvariu EPS put\u0173 pamink\u0161tinimu. D\u0117l tekst\u016bros ir t\u016brio jis atrodo unikaliai ir eleganti\u0161kai, o matmenys \u2013 78 x 83 x 83 centimetrai \u2013 puikiai tinka \u012fvairaus dyd\u017eio kambariams. \u201eMario\u201c pufas yra labai funkcionali ir universali papildoma s\u0117dyn\u0117, kuri\u0105 galima naudoti \u012fvairiais b\u016bdais.<\/p>","protected":false},"excerpt":{"rendered":"<p>\u201eMario\u201c pufas yra aptrauktas auk\u0161tos kokyb\u0117s mink\u0161tu ir patvariu EPS put\u0173 pamink\u0161tinimu. D\u0117l tekst\u016bros ir t\u016brio jis atrodo unikaliai ir eleganti\u0161kai, o d\u0117l matmen\u0173 \u2013 78 x 83 x 83 centimetr\u0173 \u2013 puikiai tinka \u012fvairaus dyd\u017eio kambariams. \u201eMario\u201c pufas yra itin funkcionali ir universali papildoma s\u0117dyn\u0117, kuri gali [\u2026]<\/p>","protected":false},"featured_media":23624,"comment_status":"open","ping_status":"open","template":"","meta":[],"product_brand":[],"product_cat":[1146,2012,9168],"product_tag":[],"class_list":{"0":"post-23623","1":"product","2":"type-product","3":"status-publish","4":"has-post-thumbnail","6":"product_cat-childrens-poufs","7":"product_cat-eltap","8":"product_cat-pufy-eltap","10":"first","11":"instock","12":"purchasable","13":"product-type-variable","14":"wvs-archive-product-wrapper"},"_links":{"self":[{"href":"https:\/\/baldumarket.lt\/lt\/wp-json\/wp\/v2\/product\/23623","targetHints":{"allow":["GET"]}}],"collection":[{"href":"https:\/\/baldumarket.lt\/lt\/wp-json\/wp\/v2\/product"}],"about":[{"href":"https:\/\/baldumarket.lt\/lt\/wp-json\/wp\/v2\/types\/product"}],"replies":[{"embeddable":true,"href":"https:\/\/baldumarket.lt\/lt\/wp-json\/wp\/v2\/comments?post=23623"}],"wp:featuredmedia":[{"embeddable":true,"href":"https:\/\/baldumarket.lt\/lt\/wp-json\/wp\/v2\/media\/23624"}],"wp:attachment":[{"href":"https:\/\/baldumarket.lt\/lt\/wp-json\/wp\/v2\/media?parent=23623"}],"wp:term":[{"taxonomy":"product_brand","embeddable":true,"href":"https:\/\/baldumarket.lt\/lt\/wp-json\/wp\/v2\/product_brand?post=23623"},{"taxonomy":"product_cat","embeddable":true,"href":"https:\/\/baldumarket.lt\/lt\/wp-json\/wp\/v2\/product_cat?post=23623"},{"taxonomy":"product_tag","embeddable":true,"href":"https:\/\/baldumarket.lt\/lt\/wp-json\/wp\/v2\/product_tag?post=23623"}],"curies":[{"name":"wp","href":"https:\/\/api.w.org\/{rel}","templated":true}]}}