{"id":236221,"date":"2025-12-29T22:54:56","date_gmt":"2025-12-29T19:54:56","guid":{"rendered":"https:\/\/baldumarket.lt\/product\/amino-loze-160-dab-wotan-czarny\/"},"modified":"2026-02-11T18:34:42","modified_gmt":"2026-02-11T15:34:42","slug":"amino-loze-160-dab-wotan-czarny","status":"publish","type":"product","link":"https:\/\/baldumarket.lt\/lt\/product\/amino-loze-160-dab-wotan-czarny\/","title":{"rendered":"AMINO lova 160 \u0105\u017euolo spalvos wotan \/ juoda"},"content":{"rendered":"<p>Auk\u0161tis cm: 90, plotis cm: 164, ilgis cm: 204, \u010diu\u017einio pagrindo matmenys cm: 160 \u00d7 200, \u010diu\u017einys \u012fskai\u010diuotas: ne, r\u0117mas \u012fskai\u010diuotas: ne, daiktad\u0117\u017e\u0117: ne, savaiminis surinkimas: taip<br \/>\nAMINO 160 lova \u2013 Wotan \u0105\u017euolas \/ juoda<br \/>\nStilinga ir tvirta AMINO 160 lova \u2013 puikus pasirinkimas tiems, kurie vertina elegancij\u0105, funkcionalum\u0105 ir ilgaam\u017ei\u0161kum\u0105. \u0160iltas Wotano \u0105\u017euolo atspalvis kartu su i\u0161skirtiniais juodais elementais sukuria harmoning\u0105 ir modern\u0173 duet\u0105, puikiai tinkant\u012f lofto stiliaus ar moderniam miegamajam.<br \/>\nPagrindin\u0117s savyb\u0117s:<br \/>\nModernus dizainas \u2013 nat\u016bralios medienos ir juod\u0173 detali\u0173 derinys suteikia \u0161iam baldui unikalumo.<br \/>\nTvirta konstrukcija \u2013 pagaminta i\u0161 laminuotos bald\u0173 plok\u0161t\u0117s, pasi\u017eymin\u010dios dideliu atsparumu \u012fbr\u0117\u017eimams ir pa\u017eeidimams.<br \/>\nDvigubo skydelio lovos priekis yra i\u0161skirtinis AMINO kolekcijos bruo\u017eas, pabr\u0117\u017eiantis tvirt\u0105 ir eleganti\u0161k\u0105 bald\u0173 i\u0161vaizd\u0105.<br \/>\nPatogus lovos galv\u016bgalis pagamintas i\u0161 laminuotos baldin\u0117s plok\u0161t\u0117s ir suteikia patogi\u0105 atram\u0105 skaitant ar ilsintis.<br \/>\nLengvas surinkimas \u2013 lova pristatoma plok\u0161\u010diai supakuota ir pateikiamos ai\u0161kios surinkimo instrukcijos.<br \/>\nSpecifikacijos:<br \/>\nKorpuso med\u017eiaga: laminuota bald\u0173 plok\u0161t\u0117, PVC kra\u0161tai<br \/>\nKorpuso spalva: Wotano \u0105\u017euolas \/ juoda<br \/>\nKojel\u0117s: bald\u0173 lenta<br \/>\nLovos r\u0117mas: laminuota bald\u0173 plok\u0161t\u0117, PVC kra\u0161tai<br \/>\nGalv\u016bgalis: laminuota bald\u0173 plok\u0161t\u0117, PVC kra\u0161tai<br \/>\nPridedamas groteli\u0173 r\u0117mas: ne<br \/>\n\u010ciu\u017einys \u012fskai\u010diuotas: ne<br \/>\nPatalyn\u0117: ne<br \/>\nPapildomos savyb\u0117s: Dviguba lovos priekin\u0117 dalis yra i\u0161skirtinis AMINO kolekcijos bruo\u017eas.<\/p>","protected":false},"excerpt":{"rendered":"<p>Auk\u0161tis cm: 90<br \/>\nPlotis cm: 164<br \/>\nIlgis cm: 204<br \/>\n\u010ciu\u017einio matmenys cm: 160 \u00d7 200<br \/>\n\u010ciu\u017einys \u012fskai\u010diuotas: Ne<br \/>\nR\u0117mas pridedamas: Ne<br \/>\nSaugykla: Ne<\/p>","protected":false},"featured_media":236222,"comment_status":"open","ping_status":"open","template":"","meta":[],"product_brand":[],"product_cat":[9321,505,2970],"product_tag":[],"class_list":{"0":"post-236221","1":"product","2":"type-product","3":"status-publish","4":"has-post-thumbnail","6":"product_cat-amino-furniture-collection","7":"product_cat-bedroom-beds","8":"product_cat-mebelbos","10":"first","11":"instock","12":"purchasable","13":"product-type-simple"},"_links":{"self":[{"href":"https:\/\/baldumarket.lt\/lt\/wp-json\/wp\/v2\/product\/236221","targetHints":{"allow":["GET"]}}],"collection":[{"href":"https:\/\/baldumarket.lt\/lt\/wp-json\/wp\/v2\/product"}],"about":[{"href":"https:\/\/baldumarket.lt\/lt\/wp-json\/wp\/v2\/types\/product"}],"replies":[{"embeddable":true,"href":"https:\/\/baldumarket.lt\/lt\/wp-json\/wp\/v2\/comments?post=236221"}],"wp:featuredmedia":[{"embeddable":true,"href":"https:\/\/baldumarket.lt\/lt\/wp-json\/wp\/v2\/media\/236222"}],"wp:attachment":[{"href":"https:\/\/baldumarket.lt\/lt\/wp-json\/wp\/v2\/media?parent=236221"}],"wp:term":[{"taxonomy":"product_brand","embeddable":true,"href":"https:\/\/baldumarket.lt\/lt\/wp-json\/wp\/v2\/product_brand?post=236221"},{"taxonomy":"product_cat","embeddable":true,"href":"https:\/\/baldumarket.lt\/lt\/wp-json\/wp\/v2\/product_cat?post=236221"},{"taxonomy":"product_tag","embeddable":true,"href":"https:\/\/baldumarket.lt\/lt\/wp-json\/wp\/v2\/product_tag?post=236221"}],"curies":[{"name":"wp","href":"https:\/\/api.w.org\/{rel}","templated":true}]}}