{"id":236214,"date":"2025-12-29T22:54:43","date_gmt":"2025-12-29T19:54:43","guid":{"rendered":"https:\/\/baldumarket.lt\/product\/ayson-komoda-1d1s-dab-artisan\/"},"modified":"2026-02-11T18:34:42","modified_gmt":"2026-02-11T15:34:42","slug":"ayson-komoda-1d1s-dab-artisan","status":"publish","type":"product","link":"https:\/\/baldumarket.lt\/lt\/product\/ayson-komoda-1d1s-dab-artisan\/","title":{"rendered":"AYSON komoda, 1 stal\u010dius, 1 vnt., \u0105\u017euolo spalvos"},"content":{"rendered":"<p>AYSON 1d1s komoda, Artisan Oak<br \/>\nKomoda tapo b\u016btinu kiekvien\u0173 nam\u0173 baldu. \u0160i AYSON kolekcijos komoda puikiai tinka dekoruoti tokias patalpas kaip svetain\u0117, prie\u0161kambaris, miegamasis, darbo kambarys, nam\u0173 biuras ar paauglio kambarys. Kolekcijos medinis dizainas neabejotinai suteiks \u0161ilumos bet kokiam interjerui, kuriame \u012fsikurs AYSON. I\u0161skirtiniai mazgai pabr\u0117\u017eia nat\u016brali\u0105 kolekcijos i\u0161vaizd\u0105, kuri\u0105 dar labiau sustiprina paprastos juodos ranken\u0117l\u0117s.<br \/>\nInterjero dizaino \u017eurnaluose matome gra\u017eius kambarius, kuriuose kruop\u0161\u010diai apgalvotas kiekvienas elementas. Kartais jie gali atrodyti chaoti\u0161ki, ta\u010diau b\u016btent tai juos ir daro tokius unikalius. Da\u017enai paai\u0161k\u0117ja, kad pakeitus vien\u0105 bald\u0105, galima visi\u0161kai pakeisti kambar\u012f. Tod\u0117l, ypa\u010d interjero dizaino entuziastams, unikali\u0173 bald\u0173 m\u0117g\u0117jams ir nauj\u0173 dizain\u0173 gerb\u0117jams, pristatome \u201eAyson\u201c bald\u0173 kolekcij\u0105. Su ja galite susikurti ka\u017ek\u0105 unikalaus \u2013 savo, nepakartojamo stiliaus.<\/p>","protected":false},"excerpt":{"rendered":"<p>Kolekcija: AYSON<br \/>\nPlotis cm: 47<br \/>\n\u016agis cm: 86,5<br \/>\nGylis cm: 36,5<br \/>\nDur\u0173 skai\u010dius: 1<br \/>\nStal\u010di\u0173 skai\u010dius: 1<\/p>","protected":false},"featured_media":236215,"comment_status":"open","ping_status":"open","template":"","meta":[],"product_brand":[],"product_cat":[9322,1173,2970],"product_tag":[],"class_list":{"0":"post-236214","1":"product","2":"type-product","3":"status-publish","4":"has-post-thumbnail","6":"product_cat-furniture-collection-ayson","7":"product_cat-chests-of-drawers","8":"product_cat-mebelbos","10":"first","11":"instock","12":"purchasable","13":"product-type-simple"},"_links":{"self":[{"href":"https:\/\/baldumarket.lt\/lt\/wp-json\/wp\/v2\/product\/236214","targetHints":{"allow":["GET"]}}],"collection":[{"href":"https:\/\/baldumarket.lt\/lt\/wp-json\/wp\/v2\/product"}],"about":[{"href":"https:\/\/baldumarket.lt\/lt\/wp-json\/wp\/v2\/types\/product"}],"replies":[{"embeddable":true,"href":"https:\/\/baldumarket.lt\/lt\/wp-json\/wp\/v2\/comments?post=236214"}],"wp:featuredmedia":[{"embeddable":true,"href":"https:\/\/baldumarket.lt\/lt\/wp-json\/wp\/v2\/media\/236215"}],"wp:attachment":[{"href":"https:\/\/baldumarket.lt\/lt\/wp-json\/wp\/v2\/media?parent=236214"}],"wp:term":[{"taxonomy":"product_brand","embeddable":true,"href":"https:\/\/baldumarket.lt\/lt\/wp-json\/wp\/v2\/product_brand?post=236214"},{"taxonomy":"product_cat","embeddable":true,"href":"https:\/\/baldumarket.lt\/lt\/wp-json\/wp\/v2\/product_cat?post=236214"},{"taxonomy":"product_tag","embeddable":true,"href":"https:\/\/baldumarket.lt\/lt\/wp-json\/wp\/v2\/product_tag?post=236214"}],"curies":[{"name":"wp","href":"https:\/\/api.w.org\/{rel}","templated":true}]}}