{"id":236204,"date":"2025-12-29T22:54:26","date_gmt":"2025-12-29T19:54:26","guid":{"rendered":"https:\/\/baldumarket.lt\/product\/ayson-lustro-50-dab-artisan\/"},"modified":"2026-02-11T18:34:42","modified_gmt":"2026-02-11T15:34:42","slug":"ayson-lustro-50-dab-artisan","status":"publish","type":"product","link":"https:\/\/baldumarket.lt\/lt\/product\/ayson-lustro-50-dab-artisan\/","title":{"rendered":"AYSON veidrodis 50 \u0105\u017euolo spalvos"},"content":{"rendered":"<p>AYSON lentyna 90 Artisan Oak spalvos<br \/>\n\u0160is AYSON kolekcijos veidrodis pa\u0161viesins kambarius ir suteiks erdv\u0117s poj\u016bt\u012f. \u0160is prakti\u0161kas baldas puikiai tinka svetain\u0117ms, miegamiesiems, persirengimo kambariams, koridoriams ar valgomiesiems. Kolekcijos medinis dizainas kartu su AYSON veidrod\u017eiu tikrai suteiks \u0161ilumos bet kokiam interjerui.<br \/>\nInterjero dizaino \u017eurnaluose matome gra\u017eius kambarius, kuriuose kruop\u0161\u010diai apgalvota kiekviena detal\u0117. Kartais jie gali atrodyti chaoti\u0161ki, ta\u010diau b\u016btent tai juos ir daro tokius unikalius. Da\u017enai paai\u0161k\u0117ja, kad pakeitus vien\u0105 bald\u0105, galima visi\u0161kai pakeisti kambar\u012f. Tod\u0117l, ypa\u010d interjero dizaino entuziastams, unikali\u0173 daikt\u0173 m\u0117g\u0117jams ir nauj\u0173 produkt\u0173 gerb\u0117jams, pristatome \u201eAyson\u201c bald\u0173 kolekcij\u0105. Su ja galite susikurti ka\u017ek\u0105 unikalaus \u2013 savo, nepakartojamo stiliaus.<br \/>\nVeidrodis parduodamas komplekte arba ant pale\u010di\u0173.<\/p>","protected":false},"excerpt":{"rendered":"<p>Plotis cm: 47<br \/>\nAuk\u0161tis cm: 100<br \/>\nGylis cm: 2<\/p>","protected":false},"featured_media":236205,"comment_status":"open","ping_status":"open","template":"","meta":[],"product_brand":[],"product_cat":[9322,2970,1108],"product_tag":[],"class_list":{"0":"post-236204","1":"product","2":"type-product","3":"status-publish","4":"has-post-thumbnail","6":"product_cat-furniture-collection-ayson","7":"product_cat-mebelbos","8":"product_cat-mirrors","10":"first","11":"instock","12":"purchasable","13":"product-type-simple"},"_links":{"self":[{"href":"https:\/\/baldumarket.lt\/lt\/wp-json\/wp\/v2\/product\/236204","targetHints":{"allow":["GET"]}}],"collection":[{"href":"https:\/\/baldumarket.lt\/lt\/wp-json\/wp\/v2\/product"}],"about":[{"href":"https:\/\/baldumarket.lt\/lt\/wp-json\/wp\/v2\/types\/product"}],"replies":[{"embeddable":true,"href":"https:\/\/baldumarket.lt\/lt\/wp-json\/wp\/v2\/comments?post=236204"}],"wp:featuredmedia":[{"embeddable":true,"href":"https:\/\/baldumarket.lt\/lt\/wp-json\/wp\/v2\/media\/236205"}],"wp:attachment":[{"href":"https:\/\/baldumarket.lt\/lt\/wp-json\/wp\/v2\/media?parent=236204"}],"wp:term":[{"taxonomy":"product_brand","embeddable":true,"href":"https:\/\/baldumarket.lt\/lt\/wp-json\/wp\/v2\/product_brand?post=236204"},{"taxonomy":"product_cat","embeddable":true,"href":"https:\/\/baldumarket.lt\/lt\/wp-json\/wp\/v2\/product_cat?post=236204"},{"taxonomy":"product_tag","embeddable":true,"href":"https:\/\/baldumarket.lt\/lt\/wp-json\/wp\/v2\/product_tag?post=236204"}],"curies":[{"name":"wp","href":"https:\/\/api.w.org\/{rel}","templated":true}]}}