{"id":236175,"date":"2025-12-29T22:53:35","date_gmt":"2025-12-29T19:53:35","guid":{"rendered":"https:\/\/baldumarket.lt\/product\/ayson-szafa-narozna-2d-dab-artisan\/"},"modified":"2026-02-11T18:34:43","modified_gmt":"2026-02-11T15:34:43","slug":"ayson-szafa-narozna-2d-dab-artisan","status":"publish","type":"product","link":"https:\/\/baldumarket.lt\/lt\/product\/ayson-szafa-narozna-2d-dab-artisan\/","title":{"rendered":"AYSON 2D kampin\u0117 spinta, \u0105\u017euolas"},"content":{"rendered":"<p>AYSON 2D kampin\u0117 spinta i\u0161 Artisan Oak<br \/>\nJuodos metalin\u0117s rankenos pabr\u0117\u017eia bald\u0173 stili\u0173.<br \/>\nPastorintos \u0161onin\u0117s dalys ir vir\u0161us suteikia skoning\u0105 \u012fr\u0117minim\u0105 gabal\u0117liams.<br \/>\nPaprasta \u0161io k\u016brinio forma sukurs unikalias kompozicijas.<br \/>\nInterjero dizaino \u017eurnaluose pristatomi gra\u017e\u016bs kambariai, kuriuose kruop\u0161\u010diai apgalvota kiekviena detal\u0117. Kartais jie gali atrodyti chaoti\u0161ki, ta\u010diau b\u016btent tai juos ir daro tokius unikalius. Da\u017enai paai\u0161k\u0117ja, kad pakeitus vien\u0105 bald\u0105, galima visi\u0161kai pakeisti kambar\u012f. Tod\u0117l, ypa\u010d interjero dizaino entuziastams, unikali\u0173 daikt\u0173 m\u0117g\u0117jams ir naujovi\u0173 gerb\u0117jams, pristatome \u201eAyson\u201c bald\u0173 kolekcij\u0105. Su ja galite susikurti ka\u017ek\u0105 unikalaus \u2013 savo, nepakartojamo stiliaus.<\/p>","protected":false},"excerpt":{"rendered":"<p>\u016agis cm: 210,5<br \/>\nPlotis cm: 97<br \/>\nGylis cm: 97<br \/>\nDur\u0173 tipas: Atidaromos<br \/>\nDur\u0173 skai\u010dius: 2<\/p>","protected":false},"featured_media":236176,"comment_status":"open","ping_status":"open","template":"","meta":[],"product_brand":[],"product_cat":[9322,2970,1177],"product_tag":[],"class_list":{"0":"post-236175","1":"product","2":"type-product","3":"status-publish","4":"has-post-thumbnail","6":"product_cat-furniture-collection-ayson","7":"product_cat-mebelbos","8":"product_cat-wardrobes","10":"first","11":"instock","12":"purchasable","13":"product-type-simple"},"_links":{"self":[{"href":"https:\/\/baldumarket.lt\/lt\/wp-json\/wp\/v2\/product\/236175","targetHints":{"allow":["GET"]}}],"collection":[{"href":"https:\/\/baldumarket.lt\/lt\/wp-json\/wp\/v2\/product"}],"about":[{"href":"https:\/\/baldumarket.lt\/lt\/wp-json\/wp\/v2\/types\/product"}],"replies":[{"embeddable":true,"href":"https:\/\/baldumarket.lt\/lt\/wp-json\/wp\/v2\/comments?post=236175"}],"wp:featuredmedia":[{"embeddable":true,"href":"https:\/\/baldumarket.lt\/lt\/wp-json\/wp\/v2\/media\/236176"}],"wp:attachment":[{"href":"https:\/\/baldumarket.lt\/lt\/wp-json\/wp\/v2\/media?parent=236175"}],"wp:term":[{"taxonomy":"product_brand","embeddable":true,"href":"https:\/\/baldumarket.lt\/lt\/wp-json\/wp\/v2\/product_brand?post=236175"},{"taxonomy":"product_cat","embeddable":true,"href":"https:\/\/baldumarket.lt\/lt\/wp-json\/wp\/v2\/product_cat?post=236175"},{"taxonomy":"product_tag","embeddable":true,"href":"https:\/\/baldumarket.lt\/lt\/wp-json\/wp\/v2\/product_tag?post=236175"}],"curies":[{"name":"wp","href":"https:\/\/api.w.org\/{rel}","templated":true}]}}