{"id":236167,"date":"2025-12-29T22:53:23","date_gmt":"2025-12-29T19:53:23","guid":{"rendered":"https:\/\/baldumarket.lt\/product\/ayson-szafka-na-buty-2k-dab-artisan\/"},"modified":"2026-02-11T18:34:43","modified_gmt":"2026-02-11T15:34:43","slug":"ayson-szafka-na-buty-2k-dab-artisan","status":"publish","type":"product","link":"https:\/\/baldumarket.lt\/lt\/product\/ayson-szafka-na-buty-2k-dab-artisan\/","title":{"rendered":"AYSON bat\u0173 spintel\u0117, 2k, \u0105\u017euolo dirbiniai"},"content":{"rendered":"<p>AYSON bat\u0173 spintel\u0117, 2K Artisan Oak<br \/>\nBat\u0173 spintel\u0117 \u2013 nepakei\u010diamas prie\u0161kambario baldas. Ji ne tik padeda palaikyti tvark\u0105, bet ir sukuria \u012fdom\u0173 bei ak\u012f traukiant\u012f vaizd\u0105 jau nuo \u012f\u0117jimo. AYSON kolekcijos bat\u0173 spintel\u0117 pasi\u017eymi dviem atver\u010diamomis durel\u0117mis su specialiais bat\u0173 skyreliais. \u0160is baldas puikiai tinka tiek ma\u017eesniems, tiek didesniems prie\u0161kambariams. Kolekcijos medinis dizainas neabejotinai suteiks \u0161ilumos bet kokiam interjerui, kuriame \u012fsikurs AYSON. I\u0161skirtiniai mazgai pabr\u0117\u017eia nat\u016brali\u0105 kolekcijos i\u0161vaizd\u0105, kuri\u0105 dar labiau sustiprina paprastos juodos ranken\u0117l\u0117s.<br \/>\nInterjero dizaino \u017eurnaluose matome gra\u017eius kambarius, kuriuose kruop\u0161\u010diai apgalvota kiekviena detal\u0117. Kartais jie gali atrodyti chaoti\u0161ki, ta\u010diau b\u016btent tai juos ir daro tokius unikalius. Da\u017enai paai\u0161k\u0117ja, kad pakeitus vien\u0105 bald\u0105, galima visi\u0161kai pakeisti kambar\u012f. Tod\u0117l, ypa\u010d interjero dizaino entuziastams, unikali\u0173 daikt\u0173 m\u0117g\u0117jams ir nauj\u0173 produkt\u0173 gerb\u0117jams, pristatome \u201eAyson\u201c bald\u0173 kolekcij\u0105. Jos d\u0117ka susikursite ka\u017ek\u0105 unikalaus \u2013 savo ir nepakartojamo stiliaus.<\/p>","protected":false},"excerpt":{"rendered":"<p>\u016agis cm: 86,5<br \/>\nPlotis cm: 80<br \/>\nGylis cm: 36,5<\/p>","protected":false},"featured_media":236168,"comment_status":"open","ping_status":"open","template":"","meta":[],"product_brand":[],"product_cat":[9322,2970,1997],"product_tag":[],"class_list":{"0":"post-236167","1":"product","2":"type-product","3":"status-publish","4":"has-post-thumbnail","6":"product_cat-furniture-collection-ayson","7":"product_cat-mebelbos","8":"product_cat-shoe-cabinets","10":"first","11":"instock","12":"purchasable","13":"product-type-simple"},"_links":{"self":[{"href":"https:\/\/baldumarket.lt\/lt\/wp-json\/wp\/v2\/product\/236167","targetHints":{"allow":["GET"]}}],"collection":[{"href":"https:\/\/baldumarket.lt\/lt\/wp-json\/wp\/v2\/product"}],"about":[{"href":"https:\/\/baldumarket.lt\/lt\/wp-json\/wp\/v2\/types\/product"}],"replies":[{"embeddable":true,"href":"https:\/\/baldumarket.lt\/lt\/wp-json\/wp\/v2\/comments?post=236167"}],"wp:featuredmedia":[{"embeddable":true,"href":"https:\/\/baldumarket.lt\/lt\/wp-json\/wp\/v2\/media\/236168"}],"wp:attachment":[{"href":"https:\/\/baldumarket.lt\/lt\/wp-json\/wp\/v2\/media?parent=236167"}],"wp:term":[{"taxonomy":"product_brand","embeddable":true,"href":"https:\/\/baldumarket.lt\/lt\/wp-json\/wp\/v2\/product_brand?post=236167"},{"taxonomy":"product_cat","embeddable":true,"href":"https:\/\/baldumarket.lt\/lt\/wp-json\/wp\/v2\/product_cat?post=236167"},{"taxonomy":"product_tag","embeddable":true,"href":"https:\/\/baldumarket.lt\/lt\/wp-json\/wp\/v2\/product_tag?post=236167"}],"curies":[{"name":"wp","href":"https:\/\/api.w.org\/{rel}","templated":true}]}}