{"id":236159,"date":"2025-12-29T22:53:10","date_gmt":"2025-12-29T19:53:10","guid":{"rendered":"https:\/\/baldumarket.lt\/product\/ayson-szafka-rtv-2d-125-dab-artisan\/"},"modified":"2026-02-11T18:34:43","modified_gmt":"2026-02-11T15:34:43","slug":"ayson-szafka-rtv-2d-125-dab-artisan","status":"publish","type":"product","link":"https:\/\/baldumarket.lt\/lt\/product\/ayson-szafka-rtv-2d-125-dab-artisan\/","title":{"rendered":"AYSON televizoriaus spintel\u0117 2d\/125 amatinis \u0105\u017euolas"},"content":{"rendered":"<p>AYSON 2-D televizoriaus stovas, 125 cm amatinio \u0105\u017euolo<br \/>\nJuodos metalin\u0117s rankenos pabr\u0117\u017eia bald\u0173 stili\u0173.<br \/>\nPastorintos \u0161onin\u0117s dalys ir vir\u0161us suteikia skoning\u0105 \u012fr\u0117minim\u0105 gabal\u0117liams.<br \/>\nPaprasta \u0161io k\u016brinio forma padarys aran\u017euotes unikalias.<br \/>\nInterjero dizaino \u017eurnaluose pristatomi gra\u017e\u016bs kambariai, kuriuose kruop\u0161\u010diai apgalvotas kiekvienas elementas. Kartais jie gali atrodyti chaoti\u0161ki, ta\u010diau b\u016btent tai juos ir daro tokius ypatingus. Vieno baldo pakeitimas da\u017enai visi\u0161kai pakei\u010dia kambar\u012f. Tod\u0117l, ypa\u010d interjero dizaino entuziastams, unikali\u0173 daikt\u0173 m\u0117g\u0117jams ir naujovi\u0173 gerb\u0117jams, pristatome \u201eAyson\u201c bald\u0173 kolekcij\u0105. Su ja galite susikurti ka\u017ek\u0105 unikalaus \u2013 savo, nepakartojamo stiliaus.<\/p>","protected":false},"excerpt":{"rendered":"<p>Kolekcija: AYSON<br \/>\nPlotis cm: 125,5<br \/>\nAuk\u0161tis cm: 50<br \/>\nGylis cm: 36<br \/>\nDur\u0173 skai\u010dius: 2<\/p>","protected":false},"featured_media":236160,"comment_status":"open","ping_status":"open","template":"","meta":[],"product_brand":[],"product_cat":[9322,2970,1175],"product_tag":[],"class_list":{"0":"post-236159","1":"product","2":"type-product","3":"status-publish","4":"has-post-thumbnail","6":"product_cat-furniture-collection-ayson","7":"product_cat-mebelbos","8":"product_cat-tv-stands","10":"first","11":"instock","12":"purchasable","13":"product-type-simple"},"_links":{"self":[{"href":"https:\/\/baldumarket.lt\/lt\/wp-json\/wp\/v2\/product\/236159","targetHints":{"allow":["GET"]}}],"collection":[{"href":"https:\/\/baldumarket.lt\/lt\/wp-json\/wp\/v2\/product"}],"about":[{"href":"https:\/\/baldumarket.lt\/lt\/wp-json\/wp\/v2\/types\/product"}],"replies":[{"embeddable":true,"href":"https:\/\/baldumarket.lt\/lt\/wp-json\/wp\/v2\/comments?post=236159"}],"wp:featuredmedia":[{"embeddable":true,"href":"https:\/\/baldumarket.lt\/lt\/wp-json\/wp\/v2\/media\/236160"}],"wp:attachment":[{"href":"https:\/\/baldumarket.lt\/lt\/wp-json\/wp\/v2\/media?parent=236159"}],"wp:term":[{"taxonomy":"product_brand","embeddable":true,"href":"https:\/\/baldumarket.lt\/lt\/wp-json\/wp\/v2\/product_brand?post=236159"},{"taxonomy":"product_cat","embeddable":true,"href":"https:\/\/baldumarket.lt\/lt\/wp-json\/wp\/v2\/product_cat?post=236159"},{"taxonomy":"product_tag","embeddable":true,"href":"https:\/\/baldumarket.lt\/lt\/wp-json\/wp\/v2\/product_tag?post=236159"}],"curies":[{"name":"wp","href":"https:\/\/api.w.org\/{rel}","templated":true}]}}