{"id":236147,"date":"2025-12-29T22:52:53","date_gmt":"2025-12-29T19:52:53","guid":{"rendered":"https:\/\/baldumarket.lt\/product\/ayson-witryna-niska-2d1w1s-dab-artisan\/"},"modified":"2026-02-11T18:34:43","modified_gmt":"2026-02-11T15:34:43","slug":"ayson-witryna-niska-2d1w1s-dab-artisan","status":"publish","type":"product","link":"https:\/\/baldumarket.lt\/lt\/product\/ayson-witryna-niska-2d1w1s-dab-artisan\/","title":{"rendered":"AYSON \u017eema vitrinin\u0117 spintel\u0117 2d1w1s \u0105\u017euolas"},"content":{"rendered":"<p>AYSON \u017eema vitrinin\u0117 spintel\u0117 2D1W1S \u0105\u017euolas<br \/>\nJuodos metalin\u0117s rankenos pabr\u0117\u017eia bald\u0173 stili\u0173.<br \/>\nPastorintos \u0161onin\u0117s dalys ir vir\u0161us suteikia skoning\u0105 \u012fr\u0117minim\u0105 gabal\u0117liams.<br \/>\nPaprasta \u0161io k\u016brinio forma padarys aran\u017euotes unikalias.<br \/>\nVidinis ap\u0161vietimas yra neprivalomas.<br \/>\nInterjero dizaino \u017eurnaluose galime pamatyti gra\u017eius kambarius, kuriuose kruop\u0161\u010diai apgalvotas kiekvienas elementas. Kartais jie gali atrodyti chaoti\u0161ki, ta\u010diau b\u016btent tai juos ir daro tokius unikalius. Da\u017enai paai\u0161k\u0117ja, kad pakeitus vien\u0105 bald\u0105, galima visi\u0161kai pakeisti kambar\u012f. Tod\u0117l, ypa\u010d interjero dizaino entuziastams, unikali\u0173 daikt\u0173 m\u0117g\u0117jams ir naujovi\u0173 gerb\u0117jams, pristatome \u201eAyson\u201c bald\u0173 kolekcij\u0105. Su ja galite susikurti ka\u017ek\u0105 unikalaus \u2013 savo, nepakartojamo stiliaus.<\/p>","protected":false},"excerpt":{"rendered":"<p>Kolekcija: AYSON<br \/>\nPlotis cm: 85,5<br \/>\n\u016agis cm: 153<br \/>\nGylis cm: 36<br \/>\nStiklo elementai: Taip<br \/>\nAp\u0161vietimas: Pasirinktinai u\u017e papildom\u0105 mokest\u012f<\/p>","protected":false},"featured_media":236148,"comment_status":"open","ping_status":"open","template":"","meta":[],"product_brand":[],"product_cat":[9322,2970,2006],"product_tag":[],"class_list":{"0":"post-236147","1":"product","2":"type-product","3":"status-publish","4":"has-post-thumbnail","6":"product_cat-furniture-collection-ayson","7":"product_cat-mebelbos","8":"product_cat-vitrines","10":"first","11":"instock","12":"purchasable","13":"product-type-simple"},"_links":{"self":[{"href":"https:\/\/baldumarket.lt\/lt\/wp-json\/wp\/v2\/product\/236147","targetHints":{"allow":["GET"]}}],"collection":[{"href":"https:\/\/baldumarket.lt\/lt\/wp-json\/wp\/v2\/product"}],"about":[{"href":"https:\/\/baldumarket.lt\/lt\/wp-json\/wp\/v2\/types\/product"}],"replies":[{"embeddable":true,"href":"https:\/\/baldumarket.lt\/lt\/wp-json\/wp\/v2\/comments?post=236147"}],"wp:featuredmedia":[{"embeddable":true,"href":"https:\/\/baldumarket.lt\/lt\/wp-json\/wp\/v2\/media\/236148"}],"wp:attachment":[{"href":"https:\/\/baldumarket.lt\/lt\/wp-json\/wp\/v2\/media?parent=236147"}],"wp:term":[{"taxonomy":"product_brand","embeddable":true,"href":"https:\/\/baldumarket.lt\/lt\/wp-json\/wp\/v2\/product_brand?post=236147"},{"taxonomy":"product_cat","embeddable":true,"href":"https:\/\/baldumarket.lt\/lt\/wp-json\/wp\/v2\/product_cat?post=236147"},{"taxonomy":"product_tag","embeddable":true,"href":"https:\/\/baldumarket.lt\/lt\/wp-json\/wp\/v2\/product_tag?post=236147"}],"curies":[{"name":"wp","href":"https:\/\/api.w.org\/{rel}","templated":true}]}}