{"id":236127,"date":"2025-12-29T22:52:23","date_gmt":"2025-12-29T19:52:23","guid":{"rendered":"https:\/\/baldumarket.lt\/product\/ayson-lozko-2s-90-dab-artisan\/"},"modified":"2026-02-11T18:34:44","modified_gmt":"2026-02-11T15:34:44","slug":"ayson-lozko-2s-90-dab-artisan","status":"publish","type":"product","link":"https:\/\/baldumarket.lt\/lt\/product\/ayson-lozko-2s-90-dab-artisan\/","title":{"rendered":"AYSON lova 2 vnt.\/90 \u0105\u017euolo dirbini\u0173"},"content":{"rendered":"<p>AYSON dviviet\u0117 lova, 90 cm, dirbtinio \u0105\u017euolo spalvos<br \/>\nKaina be \u010diu\u017einio!<br \/>\nJuodos metalin\u0117s rankenos pabr\u0117\u017eia bald\u0173 stili\u0173.<br \/>\nPastorintos \u0161onin\u0117s dalys ir vir\u0161us suteikia skoning\u0105 \u012fr\u0117minim\u0105 gabal\u0117liams.<br \/>\nPaprasta \u0161io k\u016brinio forma bet kok\u012f derin\u012f pavers unikaliu.<br \/>\nAYSON lova su stal\u010diais \u2013 puikus sprendimas jaunimo kambariui, nes suteikia papildomos vietos daiktams susid\u0117ti. Ji taip pat u\u017edara i\u0161 trij\u0173 pusi\u0173, tod\u0117l gali b\u016bti naudojama kaip sofa. \u012edomus jos dizainas patiks tiems, kurie vertina funkcionalum\u0105. AYSON lova su stal\u010diais puikiai tinka tokiems kambariams kaip miegamasis ar jaunimo kambarys. Kolekcijos med\u017eio ra\u0161tas tikrai suteiks \u0161ilumos bet kokiam interjerui, kuriame yra AYSON. I\u0161skirtiniai mazgai pabr\u0117\u017eia nat\u016brali\u0105 kolekcijos i\u0161vaizd\u0105, kuri\u0105 dar labiau sustiprina paprastos juodos ranken\u0117l\u0117s.<\/p>","protected":false},"excerpt":{"rendered":"<p>\u016agis cm: 71<br \/>\nPlotis cm: 94,5<br \/>\nIlgis cm: 206,5<br \/>\n\u010ciu\u017einio matmenys cm: 90 x 200<br \/>\n\u010ciu\u017einys \u012fskai\u010diuotas: Ne<br \/>\nStal\u010di\u0173 skai\u010dius: 2<\/p>","protected":false},"featured_media":236128,"comment_status":"open","ping_status":"open","template":"","meta":[],"product_brand":[],"product_cat":[9322,505,2970],"product_tag":[],"class_list":{"0":"post-236127","1":"product","2":"type-product","3":"status-publish","4":"has-post-thumbnail","6":"product_cat-furniture-collection-ayson","7":"product_cat-bedroom-beds","8":"product_cat-mebelbos","10":"first","11":"instock","12":"purchasable","13":"product-type-simple"},"_links":{"self":[{"href":"https:\/\/baldumarket.lt\/lt\/wp-json\/wp\/v2\/product\/236127","targetHints":{"allow":["GET"]}}],"collection":[{"href":"https:\/\/baldumarket.lt\/lt\/wp-json\/wp\/v2\/product"}],"about":[{"href":"https:\/\/baldumarket.lt\/lt\/wp-json\/wp\/v2\/types\/product"}],"replies":[{"embeddable":true,"href":"https:\/\/baldumarket.lt\/lt\/wp-json\/wp\/v2\/comments?post=236127"}],"wp:featuredmedia":[{"embeddable":true,"href":"https:\/\/baldumarket.lt\/lt\/wp-json\/wp\/v2\/media\/236128"}],"wp:attachment":[{"href":"https:\/\/baldumarket.lt\/lt\/wp-json\/wp\/v2\/media?parent=236127"}],"wp:term":[{"taxonomy":"product_brand","embeddable":true,"href":"https:\/\/baldumarket.lt\/lt\/wp-json\/wp\/v2\/product_brand?post=236127"},{"taxonomy":"product_cat","embeddable":true,"href":"https:\/\/baldumarket.lt\/lt\/wp-json\/wp\/v2\/product_cat?post=236127"},{"taxonomy":"product_tag","embeddable":true,"href":"https:\/\/baldumarket.lt\/lt\/wp-json\/wp\/v2\/product_tag?post=236127"}],"curies":[{"name":"wp","href":"https:\/\/api.w.org\/{rel}","templated":true}]}}