{"id":236106,"date":"2025-12-29T22:51:52","date_gmt":"2025-12-29T19:51:52","guid":{"rendered":"https:\/\/baldumarket.lt\/product\/borg-biurko-1d1s-120-kaszmir\/"},"modified":"2026-02-11T18:34:44","modified_gmt":"2026-02-11T15:34:44","slug":"borg-biurko-1d1s-120-kaszmir","status":"publish","type":"product","link":"https:\/\/baldumarket.lt\/lt\/product\/borg-biurko-1d1s-120-kaszmir\/","title":{"rendered":"BORG ra\u0161omasis stalas, 1 vnt.\/120 ka\u0161myro"},"content":{"rendered":"<p>Kolekcija: BORG Surinkta: Ne Plotis: 117 Auk\u0161tis: 75,6 Gylis: 55 Dureli\u0173 skai\u010dius: 1 Stal\u010di\u0173 skai\u010dius: 1<br \/>\nBORG ra\u0161omasis stalas, 1 vnt.\/120 ka\u0161myro<br \/>\nBORG ra\u0161omasis stalas su spintele ir stal\u010diumi yra funkcionalus baldas, puikiai tiksiantis nam\u0173 biure, jaunimo kambaryje ar darbo kambaryje. Spintel\u0117 su lentynomis ir prakti\u0161kas stal\u010dius suteikia patogi\u0105 viet\u0105 dokumentams, biuro reikmenims ir kitiems priedams laikyti. Svarbus \u0161io stalo privalumas \u2013 galimyb\u0117 pasirinkti tvirtinimo pus\u0119 \u2013 pradinio surinkimo metu galite nuspr\u0119sti, ar spintel\u0117 bus kair\u0117je, ar de\u0161in\u0117je pus\u0117je, tod\u0117l baldus puikiai priderinsite prie savo kambario i\u0161planavimo ir poreiki\u0173. Stalas yra BORG kolekcijos dalis.<\/p>","protected":false},"excerpt":{"rendered":"<p>Kolekcija: BORG<br \/>\nPlotis cm: 117<br \/>\n\u016agis cm: 75,6<br \/>\nGylis cm: 55<br \/>\nDur\u0173 skai\u010dius: 1<br \/>\nStal\u010di\u0173 skai\u010dius: 1<\/p>","protected":false},"featured_media":236107,"comment_status":"open","ping_status":"open","template":"","meta":[],"product_brand":[],"product_cat":[9326,1312,2970],"product_tag":[],"class_list":{"0":"post-236106","1":"product","2":"type-product","3":"status-publish","4":"has-post-thumbnail","6":"product_cat-furniture-collection-borg","7":"product_cat-desks","8":"product_cat-mebelbos","10":"first","11":"instock","12":"purchasable","13":"product-type-simple"},"_links":{"self":[{"href":"https:\/\/baldumarket.lt\/lt\/wp-json\/wp\/v2\/product\/236106","targetHints":{"allow":["GET"]}}],"collection":[{"href":"https:\/\/baldumarket.lt\/lt\/wp-json\/wp\/v2\/product"}],"about":[{"href":"https:\/\/baldumarket.lt\/lt\/wp-json\/wp\/v2\/types\/product"}],"replies":[{"embeddable":true,"href":"https:\/\/baldumarket.lt\/lt\/wp-json\/wp\/v2\/comments?post=236106"}],"wp:featuredmedia":[{"embeddable":true,"href":"https:\/\/baldumarket.lt\/lt\/wp-json\/wp\/v2\/media\/236107"}],"wp:attachment":[{"href":"https:\/\/baldumarket.lt\/lt\/wp-json\/wp\/v2\/media?parent=236106"}],"wp:term":[{"taxonomy":"product_brand","embeddable":true,"href":"https:\/\/baldumarket.lt\/lt\/wp-json\/wp\/v2\/product_brand?post=236106"},{"taxonomy":"product_cat","embeddable":true,"href":"https:\/\/baldumarket.lt\/lt\/wp-json\/wp\/v2\/product_cat?post=236106"},{"taxonomy":"product_tag","embeddable":true,"href":"https:\/\/baldumarket.lt\/lt\/wp-json\/wp\/v2\/product_tag?post=236106"}],"curies":[{"name":"wp","href":"https:\/\/api.w.org\/{rel}","templated":true}]}}