{"id":236096,"date":"2025-12-29T22:51:39","date_gmt":"2025-12-29T19:51:39","guid":{"rendered":"https:\/\/baldumarket.lt\/product\/borg-duo-komoda-1d3s-dab-artisan-kaszmir\/"},"modified":"2026-02-11T18:34:44","modified_gmt":"2026-02-11T15:34:44","slug":"borg-duo-komoda-1d3s-dab-artisan-kaszmir","status":"publish","type":"product","link":"https:\/\/baldumarket.lt\/lt\/product\/borg-duo-komoda-1d3s-dab-artisan-kaszmir\/","title":{"rendered":"BORG DUO komoda, 1 vnt., 3 vnt., \u0105\u017euolo \/ ka\u0161myro spalvos"},"content":{"rendered":"<p>Kolekcija: Borg Duo Surinkti baldai: Ne Plotis: 110 cm Auk\u0161tis: 81,4 cm Gylis: 38,8 cm Dur\u0173 skai\u010dius: 1 Stal\u010di\u0173 skai\u010dius: 3<br \/>\nBORG DUO 1D3S komoda \u2013 Artisan Oak korpusas \/ Ka\u0161myro fasadai<br \/>\nStilinga BORG DUO 1D3S komoda \u2013 tai subalansuotas modernaus elegancijos ir funkcionalumo derinys, kur\u012f papildo jaukus med\u017eio akcentas. Meni\u0161ko \u0105\u017euolo korpusas suteikia interjerui nat\u016bralios \u0161ilumos, o ka\u0161myro fasadai \u2013 subtilumo ir lengvumo.<br \/>\n\u0160is baldas stovi ant plon\u0173 juod\u0173 kojeli\u0173, suteikdamas jam modernumo ir erdvumo poj\u016bt\u012f.<br \/>\nKomodos ypatyb\u0117s:<br \/>\nvienos durys, po kuriomis pasl\u0117pta prakti\u0161ka daiktad\u0117\u017e\u0117,<br \/>\ntrys erdv\u016bs stal\u010diai, puikiai tinkantys smulkiems aksesuarams, dokumentams ar tekstil\u0117s gaminiams.<br \/>\nKa\u0161myro spalvos fasadai puo\u0161ti subtiliais grioveliais, suteikian\u010diais tekst\u016bros ir elegancijos. Minimalistin\u0117s juodos ranken\u0117l\u0117s sukuria darn\u0173 akcent\u0105, puikiai kontrastuojant\u012f su \u0161viesiomis fasad\u0173 spalvomis ir \u0161iltu korpuso atspalviu.<br \/>\nTai funkcionalus ir stilingas pasirinkimas svetainei, miegamajam ar prie\u0161kambariui \u2013 puikiai tinka erdv\u0117ms, kuriose svarbi ir estetika, ir prakti\u0161kumas.<\/p>","protected":false},"excerpt":{"rendered":"<p>Kolekcija: Borg Duo<br \/>\nPlotis cm: 110<br \/>\n\u016agis cm: 81,4<br \/>\nGylis cm: 38,8<br \/>\nDur\u0173 skai\u010dius: 1<br \/>\nStal\u010di\u0173 skai\u010dius: 3<\/p>","protected":false},"featured_media":236097,"comment_status":"open","ping_status":"open","template":"","meta":[],"product_brand":[],"product_cat":[9326,1173,2970],"product_tag":[],"class_list":{"0":"post-236096","1":"product","2":"type-product","3":"status-publish","4":"has-post-thumbnail","6":"product_cat-furniture-collection-borg","7":"product_cat-chests-of-drawers","8":"product_cat-mebelbos","10":"first","11":"instock","12":"purchasable","13":"product-type-simple"},"_links":{"self":[{"href":"https:\/\/baldumarket.lt\/lt\/wp-json\/wp\/v2\/product\/236096","targetHints":{"allow":["GET"]}}],"collection":[{"href":"https:\/\/baldumarket.lt\/lt\/wp-json\/wp\/v2\/product"}],"about":[{"href":"https:\/\/baldumarket.lt\/lt\/wp-json\/wp\/v2\/types\/product"}],"replies":[{"embeddable":true,"href":"https:\/\/baldumarket.lt\/lt\/wp-json\/wp\/v2\/comments?post=236096"}],"wp:featuredmedia":[{"embeddable":true,"href":"https:\/\/baldumarket.lt\/lt\/wp-json\/wp\/v2\/media\/236097"}],"wp:attachment":[{"href":"https:\/\/baldumarket.lt\/lt\/wp-json\/wp\/v2\/media?parent=236096"}],"wp:term":[{"taxonomy":"product_brand","embeddable":true,"href":"https:\/\/baldumarket.lt\/lt\/wp-json\/wp\/v2\/product_brand?post=236096"},{"taxonomy":"product_cat","embeddable":true,"href":"https:\/\/baldumarket.lt\/lt\/wp-json\/wp\/v2\/product_cat?post=236096"},{"taxonomy":"product_tag","embeddable":true,"href":"https:\/\/baldumarket.lt\/lt\/wp-json\/wp\/v2\/product_tag?post=236096"}],"curies":[{"name":"wp","href":"https:\/\/api.w.org\/{rel}","templated":true}]}}