{"id":236091,"date":"2025-12-29T22:51:32","date_gmt":"2025-12-29T19:51:32","guid":{"rendered":"https:\/\/baldumarket.lt\/product\/borg-duo-komoda-1d3s-kaszmir\/"},"modified":"2026-02-11T18:34:44","modified_gmt":"2026-02-11T15:34:44","slug":"borg-duo-komoda-1d3s-kaszmir","status":"publish","type":"product","link":"https:\/\/baldumarket.lt\/lt\/product\/borg-duo-komoda-1d3s-kaszmir\/","title":{"rendered":"BORG DUO komoda, 1 vnt., 3 vnt., ka\u0161myras"},"content":{"rendered":"<p>Kolekcija: Borg Duo Surinkta: Ne Plotis: 110 Auk\u0161tis: 81,4 Gylis: 38,8 Dur\u0173 skai\u010dius: 1 Stal\u010di\u0173 skai\u010dius: 3<br \/>\nBORG DUO 1D3S komoda \u2013 ka\u0161myro spalvos<br \/>\nStilinga BORG DUO komoda derina modern\u0173 elegancij\u0105 ir funkcionalum\u0105. Ant plon\u0173 juod\u0173 kojeli\u0173 ji atrodo lengva ir moderni, suteikdama bet kokiam interjerui rafinuotumo.<br \/>\nMadingo ka\u0161myro atspalvio fasadai puo\u0161ti dekoratyviniais grioveliais, suteikian\u010diais subtilios tekst\u016bros ir charakterio. Minimalistini\u0173 ranken\u0117li\u0173 juoda spalva puikiai kontrastuoja su \u0161viesiais fasadais, sukurdama darn\u0173, dizainerio \u012fvaizd\u012f.<br \/>\nKomodos ypatyb\u0117s:<br \/>\nvienos durys, po kuriomis pasl\u0117pta prakti\u0161ka daiktad\u0117\u017e\u0117,<br \/>\ntrys erdv\u016bs stal\u010diai, puikiai tinkantys smulkiems aksesuarams, dokumentams ar tekstil\u0117s gaminiams.<br \/>\nTai puikus pasirinkimas svetainei, miegamajam ar prie\u0161kambariui \u2013 visur, kur svarbi estetika ir tvarka.<\/p>","protected":false},"excerpt":{"rendered":"<p>Kolekcija: Borg Duo<br \/>\nPlotis cm: 110<br \/>\n\u016agis cm: 81,4<br \/>\nGylis cm: 38,8<br \/>\nDur\u0173 skai\u010dius: 1<br \/>\nStal\u010di\u0173 skai\u010dius: 3<\/p>","protected":false},"featured_media":236092,"comment_status":"open","ping_status":"open","template":"","meta":[],"product_brand":[],"product_cat":[9326,1173,2970],"product_tag":[],"class_list":{"0":"post-236091","1":"product","2":"type-product","3":"status-publish","4":"has-post-thumbnail","6":"product_cat-furniture-collection-borg","7":"product_cat-chests-of-drawers","8":"product_cat-mebelbos","10":"first","11":"instock","12":"purchasable","13":"product-type-simple"},"_links":{"self":[{"href":"https:\/\/baldumarket.lt\/lt\/wp-json\/wp\/v2\/product\/236091","targetHints":{"allow":["GET"]}}],"collection":[{"href":"https:\/\/baldumarket.lt\/lt\/wp-json\/wp\/v2\/product"}],"about":[{"href":"https:\/\/baldumarket.lt\/lt\/wp-json\/wp\/v2\/types\/product"}],"replies":[{"embeddable":true,"href":"https:\/\/baldumarket.lt\/lt\/wp-json\/wp\/v2\/comments?post=236091"}],"wp:featuredmedia":[{"embeddable":true,"href":"https:\/\/baldumarket.lt\/lt\/wp-json\/wp\/v2\/media\/236092"}],"wp:attachment":[{"href":"https:\/\/baldumarket.lt\/lt\/wp-json\/wp\/v2\/media?parent=236091"}],"wp:term":[{"taxonomy":"product_brand","embeddable":true,"href":"https:\/\/baldumarket.lt\/lt\/wp-json\/wp\/v2\/product_brand?post=236091"},{"taxonomy":"product_cat","embeddable":true,"href":"https:\/\/baldumarket.lt\/lt\/wp-json\/wp\/v2\/product_cat?post=236091"},{"taxonomy":"product_tag","embeddable":true,"href":"https:\/\/baldumarket.lt\/lt\/wp-json\/wp\/v2\/product_tag?post=236091"}],"curies":[{"name":"wp","href":"https:\/\/api.w.org\/{rel}","templated":true}]}}