{"id":236086,"date":"2025-12-29T22:51:25","date_gmt":"2025-12-29T19:51:25","guid":{"rendered":"https:\/\/baldumarket.lt\/product\/borg-duo-komoda-3s-dab-artisan\/"},"modified":"2026-02-11T18:34:44","modified_gmt":"2026-02-11T15:34:44","slug":"borg-duo-komoda-3s-dab-artisan","status":"publish","type":"product","link":"https:\/\/baldumarket.lt\/lt\/product\/borg-duo-komoda-3s-dab-artisan\/","title":{"rendered":"BORG DUO komoda su 3 stal\u010diais, \u0105\u017euolo imitacija"},"content":{"rendered":"<p>Kolekcija: Borg Duo Surinkta: Ne Plotis: 70 Auk\u0161tis: 81,4 Gylis: 38,8 Stal\u010di\u0173 skai\u010dius: 3<br \/>\nBORG DUO 3S komoda, Artisan Oak<br \/>\nBORG DUO 3S komoda \u2013 Artisan Oak<br \/>\nModerni BORG DUO 3S komoda pasi\u017eymi minimalistine elegancija ir \u0161iltu, nat\u016braliu stiliumi. Ant plon\u0173 juod\u0173 kojeli\u0173 ji puikiai dera su dabartin\u0117mis interjero dizaino tendencijomis.<br \/>\n\u0160is baldas turi tris erdvius stal\u010dius, kuriuose gal\u0117site palaikyti tvark\u0105 ir susid\u0117ti visus smulkius aksesuarus bei tekstil\u0117s gaminius. \u201eArtisan Oak\u201c fasadai puo\u0161ti dekoratyviniais grioveliais, suteikian\u010diais baldui unikalaus \u017eavesio ir nat\u016bralios tekst\u016bros.<br \/>\nJuodos ranken\u0117l\u0117s eleganti\u0161kai kontrastuoja su \u0161iltu med\u017eio atspalviu, pabr\u0117\u017edamos modern\u0173 komodos charakter\u012f. Tai puikus pasirinkimas svetainei, miegamajam ar prie\u0161kambariui \u2013 visur, kur svarbus stilius ir funkcionalumas.<\/p>","protected":false},"excerpt":{"rendered":"<p>Kolekcija: Borg Duo<br \/>\nPlotis cm: 70<br \/>\n\u016agis cm: 81,4<br \/>\nGylis cm: 38,8<br \/>\nStal\u010di\u0173 skai\u010dius: 3<\/p>","protected":false},"featured_media":236087,"comment_status":"open","ping_status":"open","template":"","meta":[],"product_brand":[],"product_cat":[9326,1173,2970],"product_tag":[],"class_list":{"0":"post-236086","1":"product","2":"type-product","3":"status-publish","4":"has-post-thumbnail","6":"product_cat-furniture-collection-borg","7":"product_cat-chests-of-drawers","8":"product_cat-mebelbos","10":"first","11":"instock","12":"purchasable","13":"product-type-simple"},"_links":{"self":[{"href":"https:\/\/baldumarket.lt\/lt\/wp-json\/wp\/v2\/product\/236086","targetHints":{"allow":["GET"]}}],"collection":[{"href":"https:\/\/baldumarket.lt\/lt\/wp-json\/wp\/v2\/product"}],"about":[{"href":"https:\/\/baldumarket.lt\/lt\/wp-json\/wp\/v2\/types\/product"}],"replies":[{"embeddable":true,"href":"https:\/\/baldumarket.lt\/lt\/wp-json\/wp\/v2\/comments?post=236086"}],"wp:featuredmedia":[{"embeddable":true,"href":"https:\/\/baldumarket.lt\/lt\/wp-json\/wp\/v2\/media\/236087"}],"wp:attachment":[{"href":"https:\/\/baldumarket.lt\/lt\/wp-json\/wp\/v2\/media?parent=236086"}],"wp:term":[{"taxonomy":"product_brand","embeddable":true,"href":"https:\/\/baldumarket.lt\/lt\/wp-json\/wp\/v2\/product_brand?post=236086"},{"taxonomy":"product_cat","embeddable":true,"href":"https:\/\/baldumarket.lt\/lt\/wp-json\/wp\/v2\/product_cat?post=236086"},{"taxonomy":"product_tag","embeddable":true,"href":"https:\/\/baldumarket.lt\/lt\/wp-json\/wp\/v2\/product_tag?post=236086"}],"curies":[{"name":"wp","href":"https:\/\/api.w.org\/{rel}","templated":true}]}}