{"id":236081,"date":"2025-12-29T22:51:19","date_gmt":"2025-12-29T19:51:19","guid":{"rendered":"https:\/\/baldumarket.lt\/product\/borg-duo-komoda-3s-dab-artisan-kaszmir\/"},"modified":"2026-02-11T18:34:44","modified_gmt":"2026-02-11T15:34:44","slug":"borg-duo-komoda-3s-dab-artisan-kaszmir","status":"publish","type":"product","link":"https:\/\/baldumarket.lt\/lt\/product\/borg-duo-komoda-3s-dab-artisan-kaszmir\/","title":{"rendered":"BORG DUO komoda su 3 stal\u010diais, \u0105\u017euolo imitacija \/ ka\u0161myro imitacija"},"content":{"rendered":"<p>Kolekcija: Borg Duo Surinkta: Ne Plotis: 70 Auk\u0161tis: 81,4 Gylis: 38,8 Stal\u010di\u0173 skai\u010dius: 3<br \/>\nBORG DUO 3S komoda \u2013 Artisan Oak korpusas \/ Ka\u0161myro fasadai<br \/>\nModerni BORG DUO 3S komoda sujungia minimalistin\u012f elegancij\u0105 su nat\u016bralios medienos \u0161iluma ir subtiliu modernumo prisilietimu. Meni\u0161ko \u0105\u017euolo korpusas suteikia interjerui \u0161ilumos, o ka\u0161myro fasadai \u2013 lengvumo ir stiliaus.<br \/>\nAnt liekn\u0173 juod\u0173 kojeli\u0173 pastatytas baldas puikiai papildo dabartines dizaino tendencijas, suteikdamas kambariui vizualinio erdvumo.<br \/>\nKomoda turi tris erdvius stal\u010dius, puikiai tinkan\u010dius aksesuarams, dokumentams ar tekstil\u0117s gaminiams laikyti. Priekin\u0117s dalys puo\u0161tos dekoratyviniais grioveliais, suteikian\u010diais tekst\u016bros ir subtilaus eleganti\u0161kumo. Juodos ranken\u0117l\u0117s sukuria ry\u0161k\u0173 kontrast\u0105 su \u0161viesiais fasadais ir mediniu r\u0117mu, pabr\u0117\u017edamos modern\u0173 bald\u0173 stili\u0173. Tai universalus ir funkcionalus pasirinkimas svetainei, miegamajam ar prie\u0161kambariui \u2013 visur, kur svarbu estetika, tvarka ir nesenstantis dizainas.<\/p>","protected":false},"excerpt":{"rendered":"<p>Kolekcija: Borg Duo<br \/>\nPlotis cm: 70<br \/>\n\u016agis cm: 81,4<br \/>\nGylis cm: 38,8<br \/>\nStal\u010di\u0173 skai\u010dius: 3<\/p>","protected":false},"featured_media":236082,"comment_status":"open","ping_status":"open","template":"","meta":[],"product_brand":[],"product_cat":[9326,1173,2970],"product_tag":[],"class_list":{"0":"post-236081","1":"product","2":"type-product","3":"status-publish","4":"has-post-thumbnail","6":"product_cat-furniture-collection-borg","7":"product_cat-chests-of-drawers","8":"product_cat-mebelbos","10":"first","11":"instock","12":"purchasable","13":"product-type-simple"},"_links":{"self":[{"href":"https:\/\/baldumarket.lt\/lt\/wp-json\/wp\/v2\/product\/236081","targetHints":{"allow":["GET"]}}],"collection":[{"href":"https:\/\/baldumarket.lt\/lt\/wp-json\/wp\/v2\/product"}],"about":[{"href":"https:\/\/baldumarket.lt\/lt\/wp-json\/wp\/v2\/types\/product"}],"replies":[{"embeddable":true,"href":"https:\/\/baldumarket.lt\/lt\/wp-json\/wp\/v2\/comments?post=236081"}],"wp:featuredmedia":[{"embeddable":true,"href":"https:\/\/baldumarket.lt\/lt\/wp-json\/wp\/v2\/media\/236082"}],"wp:attachment":[{"href":"https:\/\/baldumarket.lt\/lt\/wp-json\/wp\/v2\/media?parent=236081"}],"wp:term":[{"taxonomy":"product_brand","embeddable":true,"href":"https:\/\/baldumarket.lt\/lt\/wp-json\/wp\/v2\/product_brand?post=236081"},{"taxonomy":"product_cat","embeddable":true,"href":"https:\/\/baldumarket.lt\/lt\/wp-json\/wp\/v2\/product_cat?post=236081"},{"taxonomy":"product_tag","embeddable":true,"href":"https:\/\/baldumarket.lt\/lt\/wp-json\/wp\/v2\/product_tag?post=236081"}],"curies":[{"name":"wp","href":"https:\/\/api.w.org\/{rel}","templated":true}]}}