{"id":23608,"date":"2025-11-14T15:18:31","date_gmt":"2025-11-14T12:18:31","guid":{"rendered":"https:\/\/baldumarket.lt\/product\/como\/"},"modified":"2026-03-24T16:47:43","modified_gmt":"2026-03-24T13:47:43","slug":"como","status":"publish","type":"product","link":"https:\/\/baldumarket.lt\/lt\/product\/como\/","title":{"rendered":"Komo"},"content":{"rendered":"<p>\u201eComo\u201c pufas \u2013 tai paprasta s\u0117dyn\u0117, kuri suteiks stiliaus vaiko kambariui. Aptrauktas auk\u0161tos kokyb\u0117s audiniu, galima rinktis i\u0161 penki\u0173 \u201eBalduMarket\u201c kolekcijos apmu\u0161al\u0173 spalv\u0173. Pufas u\u017epildytas EPS putomis, tod\u0117l yra mink\u0161tas ir labai patogus baldas. \u201eComo\u201c \u2013 tai itin mink\u0161ta grind\u0173 pagalv\u0117l\u0117, kuri bet kurio vaiko kambariui suteiks dekoratyvumo. \u0160is pufas puikiai tinka vis\u0173 am\u017eiaus grupi\u0173 \u017emon\u0117ms. Jo matmenys: 105 x 105 x 45 centimetrai, leid\u017eia ramiai ir patogiai atsipalaiduoti.<\/p>","protected":false},"excerpt":{"rendered":"<p>\u201eComo\u201c pufas \u2013 tai paprasta s\u0117dyn\u0117, kuri suteiks stiliaus vaiko kambariui. Aptrauktas auk\u0161tos kokyb\u0117s audiniu, galima rinktis i\u0161 penki\u0173 \u201eBalduMarket\u201c kolekcijos apmu\u0161al\u0173 spalv\u0173. Pufas u\u017epildytas EPS putomis, tod\u0117l yra mink\u0161tas ir labai patogus baldas. \u201eComo\u201c \u2013 tai itin mink\u0161ta grind\u0173 pagalv\u0117l\u0117, kuri suteikia [\u2026]<\/p>","protected":false},"featured_media":23609,"comment_status":"open","ping_status":"open","template":"","meta":[],"product_brand":[],"product_cat":[1146,2012,9168],"product_tag":[],"class_list":{"0":"post-23608","1":"product","2":"type-product","3":"status-publish","4":"has-post-thumbnail","6":"product_cat-childrens-poufs","7":"product_cat-eltap","8":"product_cat-pufy-eltap","10":"first","11":"instock","12":"purchasable","13":"product-type-variable","14":"wvs-archive-product-wrapper"},"_links":{"self":[{"href":"https:\/\/baldumarket.lt\/lt\/wp-json\/wp\/v2\/product\/23608","targetHints":{"allow":["GET"]}}],"collection":[{"href":"https:\/\/baldumarket.lt\/lt\/wp-json\/wp\/v2\/product"}],"about":[{"href":"https:\/\/baldumarket.lt\/lt\/wp-json\/wp\/v2\/types\/product"}],"replies":[{"embeddable":true,"href":"https:\/\/baldumarket.lt\/lt\/wp-json\/wp\/v2\/comments?post=23608"}],"wp:featuredmedia":[{"embeddable":true,"href":"https:\/\/baldumarket.lt\/lt\/wp-json\/wp\/v2\/media\/23609"}],"wp:attachment":[{"href":"https:\/\/baldumarket.lt\/lt\/wp-json\/wp\/v2\/media?parent=23608"}],"wp:term":[{"taxonomy":"product_brand","embeddable":true,"href":"https:\/\/baldumarket.lt\/lt\/wp-json\/wp\/v2\/product_brand?post=23608"},{"taxonomy":"product_cat","embeddable":true,"href":"https:\/\/baldumarket.lt\/lt\/wp-json\/wp\/v2\/product_cat?post=23608"},{"taxonomy":"product_tag","embeddable":true,"href":"https:\/\/baldumarket.lt\/lt\/wp-json\/wp\/v2\/product_tag?post=23608"}],"curies":[{"name":"wp","href":"https:\/\/api.w.org\/{rel}","templated":true}]}}