{"id":236069,"date":"2025-12-29T22:51:02","date_gmt":"2025-12-29T19:51:02","guid":{"rendered":"https:\/\/baldumarket.lt\/product\/borg-duo-komoda-4s-dab-artisan\/"},"modified":"2026-02-11T18:34:45","modified_gmt":"2026-02-11T15:34:45","slug":"borg-duo-komoda-4s-dab-artisan","status":"publish","type":"product","link":"https:\/\/baldumarket.lt\/lt\/product\/borg-duo-komoda-4s-dab-artisan\/","title":{"rendered":"BORG DUO komoda, 4 stal\u010diai, \u0105\u017euolo spalvos"},"content":{"rendered":"<p>Kolekcija: Borg Duo Surinkta: Ne Plotis: 70 Auk\u0161tis: 102,4 Gylis: 38,8 Stal\u010di\u0173 skai\u010dius: 4<br \/>\nBORG DUO 4S komoda \u2013 Artisan Oak<br \/>\nModerni BORG DUO 4S komoda pasi\u017eymi minimalistine elegancija ir \u0161iltu, nat\u016braliu dizainu. Ant plon\u0173 juod\u0173 kojeli\u0173 ji puikiai dera su dabartin\u0117mis interjero dizaino tendencijomis.<br \/>\nBaldas turi keturis erdvius stal\u010dius, kuriuose gal\u0117site palaikyti tvark\u0105 ir susid\u0117ti visus smulkius aksesuarus bei tekstil\u0117s gaminius. Meni\u0161ko \u0105\u017euolo fasadai puo\u0161ti dekoratyviniais grioveliais, suteikian\u010diais unikalaus \u017eavesio ir nat\u016bralios tekst\u016bros.<br \/>\nJuodos ranken\u0117l\u0117s sukuria eleganti\u0161k\u0105 kontrast\u0105 su \u0161iltu med\u017eio atspalviu, pabr\u0117\u017edamos modern\u0173 komodos charakter\u012f.<br \/>\nTai puikus pasirinkimas svetainei, miegamajam ar prie\u0161kambariui \u2013 visur, kur svarbiausia stilius ir funkcionalumas.<\/p>","protected":false},"excerpt":{"rendered":"<p>Kolekcija: Borg Duo<br \/>\nPlotis cm: 70<br \/>\n\u016agis cm: 102,4<br \/>\nGylis cm: 38,8<br \/>\nStal\u010di\u0173 skai\u010dius: 4<\/p>","protected":false},"featured_media":236070,"comment_status":"open","ping_status":"open","template":"","meta":[],"product_brand":[],"product_cat":[9326,1173,2970],"product_tag":[],"class_list":{"0":"post-236069","1":"product","2":"type-product","3":"status-publish","4":"has-post-thumbnail","6":"product_cat-furniture-collection-borg","7":"product_cat-chests-of-drawers","8":"product_cat-mebelbos","10":"first","11":"instock","12":"purchasable","13":"product-type-simple"},"_links":{"self":[{"href":"https:\/\/baldumarket.lt\/lt\/wp-json\/wp\/v2\/product\/236069","targetHints":{"allow":["GET"]}}],"collection":[{"href":"https:\/\/baldumarket.lt\/lt\/wp-json\/wp\/v2\/product"}],"about":[{"href":"https:\/\/baldumarket.lt\/lt\/wp-json\/wp\/v2\/types\/product"}],"replies":[{"embeddable":true,"href":"https:\/\/baldumarket.lt\/lt\/wp-json\/wp\/v2\/comments?post=236069"}],"wp:featuredmedia":[{"embeddable":true,"href":"https:\/\/baldumarket.lt\/lt\/wp-json\/wp\/v2\/media\/236070"}],"wp:attachment":[{"href":"https:\/\/baldumarket.lt\/lt\/wp-json\/wp\/v2\/media?parent=236069"}],"wp:term":[{"taxonomy":"product_brand","embeddable":true,"href":"https:\/\/baldumarket.lt\/lt\/wp-json\/wp\/v2\/product_brand?post=236069"},{"taxonomy":"product_cat","embeddable":true,"href":"https:\/\/baldumarket.lt\/lt\/wp-json\/wp\/v2\/product_cat?post=236069"},{"taxonomy":"product_tag","embeddable":true,"href":"https:\/\/baldumarket.lt\/lt\/wp-json\/wp\/v2\/product_tag?post=236069"}],"curies":[{"name":"wp","href":"https:\/\/api.w.org\/{rel}","templated":true}]}}