{"id":236064,"date":"2025-12-29T22:50:55","date_gmt":"2025-12-29T19:50:55","guid":{"rendered":"https:\/\/baldumarket.lt\/product\/borg-duo-komoda-4s-dab-artisan-kaszmir\/"},"modified":"2026-02-11T18:34:45","modified_gmt":"2026-02-11T15:34:45","slug":"borg-duo-komoda-4s-dab-artisan-kaszmir","status":"publish","type":"product","link":"https:\/\/baldumarket.lt\/lt\/product\/borg-duo-komoda-4s-dab-artisan-kaszmir\/","title":{"rendered":"BORG DUO 4 viet\u0173 komoda, \u0105\u017euolo imitacija \/ ka\u0161myro imitacija"},"content":{"rendered":"<p>Kolekcija: Borg Duo Surinkti baldai: Ne Plotis: 70 Auk\u0161tis: 102,4 Gylis: 38,8 Stal\u010di\u0173 skai\u010dius: 4<br \/>\nBORG DUO 4S komoda \u2013 Artisan Oak korpusas \/ Ka\u0161myro fasadai<br \/>\nModerni BORG DUO 4S komoda harmoningai derina nat\u016bral\u0173 med\u017eio \u0161ilum\u0105 su subtiliu \u0161viesi\u0173 spalv\u0173 fasad\u0173 elegancija. Meni\u0161ko \u0105\u017euolo korpusas suteikia interjerui jaukumo ir nesenstan\u010dio stiliaus, o ka\u0161myro fasadai \u2013 lengvumo ir modernumo.<br \/>\nAnt liekn\u0173 juod\u0173 kojeli\u0173 pastatytas \u0161is baldas puikiai papildo dabartines dizaino tendencijas ir suteikia bendram dizainui vizualinio lengvumo.<br \/>\nKomoda turi keturis erdvius stal\u010dius, kuriuose lengva susid\u0117ti daiktus ir \u012fvairius smulkius daiktus, aksesuarus ir tekstil\u0117s gaminius. \u0160viesios spalvos fasadai su dekoratyviniais grioveliais suteikia bendram dizainui subtilios tekst\u016bros ir elegancijos. Juodos, minimalistin\u0117s ranken\u0117l\u0117s sukuria estetin\u012f kontrast\u0105 su \u0161iltu korpusu ir ka\u0161myro fasadais, pabr\u0117\u017edamos modern\u0173 kolekcijos charakter\u012f. Tai funkcionalus ir stilingas pasirinkimas svetainei, miegamajam ar prie\u0161kambariui \u2013 visur, kur b\u016btinas subalansuotas estetikos ir prakti\u0161kumo derinys.<\/p>","protected":false},"excerpt":{"rendered":"<p>Kolekcija: Borg Duo<br \/>\nPlotis cm: 70<br \/>\n\u016agis cm: 102,4<br \/>\nGylis cm: 38,8<br \/>\nStal\u010di\u0173 skai\u010dius: 4<\/p>","protected":false},"featured_media":236065,"comment_status":"open","ping_status":"open","template":"","meta":[],"product_brand":[],"product_cat":[9326,1173,2970],"product_tag":[],"class_list":{"0":"post-236064","1":"product","2":"type-product","3":"status-publish","4":"has-post-thumbnail","6":"product_cat-furniture-collection-borg","7":"product_cat-chests-of-drawers","8":"product_cat-mebelbos","10":"first","11":"instock","12":"purchasable","13":"product-type-simple"},"_links":{"self":[{"href":"https:\/\/baldumarket.lt\/lt\/wp-json\/wp\/v2\/product\/236064","targetHints":{"allow":["GET"]}}],"collection":[{"href":"https:\/\/baldumarket.lt\/lt\/wp-json\/wp\/v2\/product"}],"about":[{"href":"https:\/\/baldumarket.lt\/lt\/wp-json\/wp\/v2\/types\/product"}],"replies":[{"embeddable":true,"href":"https:\/\/baldumarket.lt\/lt\/wp-json\/wp\/v2\/comments?post=236064"}],"wp:featuredmedia":[{"embeddable":true,"href":"https:\/\/baldumarket.lt\/lt\/wp-json\/wp\/v2\/media\/236065"}],"wp:attachment":[{"href":"https:\/\/baldumarket.lt\/lt\/wp-json\/wp\/v2\/media?parent=236064"}],"wp:term":[{"taxonomy":"product_brand","embeddable":true,"href":"https:\/\/baldumarket.lt\/lt\/wp-json\/wp\/v2\/product_brand?post=236064"},{"taxonomy":"product_cat","embeddable":true,"href":"https:\/\/baldumarket.lt\/lt\/wp-json\/wp\/v2\/product_cat?post=236064"},{"taxonomy":"product_tag","embeddable":true,"href":"https:\/\/baldumarket.lt\/lt\/wp-json\/wp\/v2\/product_tag?post=236064"}],"curies":[{"name":"wp","href":"https:\/\/api.w.org\/{rel}","templated":true}]}}