{"id":236047,"date":"2025-12-29T22:50:32","date_gmt":"2025-12-29T19:50:32","guid":{"rendered":"https:\/\/baldumarket.lt\/product\/borg-duo-szafka-nocna-1s-dab-artisan-kaszmir\/"},"modified":"2026-02-11T18:34:45","modified_gmt":"2026-02-11T15:34:45","slug":"borg-duo-szafka-nocna-1s-dab-artisan-kaszmir","status":"publish","type":"product","link":"https:\/\/baldumarket.lt\/lt\/product\/borg-duo-szafka-nocna-1s-dab-artisan-kaszmir\/","title":{"rendered":"BORG DUO naktinis staliukas, 1 vnt., \u0105\u017euolo \/ ka\u0161myro spalvos"},"content":{"rendered":"<p>Kolekcija: Borg Duo Surinkta: Ne Plotis: 40 Auk\u0161tis: 48,6 Gylis: 38,8 Stal\u010di\u0173 skai\u010dius: 1<br \/>\nBORG DUO 1S naktinis staliukas \u2013 \u0105\u017euolo spalvos korpusas \/ ka\u0161myro fasadas<br \/>\nBORG DUO 1S naktinis staliukas \u2013 tai stilingas funkcionalumo ir modernaus dizaino derinys su \u0161iltu, nat\u016braliu prisilietimu. Meni\u0161ko \u0105\u017euolo korpusas suteikia interjerui jaukumo, o ka\u0161myro fasadas \u2013 subtilumo ir elegancijos.<br \/>\nAnt liekn\u0173 juod\u0173 kojeli\u0173 pastatytas baldas atrodo lengvai ir moderniai, puikiai papildydamas \u012fvairius interjero stilius \u2013 nuo modernaus iki skandinavi\u0161ko.<br \/>\nJame yra vienas prakti\u0161kas stal\u010dius ir atvira lentyna \u2013 puikiai tinkanti knygai, stiklin\u0117ms ar \u012fkrovikliui. Ka\u0161myro fasadas papuo\u0161tas subtiliais grioveliais, suteikian\u010diais baldui unikal\u0173 charakter\u012f ir eleganti\u0161k\u0105 tekst\u016br\u0105. Juodos ranken\u0117l\u0117s pabr\u0117\u017eia modern\u0173 kolekcijos stili\u0173 ir sukuria ry\u0161k\u0173 kontrast\u0105 su \u0161viesiu fasadu ir mediniu korpusu. Tai puikus pasirinkimas kaip funkcionalus miegamojo papildymas, derinantis estetik\u0105 su prakti\u0161kumu.<\/p>","protected":false},"excerpt":{"rendered":"<p>Kolekcija: Borg Duo<br \/>\nPlotis cm: 40<br \/>\n\u016agis cm: 48,6<br \/>\nGylis cm: 38,8<br \/>\nStal\u010di\u0173 skai\u010dius: 1<\/p>","protected":false},"featured_media":236048,"comment_status":"open","ping_status":"open","template":"","meta":[],"product_brand":[],"product_cat":[9326,1176,2970],"product_tag":[],"class_list":{"0":"post-236047","1":"product","2":"type-product","3":"status-publish","4":"has-post-thumbnail","6":"product_cat-furniture-collection-borg","7":"product_cat-bedside-tables","8":"product_cat-mebelbos","10":"first","11":"instock","12":"purchasable","13":"product-type-simple"},"_links":{"self":[{"href":"https:\/\/baldumarket.lt\/lt\/wp-json\/wp\/v2\/product\/236047","targetHints":{"allow":["GET"]}}],"collection":[{"href":"https:\/\/baldumarket.lt\/lt\/wp-json\/wp\/v2\/product"}],"about":[{"href":"https:\/\/baldumarket.lt\/lt\/wp-json\/wp\/v2\/types\/product"}],"replies":[{"embeddable":true,"href":"https:\/\/baldumarket.lt\/lt\/wp-json\/wp\/v2\/comments?post=236047"}],"wp:featuredmedia":[{"embeddable":true,"href":"https:\/\/baldumarket.lt\/lt\/wp-json\/wp\/v2\/media\/236048"}],"wp:attachment":[{"href":"https:\/\/baldumarket.lt\/lt\/wp-json\/wp\/v2\/media?parent=236047"}],"wp:term":[{"taxonomy":"product_brand","embeddable":true,"href":"https:\/\/baldumarket.lt\/lt\/wp-json\/wp\/v2\/product_brand?post=236047"},{"taxonomy":"product_cat","embeddable":true,"href":"https:\/\/baldumarket.lt\/lt\/wp-json\/wp\/v2\/product_cat?post=236047"},{"taxonomy":"product_tag","embeddable":true,"href":"https:\/\/baldumarket.lt\/lt\/wp-json\/wp\/v2\/product_tag?post=236047"}],"curies":[{"name":"wp","href":"https:\/\/api.w.org\/{rel}","templated":true}]}}