{"id":236034,"date":"2025-12-29T22:50:15","date_gmt":"2025-12-29T19:50:15","guid":{"rendered":"https:\/\/baldumarket.lt\/product\/borg-duo-szafka-rtv-2d1s-dab-artisan-kaszmir\/"},"modified":"2026-02-11T18:34:45","modified_gmt":"2026-02-11T15:34:45","slug":"borg-duo-szafka-rtv-2d1s-dab-artisan-kaszmir","status":"publish","type":"product","link":"https:\/\/baldumarket.lt\/lt\/product\/borg-duo-szafka-rtv-2d1s-dab-artisan-kaszmir\/","title":{"rendered":"BORG DUO TV spintel\u0117, 2 vnt., 1 vnt., \u0105\u017euolo spalvos, ka\u0161myro spalvos"},"content":{"rendered":"<p>Kolekcija: Borg Duo Surinktas blokas: Ne Plotis: 140 Auk\u0161tis: 55 Gylis: 38,8 Dureli\u0173 skai\u010dius: 2 Stal\u010di\u0173 skai\u010dius: 1<br \/>\nBORG DUO 2D1S TV spintel\u0117 \u2013 Artisan \u0105\u017euolo korpusas \/ ka\u0161myro fasadai<br \/>\nModernus ir eleganti\u0161kas BORG DUO televizoriaus spintel\u0117 \u2013 tai stilingas \u0161ilto meni\u0161ko \u0105\u017euolo korpuso ir subtilaus ka\u0161myro fasado derinys. \u0160i\u0173 dviej\u0173 atspalvi\u0173 kontrastas suteikia interjerui harmonijos, jaukumo ir rafinuoto dizaino.<br \/>\nSpintel\u0117 stovi ant plon\u0173, juod\u0173 kojeli\u0173, kurios suteikia visam baldui lengvumo poj\u016bt\u012f ir pabr\u0117\u017eia modern\u0173 spintel\u0117s charakter\u012f.<br \/>\nSpintel\u0117 apr\u016bpinta:<br \/>\ndvi u\u017erakinamos durys, kurios efektyviai paslepia laidus ir \u012frang\u0105,<br \/>\nvienas stal\u010dius smulkiems daiktams ar multimedijos priedams,<br \/>\natvira ni\u0161a su laid\u0173 tvarkymo anga \u2013 puikiai tinka pried\u0117liui, konsolei ar grotuvui.<br \/>\nKa\u0161myro spalvos fasadai puo\u0161ti subtiliais, vertikaliais grioveliais, suteikian\u010diais baldui subtilios elegancijos. Minimalistin\u0117s juodos ranken\u0117l\u0117s puikiai papildo dizain\u0105, pabr\u0117\u017edamos \u0161iuolaikin\u012f kolekcijos stili\u0173.<br \/>\nTai prakti\u0161kas ir ry\u0161kus svetain\u0117s sprendimas \u2013 jis puikiai atrodys tiek moderniame, tiek klasikiniame interjere.<\/p>","protected":false},"excerpt":{"rendered":"<p>Kolekcija: Borg Duo<br \/>\nPlotis cm: 140<br \/>\nAuk\u0161tis cm: 55<br \/>\nGylis cm: 38,8<br \/>\nDur\u0173 skai\u010dius: 2<br \/>\nStal\u010di\u0173 skai\u010dius: 1<\/p>","protected":false},"featured_media":236035,"comment_status":"open","ping_status":"open","template":"","meta":[],"product_brand":[],"product_cat":[9326,2970,1175],"product_tag":[],"class_list":{"0":"post-236034","1":"product","2":"type-product","3":"status-publish","4":"has-post-thumbnail","6":"product_cat-furniture-collection-borg","7":"product_cat-mebelbos","8":"product_cat-tv-stands","10":"first","11":"instock","12":"purchasable","13":"product-type-simple"},"_links":{"self":[{"href":"https:\/\/baldumarket.lt\/lt\/wp-json\/wp\/v2\/product\/236034","targetHints":{"allow":["GET"]}}],"collection":[{"href":"https:\/\/baldumarket.lt\/lt\/wp-json\/wp\/v2\/product"}],"about":[{"href":"https:\/\/baldumarket.lt\/lt\/wp-json\/wp\/v2\/types\/product"}],"replies":[{"embeddable":true,"href":"https:\/\/baldumarket.lt\/lt\/wp-json\/wp\/v2\/comments?post=236034"}],"wp:featuredmedia":[{"embeddable":true,"href":"https:\/\/baldumarket.lt\/lt\/wp-json\/wp\/v2\/media\/236035"}],"wp:attachment":[{"href":"https:\/\/baldumarket.lt\/lt\/wp-json\/wp\/v2\/media?parent=236034"}],"wp:term":[{"taxonomy":"product_brand","embeddable":true,"href":"https:\/\/baldumarket.lt\/lt\/wp-json\/wp\/v2\/product_brand?post=236034"},{"taxonomy":"product_cat","embeddable":true,"href":"https:\/\/baldumarket.lt\/lt\/wp-json\/wp\/v2\/product_cat?post=236034"},{"taxonomy":"product_tag","embeddable":true,"href":"https:\/\/baldumarket.lt\/lt\/wp-json\/wp\/v2\/product_tag?post=236034"}],"curies":[{"name":"wp","href":"https:\/\/api.w.org\/{rel}","templated":true}]}}