{"id":236030,"date":"2025-12-29T22:50:10","date_gmt":"2025-12-29T19:50:10","guid":{"rendered":"https:\/\/baldumarket.lt\/product\/borg-duo-szafka-rtv-2d1s-kaszmir\/"},"modified":"2026-02-11T18:34:45","modified_gmt":"2026-02-11T15:34:45","slug":"borg-duo-szafka-rtv-2d1s-kaszmir","status":"publish","type":"product","link":"https:\/\/baldumarket.lt\/lt\/product\/borg-duo-szafka-rtv-2d1s-kaszmir\/","title":{"rendered":"BORG DUO TV spintel\u0117, 2 vnt., ka\u0161myro spalvos, 1 vnt"},"content":{"rendered":"<p>Kolekcija: Borg Duo Surinkta: Ne Plotis: 140 Auk\u0161tis: 55 Gylis: 38,8 Dur\u0173 skai\u010dius: 2 Stal\u010di\u0173 skai\u010dius: 1 BORG DUO 2D1S TV spintel\u0117 \u2013 Ka\u0161myro spalvos<br \/>\nModernus ir eleganti\u0161kas BORG DUO televizoriaus staliukas, pasi\u016btas i\u0161 madingo ka\u0161myro atspalvio, yra tobulas stiliaus ir funkcionalumo derinys. Spintel\u0117 stovi ant plon\u0173, juod\u0173 kojeli\u0173, suteikian\u010di\u0173 interjerui lengvumo ir modernumo poj\u016bt\u012f.<br \/>\nSpintel\u0117 apr\u016bpinta:<br \/>\ndvi u\u017erakinamos durys, kurios efektyviai paslepia laidus ir \u012frang\u0105,<br \/>\nvienas stal\u010dius smulkiems daiktams ar multimedijos priedams,<br \/>\natvira ni\u0161a su kabelio i\u0161vadu, puikiai tinkanti dekoderiui, konsolei ar grotuvui.<br \/>\nSubtilus vertikalus fasad\u0173 frezavimas suteikia baldams unikalaus \u017eavesio, o minimalistin\u0117s juodos ranken\u0117l\u0117s pabr\u0117\u017eia modern\u0173 dizain\u0105. Tai prakti\u0161kas ir stilingas svetain\u0117s sprendimas, kuris puikiai der\u0117s tiek prie modernaus, tiek prie klasikinio interjero.<\/p>","protected":false},"excerpt":{"rendered":"<p>Kolekcija: Borg Duo<br \/>\nPlotis cm: 140<br \/>\nAuk\u0161tis cm: 55<br \/>\nGylis cm: 38,8<br \/>\nDur\u0173 skai\u010dius: 2<br \/>\nStal\u010di\u0173 skai\u010dius: 1<\/p>","protected":false},"featured_media":236031,"comment_status":"open","ping_status":"open","template":"","meta":[],"product_brand":[],"product_cat":[9326,2970,1175],"product_tag":[],"class_list":{"0":"post-236030","1":"product","2":"type-product","3":"status-publish","4":"has-post-thumbnail","6":"product_cat-furniture-collection-borg","7":"product_cat-mebelbos","8":"product_cat-tv-stands","10":"first","11":"instock","12":"purchasable","13":"product-type-simple"},"_links":{"self":[{"href":"https:\/\/baldumarket.lt\/lt\/wp-json\/wp\/v2\/product\/236030","targetHints":{"allow":["GET"]}}],"collection":[{"href":"https:\/\/baldumarket.lt\/lt\/wp-json\/wp\/v2\/product"}],"about":[{"href":"https:\/\/baldumarket.lt\/lt\/wp-json\/wp\/v2\/types\/product"}],"replies":[{"embeddable":true,"href":"https:\/\/baldumarket.lt\/lt\/wp-json\/wp\/v2\/comments?post=236030"}],"wp:featuredmedia":[{"embeddable":true,"href":"https:\/\/baldumarket.lt\/lt\/wp-json\/wp\/v2\/media\/236031"}],"wp:attachment":[{"href":"https:\/\/baldumarket.lt\/lt\/wp-json\/wp\/v2\/media?parent=236030"}],"wp:term":[{"taxonomy":"product_brand","embeddable":true,"href":"https:\/\/baldumarket.lt\/lt\/wp-json\/wp\/v2\/product_brand?post=236030"},{"taxonomy":"product_cat","embeddable":true,"href":"https:\/\/baldumarket.lt\/lt\/wp-json\/wp\/v2\/product_cat?post=236030"},{"taxonomy":"product_tag","embeddable":true,"href":"https:\/\/baldumarket.lt\/lt\/wp-json\/wp\/v2\/product_tag?post=236030"}],"curies":[{"name":"wp","href":"https:\/\/api.w.org\/{rel}","templated":true}]}}