{"id":236023,"date":"2025-12-29T22:50:00","date_gmt":"2025-12-29T19:50:00","guid":{"rendered":"https:\/\/baldumarket.lt\/product\/borg-komoda-1d3s-biala\/"},"modified":"2026-02-11T18:34:45","modified_gmt":"2026-02-11T15:34:45","slug":"borg-komoda-1d3s-biala","status":"publish","type":"product","link":"https:\/\/baldumarket.lt\/lt\/product\/borg-komoda-1d3s-biala\/","title":{"rendered":"BORG balta komoda 1D3S"},"content":{"rendered":"<p>Ie\u0161kote baldo, kuris derint\u0173 funkcionalum\u0105, estetik\u0105 ir nesenstant\u012f dizain\u0105? BORG 1d3s komoda \u2013 puikus pasirinkimas Jums!<br \/>\n\u0160i komoda su durel\u0117mis ir trimis stal\u010diais \u017eavi savo paprastumu ir elegancija, tuo pa\u010diu suteikdama daug vietos daiktams susid\u0117ti. Auk\u0161tos juodos kojel\u0117s, skirtos robotui dulki\u0173 siurbliui, ne tik pagerina dizain\u0105, bet ir suteikia charakterio.<br \/>\nPaprasta forma ir eleganti\u0161ka apdaila paver\u010dia BORG komod\u0105 universaliu beveik bet kurio kambario aksesuaru. Ji puikiai tinka svetainei, valgomajam, miegamajam, jaunimo kambariui, prie\u0161kambariui, nam\u0173 biurui ir net vonios kambariui.<br \/>\nBORG 1d3s komodos savyb\u0117s:<br \/>\n\u00b7 Patvari konstrukcija: Komoda pagaminta i\u0161 auk\u0161tos kokyb\u0117s laminuotos plok\u0161t\u0117s, u\u017etikrinan\u010dios jos ilgaam\u017ei\u0161kum\u0105 ir atsparum\u0105 pa\u017eeidimams.<br \/>\n\u00b7 Erdv\u016bs stal\u010diai: Trys komodos stal\u010diai yra erdv\u016bs ir lengvai atidaromi. Jie puikiai tinka drabu\u017eiams, apatiniams, rank\u0161luos\u010diams ar kitiems daiktams laikyti. \u00b7 Universalus dizainas: BORG 1d3s komoda taip pat galima \u012fsigyti kit\u0173 spalv\u0173: ka\u0161myro ir dirbtinio \u0105\u017euolo. Tod\u0117l ji puikiai tinka bet kokiam interjerui, nepriklausomai nuo jo stiliaus.<br \/>\n\u00b7 Lengvas surinkimas: BORG 1d3s komod\u0105 lengva surinkti ir i\u0161ardyti.<br \/>\nBORG kolekcijoje taip pat yra naktiniai staliukai ir komodos su 3, 4 arba 5 stal\u010diais.<br \/>\nPASTABA* BORG 1D3S KOMODA YRA UNIVERSALI, T. YRA I\u0160KEI\u010cIA, KAD DURELES GALITE MONTUOTI IR KAIR\u0116JE, IR DE\u0160IN\u0116JE PUS\u0116SE.<br \/>\n\u201eBorg\u201c kolekcij\u0105 galima papildyti \u012fvairi\u0173 dyd\u017ei\u0173 \u201eJazz\u201c kolekcijos lova ir \u201eKami\u201c kolekcijos spinta.<\/p>","protected":false},"excerpt":{"rendered":"<p>Kolekcija: BORG<br \/>\nSpalva: balta<br \/>\nPriekin\u0117 med\u017eiaga: laminuota plok\u0161t\u0117<br \/>\n\u016agis cm: 78,4<br \/>\nPlotis cm: 110<br \/>\nGylis cm: 38,8<br \/>\nDur\u0173 skai\u010dius: 1<\/p>","protected":false},"featured_media":236024,"comment_status":"open","ping_status":"open","template":"","meta":[],"product_brand":[],"product_cat":[9326,1173,2970],"product_tag":[],"class_list":{"0":"post-236023","1":"product","2":"type-product","3":"status-publish","4":"has-post-thumbnail","6":"product_cat-furniture-collection-borg","7":"product_cat-chests-of-drawers","8":"product_cat-mebelbos","10":"first","11":"instock","12":"purchasable","13":"product-type-simple"},"_links":{"self":[{"href":"https:\/\/baldumarket.lt\/lt\/wp-json\/wp\/v2\/product\/236023","targetHints":{"allow":["GET"]}}],"collection":[{"href":"https:\/\/baldumarket.lt\/lt\/wp-json\/wp\/v2\/product"}],"about":[{"href":"https:\/\/baldumarket.lt\/lt\/wp-json\/wp\/v2\/types\/product"}],"replies":[{"embeddable":true,"href":"https:\/\/baldumarket.lt\/lt\/wp-json\/wp\/v2\/comments?post=236023"}],"wp:featuredmedia":[{"embeddable":true,"href":"https:\/\/baldumarket.lt\/lt\/wp-json\/wp\/v2\/media\/236024"}],"wp:attachment":[{"href":"https:\/\/baldumarket.lt\/lt\/wp-json\/wp\/v2\/media?parent=236023"}],"wp:term":[{"taxonomy":"product_brand","embeddable":true,"href":"https:\/\/baldumarket.lt\/lt\/wp-json\/wp\/v2\/product_brand?post=236023"},{"taxonomy":"product_cat","embeddable":true,"href":"https:\/\/baldumarket.lt\/lt\/wp-json\/wp\/v2\/product_cat?post=236023"},{"taxonomy":"product_tag","embeddable":true,"href":"https:\/\/baldumarket.lt\/lt\/wp-json\/wp\/v2\/product_tag?post=236023"}],"curies":[{"name":"wp","href":"https:\/\/api.w.org\/{rel}","templated":true}]}}