{"id":236010,"date":"2025-12-29T22:49:40","date_gmt":"2025-12-29T19:49:40","guid":{"rendered":"https:\/\/baldumarket.lt\/product\/borg-komoda-1d3s-kaszmir\/"},"modified":"2026-02-11T18:34:45","modified_gmt":"2026-02-11T15:34:45","slug":"borg-komoda-1d3s-kaszmir","status":"publish","type":"product","link":"https:\/\/baldumarket.lt\/lt\/product\/borg-komoda-1d3s-kaszmir\/","title":{"rendered":"BORG komoda, 1 vnt., 3 vnt., ka\u0161myras"},"content":{"rendered":"<p>Kolekcija: BORG Surinkti baldai: Ne Plotis: 110 Auk\u0161tis: 78,4 Gylis: 38,8 Dur\u0173 skai\u010dius: 1 Stal\u010di\u0173 skai\u010dius: 3 BORG ka\u0161myro komoda su vienomis durimis<br \/>\nIe\u0161kote bald\u0173, kurie derint\u0173 funkcionalum\u0105, estetik\u0105 ir nesenstant\u012f dizain\u0105? BORG 1d3s komoda \u2013 puikus pasirinkimas!<br \/>\n\u0160i komoda su durel\u0117mis ir trimis stal\u010diais \u017eavi savo paprastumu ir elegancija, tuo pa\u010diu suteikdama daug vietos daiktams susid\u0117ti. Auk\u0161tos juodos kojel\u0117s, skirtos robotui dulki\u0173 siurbliui, ne tik pagerina dizain\u0105, bet ir suteikia charakterio.<br \/>\nPaprasta forma ir eleganti\u0161ka apdaila paver\u010dia BORG komod\u0105 universaliu beveik bet kurio kambario aksesuaru. Ji puikiai tinka svetainei, valgomajam, miegamajam, jaunimo kambariui, prie\u0161kambariui, nam\u0173 biurui ir net vonios kambariui. BORG 1d3s komodos savyb\u0117s:<br \/>\n\u00b7 Patvari konstrukcija: Komoda pagaminta i\u0161 auk\u0161tos kokyb\u0117s laminuotos plok\u0161t\u0117s, u\u017etikrinan\u010dios jos ilgaam\u017ei\u0161kum\u0105 ir atsparum\u0105 pa\u017eeidimams.<br \/>\n\u00b7 Erdv\u016bs stal\u010diai: Komodos trys stal\u010diai yra erdv\u016bs ir lengvai atidaromi. Jie puikiai tinka drabu\u017eiams, apatiniams drabu\u017eiams, rank\u0161luos\u010diams ar kitiems daiktams laikyti.<br \/>\n\u00b7 Universalus dizainas: BORG 1d3s komoda yra trij\u0173 spalv\u0173: baltos, ka\u0161myro ir dirbtinio \u0105\u017euolo. Tod\u0117l ji puikiai tinka bet kokiam interjerui, nepriklausomai nuo jo stiliaus.<br \/>\n\u00b7 Lengvas surinkimas: BORG 1d3s komod\u0105 lengva surinkti ir i\u0161ardyti.<br \/>\n\u201eBORG\u201c kolekcijoje taip pat yra naktinis staliukas ir komodos su 3, 4 arba 5 stal\u010diais. PASTABA* \u201eBORG 1D3S\u201c KOMODA YRA UNIVERSALI, TAI REI\u0160KIA, KAD DURELES GALITE MONTUOTI IR KAIR\u0116JE, IR DE\u0160IN\u0116JE PUS\u0116SE.<\/p>","protected":false},"excerpt":{"rendered":"<p>Kolekcija: BORG<br \/>\nPlotis cm: 110<br \/>\n\u016agis cm: 78,4<br \/>\nGylis cm: 38,8<br \/>\nDur\u0173 skai\u010dius: 1<br \/>\nStal\u010di\u0173 skai\u010dius: 3<\/p>","protected":false},"featured_media":236011,"comment_status":"open","ping_status":"open","template":"","meta":[],"product_brand":[],"product_cat":[9326,1173,2970],"product_tag":[],"class_list":{"0":"post-236010","1":"product","2":"type-product","3":"status-publish","4":"has-post-thumbnail","6":"product_cat-furniture-collection-borg","7":"product_cat-chests-of-drawers","8":"product_cat-mebelbos","10":"first","11":"instock","12":"purchasable","13":"product-type-simple"},"_links":{"self":[{"href":"https:\/\/baldumarket.lt\/lt\/wp-json\/wp\/v2\/product\/236010","targetHints":{"allow":["GET"]}}],"collection":[{"href":"https:\/\/baldumarket.lt\/lt\/wp-json\/wp\/v2\/product"}],"about":[{"href":"https:\/\/baldumarket.lt\/lt\/wp-json\/wp\/v2\/types\/product"}],"replies":[{"embeddable":true,"href":"https:\/\/baldumarket.lt\/lt\/wp-json\/wp\/v2\/comments?post=236010"}],"wp:featuredmedia":[{"embeddable":true,"href":"https:\/\/baldumarket.lt\/lt\/wp-json\/wp\/v2\/media\/236011"}],"wp:attachment":[{"href":"https:\/\/baldumarket.lt\/lt\/wp-json\/wp\/v2\/media?parent=236010"}],"wp:term":[{"taxonomy":"product_brand","embeddable":true,"href":"https:\/\/baldumarket.lt\/lt\/wp-json\/wp\/v2\/product_brand?post=236010"},{"taxonomy":"product_cat","embeddable":true,"href":"https:\/\/baldumarket.lt\/lt\/wp-json\/wp\/v2\/product_cat?post=236010"},{"taxonomy":"product_tag","embeddable":true,"href":"https:\/\/baldumarket.lt\/lt\/wp-json\/wp\/v2\/product_tag?post=236010"}],"curies":[{"name":"wp","href":"https:\/\/api.w.org\/{rel}","templated":true}]}}