{"id":235973,"date":"2025-12-29T22:48:46","date_gmt":"2025-12-29T19:48:46","guid":{"rendered":"https:\/\/baldumarket.lt\/product\/borg-komoda-4s-70-kaszmir\/"},"modified":"2026-02-11T18:34:46","modified_gmt":"2026-02-11T15:34:46","slug":"borg-komoda-4s-70-kaszmir","status":"publish","type":"product","link":"https:\/\/baldumarket.lt\/lt\/product\/borg-komoda-4s-70-kaszmir\/","title":{"rendered":"BORG komoda 4 stal\u010diai\/70 ka\u0161myro"},"content":{"rendered":"<p>Kolekcija: BORG Surinkta: Ne Plotis: 70 Auk\u0161tis: 99,4 Gylis: 38,8 Stal\u010di\u0173 skai\u010dius: 4<br \/>\nBORG 70 komoda, ka\u0161myro spalvos<br \/>\nBORG 70 komoda, \u201eArtisan Oak\u201c Ie\u0161kote bald\u0173, kurie derint\u0173 funkcionalum\u0105, estetik\u0105 ir nesenstant\u012f dizain\u0105? BORG 4s komoda \u2013 puikus pasirinkimas jums! \u0160i keturi\u0173 stal\u010di\u0173 komoda \u017eavi savo paprastumu ir elegancija, tuo pa\u010diu suteikdama daug vietos daiktams susid\u0117ti. Auk\u0161tos juodos kojel\u0117s, skirtos robotiniam dulki\u0173 siurbliui, ne tik pagerina dizain\u0105, bet ir suteikia charakterio. Paprasta forma ir eleganti\u0161ka apdaila paver\u010dia BORG komod\u0105 universaliu beveik bet kurio kambario aksesuaru. Ji puikiai tinka svetainei, valgomajam, miegamajam, jaunimo kambariui, prie\u0161kambariui, nam\u0173 biurui ir net vonios kambariui. BORG 4s komodos savyb\u0117s:<br \/>\nPatvari konstrukcija: Komoda pagaminta i\u0161 auk\u0161tos kokyb\u0117s laminuotos plok\u0161t\u0117s, u\u017etikrinan\u010dios jos patvarum\u0105 ir atsparum\u0105 pa\u017eeidimams.<br \/>\nErdv\u016bs stal\u010diai: Keturi komodos stal\u010diai yra erdv\u016bs ir lengvai atidaromi. Jie puikiai tinka drabu\u017eiams, apatiniams drabu\u017eiams, rank\u0161luos\u010diams ar kitiems daiktams laikyti. Universalus dizainas: BORG 4s komoda yra trij\u0173 spalv\u0173: baltos, ka\u0161myro ir dirbtinio \u0105\u017euolo. Tod\u0117l ji puikiai tinka bet kokiam interjerui, nepriklausomai nuo jo stiliaus.<br \/>\nLengvas surinkimas: BORG 4s komod\u0105 lengva surinkti ir i\u0161ardyti.<br \/>\nBORG kolekcijoje taip pat yra naktinis staliukas, komoda su durel\u0117mis ir stal\u010diais bei spintel\u0117s su 3 arba 5 stal\u010diais.<br \/>\n\u201eBorg\u201c kolekcij\u0105 galima papildyti \u012fvairi\u0173 dyd\u017ei\u0173 \u201eJazz\u201c kolekcijos lova ir \u201eKami\u201c kolekcijos spinta.<\/p>","protected":false},"excerpt":{"rendered":"<p>Kolekcija: BORG<br \/>\nPlotis cm: 70<br \/>\n\u016agis cm: 99,4<br \/>\nGylis cm: 38,8<br \/>\nStal\u010di\u0173 skai\u010dius: 4<\/p>","protected":false},"featured_media":235974,"comment_status":"open","ping_status":"open","template":"","meta":[],"product_brand":[],"product_cat":[9326,1173,2970],"product_tag":[],"class_list":{"0":"post-235973","1":"product","2":"type-product","3":"status-publish","4":"has-post-thumbnail","6":"product_cat-furniture-collection-borg","7":"product_cat-chests-of-drawers","8":"product_cat-mebelbos","10":"first","11":"instock","12":"purchasable","13":"product-type-simple"},"_links":{"self":[{"href":"https:\/\/baldumarket.lt\/lt\/wp-json\/wp\/v2\/product\/235973","targetHints":{"allow":["GET"]}}],"collection":[{"href":"https:\/\/baldumarket.lt\/lt\/wp-json\/wp\/v2\/product"}],"about":[{"href":"https:\/\/baldumarket.lt\/lt\/wp-json\/wp\/v2\/types\/product"}],"replies":[{"embeddable":true,"href":"https:\/\/baldumarket.lt\/lt\/wp-json\/wp\/v2\/comments?post=235973"}],"wp:featuredmedia":[{"embeddable":true,"href":"https:\/\/baldumarket.lt\/lt\/wp-json\/wp\/v2\/media\/235974"}],"wp:attachment":[{"href":"https:\/\/baldumarket.lt\/lt\/wp-json\/wp\/v2\/media?parent=235973"}],"wp:term":[{"taxonomy":"product_brand","embeddable":true,"href":"https:\/\/baldumarket.lt\/lt\/wp-json\/wp\/v2\/product_brand?post=235973"},{"taxonomy":"product_cat","embeddable":true,"href":"https:\/\/baldumarket.lt\/lt\/wp-json\/wp\/v2\/product_cat?post=235973"},{"taxonomy":"product_tag","embeddable":true,"href":"https:\/\/baldumarket.lt\/lt\/wp-json\/wp\/v2\/product_tag?post=235973"}],"curies":[{"name":"wp","href":"https:\/\/api.w.org\/{rel}","templated":true}]}}