{"id":235947,"date":"2025-12-29T22:48:10","date_gmt":"2025-12-29T19:48:10","guid":{"rendered":"https:\/\/baldumarket.lt\/product\/borg-szafka-nocna-1s-bialy\/"},"modified":"2026-02-11T18:34:46","modified_gmt":"2026-02-11T15:34:46","slug":"borg-szafka-nocna-1s-bialy","status":"publish","type":"product","link":"https:\/\/baldumarket.lt\/lt\/product\/borg-szafka-nocna-1s-bialy\/","title":{"rendered":"BORG naktinis staliukas, 1 vnt., baltas"},"content":{"rendered":"<p>Auk\u0161tis cm: 40, Plotis cm: 45,6, Gylis cm: 38,8, Stal\u010di\u0173 skai\u010dius: 1, Surenkama savaime: Taip<br \/>\nBaltas BORG naktinis staliukas su stal\u010diumi ir lentyna yra funkcionalus ir stilingas bet kurio miegamojo aksesuaras. D\u0117l kompakti\u0161ko dizaino ir prakti\u0161k\u0173 savybi\u0173 tai puiki vieta laikyti visus b\u016btiniausius naktinio staliuko reikmenis.<br \/>\n\u012erengtas stal\u010dius suteikia diskreti\u0161k\u0105 viet\u0105 smulkiems daiktams, pavyzd\u017eiui, \u012fkrovikliams, akiniams ar papuo\u0161alams. Papildoma lentyna po stalvir\u0161iu suteikia vietos knygoms, \u017eurnalams ar kitiems priedams, kuriuos norite laikyti po ranka. Tai puikus sprendimas tiems, kurie vertina tvark\u0105 ir organizuotum\u0105.<br \/>\nBORG naktinis staliukas, pasi\u017eymintis baltos ir dirbtinio \u0105\u017euolo spalvomis, der\u0117s prie \u012fvairi\u0173 interjero stili\u0173. Minimalistin\u0117 forma ir tvirta konstrukcija u\u017etikrina patvarum\u0105 ir estetin\u012f patrauklum\u0105, tod\u0117l tai universalus pasirinkimas bet kuriam miegamajam. BORG naktin\u012f staliuk\u0105 su stal\u010diumi ir lentyna papildykite savo interjer\u0105, kad suderintum\u0117te funkcionalum\u0105 su eleganti\u0161ku dizainu.<br \/>\n\u201eBorg\u201c kolekcij\u0105 galima papildyti \u012fvairi\u0173 dyd\u017ei\u0173 \u201eJazz\u201c kolekcijos lova ir \u201eKami\u201c kolekcijos spinta.<\/p>","protected":false},"excerpt":{"rendered":"<p>Auk\u0161tis cm: 40<br \/>\nPlotis cm: 45,6<br \/>\nGylis cm: 38,8<br \/>\nStal\u010di\u0173 skai\u010dius: 1<\/p>","protected":false},"featured_media":235948,"comment_status":"open","ping_status":"open","template":"","meta":[],"product_brand":[],"product_cat":[9326,1176,2970],"product_tag":[],"class_list":{"0":"post-235947","1":"product","2":"type-product","3":"status-publish","4":"has-post-thumbnail","6":"product_cat-furniture-collection-borg","7":"product_cat-bedside-tables","8":"product_cat-mebelbos","10":"first","11":"instock","12":"purchasable","13":"product-type-simple"},"_links":{"self":[{"href":"https:\/\/baldumarket.lt\/lt\/wp-json\/wp\/v2\/product\/235947","targetHints":{"allow":["GET"]}}],"collection":[{"href":"https:\/\/baldumarket.lt\/lt\/wp-json\/wp\/v2\/product"}],"about":[{"href":"https:\/\/baldumarket.lt\/lt\/wp-json\/wp\/v2\/types\/product"}],"replies":[{"embeddable":true,"href":"https:\/\/baldumarket.lt\/lt\/wp-json\/wp\/v2\/comments?post=235947"}],"wp:featuredmedia":[{"embeddable":true,"href":"https:\/\/baldumarket.lt\/lt\/wp-json\/wp\/v2\/media\/235948"}],"wp:attachment":[{"href":"https:\/\/baldumarket.lt\/lt\/wp-json\/wp\/v2\/media?parent=235947"}],"wp:term":[{"taxonomy":"product_brand","embeddable":true,"href":"https:\/\/baldumarket.lt\/lt\/wp-json\/wp\/v2\/product_brand?post=235947"},{"taxonomy":"product_cat","embeddable":true,"href":"https:\/\/baldumarket.lt\/lt\/wp-json\/wp\/v2\/product_cat?post=235947"},{"taxonomy":"product_tag","embeddable":true,"href":"https:\/\/baldumarket.lt\/lt\/wp-json\/wp\/v2\/product_tag?post=235947"}],"curies":[{"name":"wp","href":"https:\/\/api.w.org\/{rel}","templated":true}]}}