{"id":235940,"date":"2025-12-29T22:48:01","date_gmt":"2025-12-29T19:48:01","guid":{"rendered":"https:\/\/baldumarket.lt\/product\/borg-szafka-nocna-1s-dab-artisan\/"},"modified":"2026-02-11T18:34:46","modified_gmt":"2026-02-11T15:34:46","slug":"borg-szafka-nocna-1s-dab-artisan","status":"publish","type":"product","link":"https:\/\/baldumarket.lt\/lt\/product\/borg-szafka-nocna-1s-dab-artisan\/","title":{"rendered":"BORG naktinis staliukas, 1 vnt., \u0105\u017euolo spalvos"},"content":{"rendered":"<p>Kolekcija: BORG Surinkimas: Taip Plotis: 45,6 Auk\u0161tis: 40 Gylis: 38,8 Stal\u010di\u0173 skai\u010dius: 1 BORG Artisan \u0105\u017euolin\u0117 naktinis staliukas su stal\u010diumi<br \/>\nBORG Artisan \u0105\u017euolinis naktinis staliukas su stal\u010diumi ir lentyna yra funkcionalus ir stilingas bet kurio miegamojo aksesuaras. D\u0117l kompakti\u0161ko dizaino ir prakti\u0161k\u0173 savybi\u0173 tai puiki vieta laikyti visus b\u016btiniausius naktinio staliuko reikmenis.<br \/>\n\u012erengtas stal\u010dius suteikia diskreti\u0161k\u0105 viet\u0105 smulkiems daiktams, pavyzd\u017eiui, \u012fkrovikliams, akiniams ar papuo\u0161alams. Papildoma lentyna po stalvir\u0161iu suteikia vietos knygoms, \u017eurnalams ar kitiems priedams, kuriuos norite laikyti po ranka. Tai puikus sprendimas tiems, kurie vertina tvark\u0105 ir organizuotum\u0105.<br \/>\nBORG naktinis staliukas, kurio spalvos \u2013 balta ir dirbtinio \u0105\u017euolo \u2013 der\u0117s prie \u012fvairi\u0173 interjero stili\u0173. Minimalistinis dizainas ir tvirta konstrukcija u\u017etikrina patvarum\u0105 ir esteti\u0161k\u0105 i\u0161vaizd\u0105, tod\u0117l tai universalus pasirinkimas bet kuriam miegamajam. Papildykite savo interjer\u0105 BORG naktiniu staliuku su stal\u010diumi ir lentyna, kad suderintum\u0117te funkcionalum\u0105 su eleganti\u0161ku dizainu.<\/p>","protected":false},"excerpt":{"rendered":"<p>Kolekcija: BORG<br \/>\nPlotis cm: 45,6<br \/>\nAuk\u0161tis cm: 40<br \/>\nGylis cm: 38,8<br \/>\nStal\u010di\u0173 skai\u010dius: 1<\/p>","protected":false},"featured_media":235941,"comment_status":"open","ping_status":"open","template":"","meta":[],"product_brand":[],"product_cat":[9326,1176,2970],"product_tag":[],"class_list":{"0":"post-235940","1":"product","2":"type-product","3":"status-publish","4":"has-post-thumbnail","6":"product_cat-furniture-collection-borg","7":"product_cat-bedside-tables","8":"product_cat-mebelbos","10":"first","11":"instock","12":"purchasable","13":"product-type-simple"},"_links":{"self":[{"href":"https:\/\/baldumarket.lt\/lt\/wp-json\/wp\/v2\/product\/235940","targetHints":{"allow":["GET"]}}],"collection":[{"href":"https:\/\/baldumarket.lt\/lt\/wp-json\/wp\/v2\/product"}],"about":[{"href":"https:\/\/baldumarket.lt\/lt\/wp-json\/wp\/v2\/types\/product"}],"replies":[{"embeddable":true,"href":"https:\/\/baldumarket.lt\/lt\/wp-json\/wp\/v2\/comments?post=235940"}],"wp:featuredmedia":[{"embeddable":true,"href":"https:\/\/baldumarket.lt\/lt\/wp-json\/wp\/v2\/media\/235941"}],"wp:attachment":[{"href":"https:\/\/baldumarket.lt\/lt\/wp-json\/wp\/v2\/media?parent=235940"}],"wp:term":[{"taxonomy":"product_brand","embeddable":true,"href":"https:\/\/baldumarket.lt\/lt\/wp-json\/wp\/v2\/product_brand?post=235940"},{"taxonomy":"product_cat","embeddable":true,"href":"https:\/\/baldumarket.lt\/lt\/wp-json\/wp\/v2\/product_cat?post=235940"},{"taxonomy":"product_tag","embeddable":true,"href":"https:\/\/baldumarket.lt\/lt\/wp-json\/wp\/v2\/product_tag?post=235940"}],"curies":[{"name":"wp","href":"https:\/\/api.w.org\/{rel}","templated":true}]}}