{"id":235933,"date":"2025-12-29T22:47:52","date_gmt":"2025-12-29T19:47:52","guid":{"rendered":"https:\/\/baldumarket.lt\/product\/borg-szafka-nocna-1s-kaszmir\/"},"modified":"2026-02-11T18:34:46","modified_gmt":"2026-02-11T15:34:46","slug":"borg-szafka-nocna-1s-kaszmir","status":"publish","type":"product","link":"https:\/\/baldumarket.lt\/lt\/product\/borg-szafka-nocna-1s-kaszmir\/","title":{"rendered":"BORG naktinis staliukas, 1 vnt. ka\u0161myro"},"content":{"rendered":"<p>BORG ka\u0161myro naktinis staliukas su stal\u010diumi<br \/>\nBORG ka\u0161myro naktinis staliukas su stal\u010diumi ir lentyna yra funkcionalus ir stilingas bet kurio miegamojo aksesuaras. D\u0117l kompakti\u0161ko dizaino ir prakti\u0161k\u0173 savybi\u0173 tai puiki vieta laikyti visus b\u016btiniausius naktinio staliuko reikmenis.<br \/>\nStal\u010dius suteikia diskreti\u0161k\u0105 viet\u0105 smulkiems daiktams, pavyzd\u017eiui, \u012fkrovikliams, akiniams ar papuo\u0161alams. Papildoma lentyna po stalvir\u0161iu suteikia vietos knygoms, \u017eurnalams ar kitiems priedams, kuriuos norite laikyti po ranka. Tai puikus sprendimas tiems, kurie vertina tvark\u0105 ir organizuotum\u0105.<br \/>\nBORG naktinis staliukas, kurio spalvos \u2013 balta, ka\u0161myro ir dirbtinio \u0105\u017euolo \u2013 der\u0117s prie \u012fvairi\u0173 interjero stili\u0173. Minimalistin\u0117 forma ir tvirta konstrukcija u\u017etikrina patvarum\u0105 ir estetin\u012f patrauklum\u0105, tod\u0117l tai universalus pasirinkimas bet kuriam miegamajam. Papildykite savo interjer\u0105 BORG naktiniu staliuku su stal\u010diumi ir lentyna, kad suderintum\u0117te funkcionalum\u0105 su eleganti\u0161ku dizainu.<\/p>","protected":false},"excerpt":{"rendered":"<p>BORG ka\u0161myro naktinis staliukas su stal\u010diumi BORG ka\u0161myro naktinis staliukas su stal\u010diumi ir lentyna yra funkcionalus ir stilingas bet kurio miegamojo aksesuaras. D\u0117l kompakti\u0161ko dizaino ir prakti\u0161k\u0173 savybi\u0173 tai puiki vieta laikyti b\u016btiniausius naktinio staliuko reikmenis. Stal\u010diuje galima diskreti\u0161kai laikyti smulkius daiktus, tokius kaip \u012fkrovikliai, akiniai ar papuo\u0161alai. [\u2026]<\/p>","protected":false},"featured_media":235934,"comment_status":"open","ping_status":"open","template":"","meta":[],"product_brand":[],"product_cat":[9326,1176,2970],"product_tag":[],"class_list":{"0":"post-235933","1":"product","2":"type-product","3":"status-publish","4":"has-post-thumbnail","6":"product_cat-furniture-collection-borg","7":"product_cat-bedside-tables","8":"product_cat-mebelbos","10":"first","11":"instock","12":"purchasable","13":"product-type-simple"},"_links":{"self":[{"href":"https:\/\/baldumarket.lt\/lt\/wp-json\/wp\/v2\/product\/235933","targetHints":{"allow":["GET"]}}],"collection":[{"href":"https:\/\/baldumarket.lt\/lt\/wp-json\/wp\/v2\/product"}],"about":[{"href":"https:\/\/baldumarket.lt\/lt\/wp-json\/wp\/v2\/types\/product"}],"replies":[{"embeddable":true,"href":"https:\/\/baldumarket.lt\/lt\/wp-json\/wp\/v2\/comments?post=235933"}],"wp:featuredmedia":[{"embeddable":true,"href":"https:\/\/baldumarket.lt\/lt\/wp-json\/wp\/v2\/media\/235934"}],"wp:attachment":[{"href":"https:\/\/baldumarket.lt\/lt\/wp-json\/wp\/v2\/media?parent=235933"}],"wp:term":[{"taxonomy":"product_brand","embeddable":true,"href":"https:\/\/baldumarket.lt\/lt\/wp-json\/wp\/v2\/product_brand?post=235933"},{"taxonomy":"product_cat","embeddable":true,"href":"https:\/\/baldumarket.lt\/lt\/wp-json\/wp\/v2\/product_cat?post=235933"},{"taxonomy":"product_tag","embeddable":true,"href":"https:\/\/baldumarket.lt\/lt\/wp-json\/wp\/v2\/product_tag?post=235933"}],"curies":[{"name":"wp","href":"https:\/\/api.w.org\/{rel}","templated":true}]}}