{"id":235919,"date":"2025-12-29T22:47:34","date_gmt":"2025-12-29T19:47:34","guid":{"rendered":"https:\/\/baldumarket.lt\/product\/borg-szafka-rtv-2d1s-biala\/"},"modified":"2026-02-11T18:34:46","modified_gmt":"2026-02-11T15:34:46","slug":"borg-szafka-rtv-2d1s-biala","status":"publish","type":"product","link":"https:\/\/baldumarket.lt\/lt\/product\/borg-szafka-rtv-2d1s-biala\/","title":{"rendered":"BORG TV spintel\u0117 2D1S balta"},"content":{"rendered":"<p>Ie\u0161kote bald\u0173, kurie derint\u0173 funkcionalum\u0105, estetik\u0105 ir nesenstant\u012f dizain\u0105? BORG 2d1s televizoriaus spintel\u0117 yra puikus pasirinkimas jums!<br \/>\n\u0160i spintel\u0117 su dviem durel\u0117mis, vienu stal\u010diumi ir ni\u0161a po vir\u0161utiniu stalvir\u0161iu \u017eavi savo paprastumu ir elegancija, tuo pa\u010diu suteikdama funkcionali\u0105 erdv\u0119 televizoriui ir elektronikai. Auk\u0161tos juodos kojel\u0117s, skirtos robotui dulki\u0173 siurbliui, ne tik pagerina dizain\u0105, bet ir suteikia charakterio.<br \/>\nPaprasta forma ir eleganti\u0161ka apdaila paver\u010dia BORG televizoriaus spintel\u0119 universaliu beveik bet kurio kambario aksesuaru. Ji puikiai tinka svetain\u0117ms ir televizoriaus kambariams.<br \/>\nBORG 2d1s televizoriaus spintel\u0117s savyb\u0117s:<br \/>\n\u00b7 Patvari konstrukcija: Spintel\u0117 pagaminta i\u0161 auk\u0161tos kokyb\u0117s laminuotos plok\u0161t\u0117s, u\u017etikrinan\u010dios jos ilgaam\u017ei\u0161kum\u0105 ir atsparum\u0105 pa\u017eeidimams.<br \/>\n\u00b7 Erdv\u016bs stal\u010diai: Du spintel\u0117s stal\u010diai yra erdv\u016bs ir lengvai atidaromi. Jie idealiai tinka smulkiems daiktams laikyti. \u00b7 Universalus dizainas: BORG 2d1s televizoriaus staliukas taip pat galimas kit\u0173 spalv\u0173: ka\u0161myro ir meni\u0161ko \u0105\u017euolo. Tod\u0117l jis puikiai tinka bet kokiam interjerui, nepriklausomai nuo jo stiliaus.<br \/>\n\u00b7 Lengvas surinkimas: BORG 2d1s spintel\u0119 lengva surinkti ir i\u0161ardyti.<br \/>\nBORG kolekcijoje taip pat yra naktinis staliukas ir komodos su 3, 4 arba 5 stal\u010diais.<br \/>\n\u201eBorg\u201c kolekcij\u0105 galima papildyti \u012fvairi\u0173 dyd\u017ei\u0173 \u201eJazz\u201c kolekcijos lova ir \u201eKami\u201c kolekcijos spinta.<\/p>","protected":false},"excerpt":{"rendered":"<p>Kolekcija: BORG<br \/>\nSpalva: balta<br \/>\nPriekin\u0117 med\u017eiaga: laminuota plok\u0161t\u0117<br \/>\nAuk\u0161tis cm: 55<br \/>\nPlotis cm: 139,8<br \/>\nGylis cm: 38,9<br \/>\nDur\u0173 skai\u010dius: 2<\/p>","protected":false},"featured_media":235920,"comment_status":"open","ping_status":"open","template":"","meta":[],"product_brand":[],"product_cat":[9326,2970,1175],"product_tag":[],"class_list":{"0":"post-235919","1":"product","2":"type-product","3":"status-publish","4":"has-post-thumbnail","6":"product_cat-furniture-collection-borg","7":"product_cat-mebelbos","8":"product_cat-tv-stands","10":"first","11":"instock","12":"purchasable","13":"product-type-simple"},"_links":{"self":[{"href":"https:\/\/baldumarket.lt\/lt\/wp-json\/wp\/v2\/product\/235919","targetHints":{"allow":["GET"]}}],"collection":[{"href":"https:\/\/baldumarket.lt\/lt\/wp-json\/wp\/v2\/product"}],"about":[{"href":"https:\/\/baldumarket.lt\/lt\/wp-json\/wp\/v2\/types\/product"}],"replies":[{"embeddable":true,"href":"https:\/\/baldumarket.lt\/lt\/wp-json\/wp\/v2\/comments?post=235919"}],"wp:featuredmedia":[{"embeddable":true,"href":"https:\/\/baldumarket.lt\/lt\/wp-json\/wp\/v2\/media\/235920"}],"wp:attachment":[{"href":"https:\/\/baldumarket.lt\/lt\/wp-json\/wp\/v2\/media?parent=235919"}],"wp:term":[{"taxonomy":"product_brand","embeddable":true,"href":"https:\/\/baldumarket.lt\/lt\/wp-json\/wp\/v2\/product_brand?post=235919"},{"taxonomy":"product_cat","embeddable":true,"href":"https:\/\/baldumarket.lt\/lt\/wp-json\/wp\/v2\/product_cat?post=235919"},{"taxonomy":"product_tag","embeddable":true,"href":"https:\/\/baldumarket.lt\/lt\/wp-json\/wp\/v2\/product_tag?post=235919"}],"curies":[{"name":"wp","href":"https:\/\/api.w.org\/{rel}","templated":true}]}}