{"id":235893,"date":"2025-12-29T22:46:59","date_gmt":"2025-12-29T19:46:59","guid":{"rendered":"https:\/\/baldumarket.lt\/product\/brass-regal-2d-dab-brazowy\/"},"modified":"2026-02-11T18:34:46","modified_gmt":"2026-02-11T15:34:46","slug":"brass-regal-2d-dab-brazowy","status":"publish","type":"product","link":"https:\/\/baldumarket.lt\/lt\/product\/brass-regal-2d-dab-brazowy\/","title":{"rendered":"BRASS 2D lentyna, rudas \u0105\u017euolas"},"content":{"rendered":"<p>BRASS 2-D lentyna rudo \u0105\u017euolo spalvos<br \/>\n\u0160i dviej\u0173 dur\u0173 lentyn\u0173 sistema puikiai tinka laikyti \u012fvairius daiktus \u2013 nuo smulki\u0173 daikt\u0173 iki rank\u0161luos\u010di\u0173 ar staltiesi\u0173. Tamsaus \u0105\u017euolo apdailos BRASS lentyn\u0173 sistema turi priekyje pritvirtintas lentynas, kurios padeda tvarkingai ir tvarkingai laikyti daiktus.<br \/>\nPristatome nauj\u0105 \u201eBrass\u201c kolekcij\u0105. \u0160tai kod\u0117l taip svarbu j\u0105 pritaikyti prie savo individuali\u0173 poreiki\u0173. Dedamos visos pastangos, kad naujoji kolekcija atitikt\u0173 klient\u0173 l\u016bkes\u010dius. Ap\u017ei\u016br\u0117kite ir \u012fsitikinkite patys!<br \/>\nSuteikite savo kambariams unikal\u0173 charakter\u012f, pagerindami kiekvienos erdv\u0117s atmosfer\u0105 \u201eBrass\u201c kolekcijos baldais.<br \/>\nTai leid\u017eia lengvai sukurti unikalias kompozicijas, kurios i\u0161rei\u0161kia j\u016bs\u0173 nam\u0173 charakter\u012f.<br \/>\nSistema tiekiama rudo \u0105\u017euolo spalvos.<br \/>\nKolekcij\u0105 sudaro vitrinos, lentynos, i\u0161skleid\u017eiamas stalas, kavos staliukas, televizoriaus staliukas ir drabu\u017ei\u0173 spinta.<\/p>","protected":false},"excerpt":{"rendered":"<p>Auk\u0161tis cm: 210<br \/>\nPlotis cm: 64,5<br \/>\nGylis cm: 40<br \/>\nDur\u0173 skai\u010dius: 2<\/p>","protected":false},"featured_media":235894,"comment_status":"open","ping_status":"open","template":"","meta":[],"product_brand":[],"product_cat":[9329,2970,1987],"product_tag":[],"class_list":{"0":"post-235893","1":"product","2":"type-product","3":"status-publish","4":"has-post-thumbnail","6":"product_cat-furniture-collection-brass","7":"product_cat-mebelbos","8":"product_cat-shelving-units","10":"first","11":"instock","12":"purchasable","13":"product-type-simple"},"_links":{"self":[{"href":"https:\/\/baldumarket.lt\/lt\/wp-json\/wp\/v2\/product\/235893","targetHints":{"allow":["GET"]}}],"collection":[{"href":"https:\/\/baldumarket.lt\/lt\/wp-json\/wp\/v2\/product"}],"about":[{"href":"https:\/\/baldumarket.lt\/lt\/wp-json\/wp\/v2\/types\/product"}],"replies":[{"embeddable":true,"href":"https:\/\/baldumarket.lt\/lt\/wp-json\/wp\/v2\/comments?post=235893"}],"wp:featuredmedia":[{"embeddable":true,"href":"https:\/\/baldumarket.lt\/lt\/wp-json\/wp\/v2\/media\/235894"}],"wp:attachment":[{"href":"https:\/\/baldumarket.lt\/lt\/wp-json\/wp\/v2\/media?parent=235893"}],"wp:term":[{"taxonomy":"product_brand","embeddable":true,"href":"https:\/\/baldumarket.lt\/lt\/wp-json\/wp\/v2\/product_brand?post=235893"},{"taxonomy":"product_cat","embeddable":true,"href":"https:\/\/baldumarket.lt\/lt\/wp-json\/wp\/v2\/product_cat?post=235893"},{"taxonomy":"product_tag","embeddable":true,"href":"https:\/\/baldumarket.lt\/lt\/wp-json\/wp\/v2\/product_tag?post=235893"}],"curies":[{"name":"wp","href":"https:\/\/api.w.org\/{rel}","templated":true}]}}