{"id":235871,"date":"2025-12-29T22:46:29","date_gmt":"2025-12-29T19:46:29","guid":{"rendered":"https:\/\/baldumarket.lt\/product\/brass-szafka-rtv-2d1s-dab-brazowy\/"},"modified":"2026-02-11T18:34:47","modified_gmt":"2026-02-11T15:34:47","slug":"brass-szafka-rtv-2d1s-dab-brazowy","status":"publish","type":"product","link":"https:\/\/baldumarket.lt\/lt\/product\/brass-szafka-rtv-2d1s-dab-brazowy\/","title":{"rendered":"BRASS TV spintel\u0117, 2 vnt., 1 vnt., rudas \u0105\u017euolas"},"content":{"rendered":"<p>BRASS TV staliukas 2-D1, rudas \u0105\u017euolas<br \/>\n\u0160is televizoriaus staliukas i\u0161 BRASS kolekcijos turi priekyje pritvirtintas lentynas ir stal\u010di\u0173. Jis skirtas televizoriui laikyti.<br \/>\nPristatoma nauja \u201eBrass\u201c kolekcija. Tod\u0117l labai svarbu j\u0105 pritaikyti prie savo individuali\u0173 poreiki\u0173. Dedamos visos pastangos, kad naujoji kolekcija atitikt\u0173 klient\u0173 l\u016bkes\u010dius. Ap\u017ei\u016br\u0117kite ir \u012fsitikinkite patys!<br \/>\nSuteikite savo kambariams unikal\u0173 charakter\u012f, pagerindami kiekvieno kambario atmosfer\u0105 \u201eBrass\u201c kolekcijos baldais.<br \/>\nTai leid\u017eia lengvai sukurti unikalias kompozicijas, kurios i\u0161rei\u0161kia j\u016bs\u0173 nam\u0173 charakter\u012f.<br \/>\nSistema tiekiama rudo \u0105\u017euolo spalvos.<br \/>\nKolekcij\u0105 sudaro vitrinos, lentynos, i\u0161skleid\u017eiamas stalas, kavos staliukas, televizoriaus staliukas ir drabu\u017ei\u0173 spinta.<\/p>","protected":false},"excerpt":{"rendered":"<p>\u016agis cm: 62,5<br \/>\nPlotis cm: 160<br \/>\nGylis cm: 40<br \/>\nDur\u0173 skai\u010dius: 2<br \/>\nStal\u010di\u0173 skai\u010dius: 1<\/p>","protected":false},"featured_media":235872,"comment_status":"open","ping_status":"open","template":"","meta":[],"product_brand":[],"product_cat":[9329,2970,1175],"product_tag":[],"class_list":{"0":"post-235871","1":"product","2":"type-product","3":"status-publish","4":"has-post-thumbnail","6":"product_cat-furniture-collection-brass","7":"product_cat-mebelbos","8":"product_cat-tv-stands","10":"first","11":"instock","12":"purchasable","13":"product-type-simple"},"_links":{"self":[{"href":"https:\/\/baldumarket.lt\/lt\/wp-json\/wp\/v2\/product\/235871","targetHints":{"allow":["GET"]}}],"collection":[{"href":"https:\/\/baldumarket.lt\/lt\/wp-json\/wp\/v2\/product"}],"about":[{"href":"https:\/\/baldumarket.lt\/lt\/wp-json\/wp\/v2\/types\/product"}],"replies":[{"embeddable":true,"href":"https:\/\/baldumarket.lt\/lt\/wp-json\/wp\/v2\/comments?post=235871"}],"wp:featuredmedia":[{"embeddable":true,"href":"https:\/\/baldumarket.lt\/lt\/wp-json\/wp\/v2\/media\/235872"}],"wp:attachment":[{"href":"https:\/\/baldumarket.lt\/lt\/wp-json\/wp\/v2\/media?parent=235871"}],"wp:term":[{"taxonomy":"product_brand","embeddable":true,"href":"https:\/\/baldumarket.lt\/lt\/wp-json\/wp\/v2\/product_brand?post=235871"},{"taxonomy":"product_cat","embeddable":true,"href":"https:\/\/baldumarket.lt\/lt\/wp-json\/wp\/v2\/product_cat?post=235871"},{"taxonomy":"product_tag","embeddable":true,"href":"https:\/\/baldumarket.lt\/lt\/wp-json\/wp\/v2\/product_tag?post=235871"}],"curies":[{"name":"wp","href":"https:\/\/api.w.org\/{rel}","templated":true}]}}