{"id":235865,"date":"2025-12-29T22:46:21","date_gmt":"2025-12-29T19:46:21","guid":{"rendered":"https:\/\/baldumarket.lt\/product\/brass-witryna-1d1w-dab-brazowy\/"},"modified":"2026-02-11T18:34:47","modified_gmt":"2026-02-11T15:34:47","slug":"brass-witryna-1d1w-dab-brazowy","status":"publish","type":"product","link":"https:\/\/baldumarket.lt\/lt\/product\/brass-witryna-1d1w-dab-brazowy\/","title":{"rendered":"\u017dALVARIN\u0116 vitrina, 1 vnt., rudas \u0105\u017euolas, 1 vnt"},"content":{"rendered":"<p>\u017dALVARIN\u0116 1 dur\u0173 vitrina rudo \u0105\u017euolo spalvos<br \/>\nAuk\u0161ta, vienv\u0117r\u0117 vitrina \u201eBRASS\u201c tam puikiai tinka. Eleganti\u0161ka apdaila bet kokiam interjerui suteiks rafinuotumo.<br \/>\nVitrinai galima \u012fsigyti papildom\u0105 ap\u0161vietim\u0105.<br \/>\nPristatoma nauja \u201eBrass\u201c kolekcija. Tod\u0117l labai svarbu j\u0105 kurti pagal individualius poreikius. Dedamos visos pastangos, kad naujoji kolekcija atitikt\u0173 klient\u0173 l\u016bkes\u010dius. Ap\u017ei\u016br\u0117kite ir \u012fsitikinkite patys!<br \/>\nSuteikite savo kambariams unikal\u0173 charakter\u012f, pagerindami kiekvieno atmosfer\u0105 \u201eBrass\u201c kolekcijos baldais.<br \/>\nTai leid\u017eia lengvai sukurti unikalias kompozicijas, kurios i\u0161rei\u0161kia j\u016bs\u0173 nam\u0173 charakter\u012f.<br \/>\nGalima \u012fsigyti rudo \u0105\u017euolo spalv\u0173.<br \/>\nKolekcij\u0105 sudaro vitrinos, lentynos, i\u0161skleid\u017eiamas stalas, kavos staliukas, televizoriaus staliukas ir drabu\u017ei\u0173 spinta.<\/p>","protected":false},"excerpt":{"rendered":"<p>Auk\u0161tis cm: 210<br \/>\nPlotis cm: 64,5<br \/>\nGylis cm: 40<br \/>\nDur\u0173 skai\u010dius: 2<\/p>","protected":false},"featured_media":235866,"comment_status":"open","ping_status":"open","template":"","meta":[],"product_brand":[],"product_cat":[9329,2970,2006],"product_tag":[],"class_list":{"0":"post-235865","1":"product","2":"type-product","3":"status-publish","4":"has-post-thumbnail","6":"product_cat-furniture-collection-brass","7":"product_cat-mebelbos","8":"product_cat-vitrines","10":"first","11":"instock","12":"purchasable","13":"product-type-simple"},"_links":{"self":[{"href":"https:\/\/baldumarket.lt\/lt\/wp-json\/wp\/v2\/product\/235865","targetHints":{"allow":["GET"]}}],"collection":[{"href":"https:\/\/baldumarket.lt\/lt\/wp-json\/wp\/v2\/product"}],"about":[{"href":"https:\/\/baldumarket.lt\/lt\/wp-json\/wp\/v2\/types\/product"}],"replies":[{"embeddable":true,"href":"https:\/\/baldumarket.lt\/lt\/wp-json\/wp\/v2\/comments?post=235865"}],"wp:featuredmedia":[{"embeddable":true,"href":"https:\/\/baldumarket.lt\/lt\/wp-json\/wp\/v2\/media\/235866"}],"wp:attachment":[{"href":"https:\/\/baldumarket.lt\/lt\/wp-json\/wp\/v2\/media?parent=235865"}],"wp:term":[{"taxonomy":"product_brand","embeddable":true,"href":"https:\/\/baldumarket.lt\/lt\/wp-json\/wp\/v2\/product_brand?post=235865"},{"taxonomy":"product_cat","embeddable":true,"href":"https:\/\/baldumarket.lt\/lt\/wp-json\/wp\/v2\/product_cat?post=235865"},{"taxonomy":"product_tag","embeddable":true,"href":"https:\/\/baldumarket.lt\/lt\/wp-json\/wp\/v2\/product_tag?post=235865"}],"curies":[{"name":"wp","href":"https:\/\/api.w.org\/{rel}","templated":true}]}}