{"id":235861,"date":"2025-12-29T22:46:15","date_gmt":"2025-12-29T19:46:15","guid":{"rendered":"https:\/\/baldumarket.lt\/product\/brass-witryna-niska-1d1w-dab-brazowy\/"},"modified":"2026-02-11T18:34:47","modified_gmt":"2026-02-11T15:34:47","slug":"brass-witryna-niska-1d1w-dab-brazowy","status":"publish","type":"product","link":"https:\/\/baldumarket.lt\/lt\/product\/brass-witryna-niska-1d1w-dab-brazowy\/","title":{"rendered":"\u017dALVARIN\u0116 \u017eema vitrina, 1 vnt., 1 vnt., rudas \u0105\u017euolas"},"content":{"rendered":"<p>BRASS \u017eema vitrina, 1x1w, rudas \u0105\u017euolas<br \/>\n\u017dema BRASS vitrina turi dvejas duris, i\u0161 kuri\u0173 vienos yra \u012fstiklintos. Joje yra lentyn\u0173, kuriose telpa \u012fvair\u016bs dekoracij\u0173 elementai, stalo \u012frankiai ir kasdieniai daiktai.<br \/>\nSpintel\u0117s ap\u0161vietimas papildomai galimas.<br \/>\nPristatoma nauja \u201eBrass\u201c kolekcija. Tod\u0117l labai svarbu j\u0105 pritaikyti prie savo individuali\u0173 poreiki\u0173. Dedamos visos pastangos, kad naujoji kolekcija atitikt\u0173 klient\u0173 l\u016bkes\u010dius. Ap\u017ei\u016br\u0117kite ir \u012fsitikinkite patys!<br \/>\nSuteikite savo kambariams unikal\u0173 charakter\u012f, pagerindami kiekvieno kambario atmosfer\u0105 \u201eBrass\u201c kolekcijos baldais.<br \/>\nTai leid\u017eia lengvai sukurti unikalias kompozicijas, kurios i\u0161rei\u0161kia j\u016bs\u0173 nam\u0173 charakter\u012f.<br \/>\nGalima \u012fsigyti rudo \u0105\u017euolo spalv\u0173.<br \/>\nKolekcij\u0105 sudaro vitrinos, lentynos, i\u0161skleid\u017eiamas stalas, kavos staliukas, televizoriaus staliukas ir drabu\u017ei\u0173 spinta.<\/p>","protected":false},"excerpt":{"rendered":"<p>\u016agis cm: 147<br \/>\nPlotis cm: 112,5<br \/>\nGylis cm: 40<br \/>\nDur\u0173 skai\u010dius: 2<\/p>","protected":false},"featured_media":235862,"comment_status":"open","ping_status":"open","template":"","meta":[],"product_brand":[],"product_cat":[9329,2970,2006],"product_tag":[],"class_list":{"0":"post-235861","1":"product","2":"type-product","3":"status-publish","4":"has-post-thumbnail","6":"product_cat-furniture-collection-brass","7":"product_cat-mebelbos","8":"product_cat-vitrines","10":"first","11":"instock","12":"purchasable","13":"product-type-simple"},"_links":{"self":[{"href":"https:\/\/baldumarket.lt\/lt\/wp-json\/wp\/v2\/product\/235861","targetHints":{"allow":["GET"]}}],"collection":[{"href":"https:\/\/baldumarket.lt\/lt\/wp-json\/wp\/v2\/product"}],"about":[{"href":"https:\/\/baldumarket.lt\/lt\/wp-json\/wp\/v2\/types\/product"}],"replies":[{"embeddable":true,"href":"https:\/\/baldumarket.lt\/lt\/wp-json\/wp\/v2\/comments?post=235861"}],"wp:featuredmedia":[{"embeddable":true,"href":"https:\/\/baldumarket.lt\/lt\/wp-json\/wp\/v2\/media\/235862"}],"wp:attachment":[{"href":"https:\/\/baldumarket.lt\/lt\/wp-json\/wp\/v2\/media?parent=235861"}],"wp:term":[{"taxonomy":"product_brand","embeddable":true,"href":"https:\/\/baldumarket.lt\/lt\/wp-json\/wp\/v2\/product_brand?post=235861"},{"taxonomy":"product_cat","embeddable":true,"href":"https:\/\/baldumarket.lt\/lt\/wp-json\/wp\/v2\/product_cat?post=235861"},{"taxonomy":"product_tag","embeddable":true,"href":"https:\/\/baldumarket.lt\/lt\/wp-json\/wp\/v2\/product_tag?post=235861"}],"curies":[{"name":"wp","href":"https:\/\/api.w.org\/{rel}","templated":true}]}}