{"id":235843,"date":"2025-12-29T22:45:52","date_gmt":"2025-12-29T19:45:52","guid":{"rendered":"https:\/\/baldumarket.lt\/product\/brent-komoda-2d3s-dab-craft-zloty-czarny\/"},"modified":"2026-02-11T18:34:47","modified_gmt":"2026-02-11T15:34:47","slug":"brent-komoda-2d3s-dab-craft-zloty-czarny","status":"publish","type":"product","link":"https:\/\/baldumarket.lt\/lt\/product\/brent-komoda-2d3s-dab-craft-zloty-czarny\/","title":{"rendered":"BRENT komoda, 2 stal\u010diai, 3 vnt., \u0105\u017euolo spalvos, auksin\u0117\/juoda"},"content":{"rendered":"<p>BRENT 2-D3 komoda, \u0105\u017euolo spalvos, auksin\u0117\/juoda<br \/>\nIe\u0161kote eleganti\u0161kos ir stilingos komodos? BRENT komoda \u2013 puikus j\u016bs\u0173 nam\u0173 papildymas. Erdvus stalvir\u0161is talpina \u012fvairius kasdienius daiktus ir dekoracijas, o trys stal\u010diai padeda susitvarkyti daiktus. Dvidur\u0117 spintel\u0117 turi dvi lentynas patogiam daikt\u0173 laikymui. BRENT komoda puikiai tinka ie\u0161kantiems elegancijos ir nesenstan\u010dios klasikos.<br \/>\nSistemos apra\u0161ymas:<br \/>\nKlasikin\u0117s formos ir moderni\u0173 spalv\u0173 schem\u0173 derinys.<br \/>\n\u00a0 I\u0161skirtiniai r\u0117miniai fasadai, papuo\u0161ti subtiliomis juodomis ranken\u0117l\u0117mis.<br \/>\n\u00a0 Kolekcija stovi ant auk\u0161t\u0173 kojeli\u0173, tod\u0117l valymas yra lengvesnis net ir valymo robotams.<br \/>\nSpalva: Auksinis \u0105\u017euolas \/ Juoda<br \/>\nPriekin\u0117s dalys: MDF ir HDF r\u0117mas su PVC folija<br \/>\nKorpusas: laminuota bald\u0173 plok\u0161t\u0117<br \/>\nVir\u0161us: laminuota bald\u0173 plok\u0161t\u0117<br \/>\nStal\u010diai: rutuliniai guoliai, pilno i\u0161traukimo b\u0117geliai<br \/>\nKojel\u0117s: MDF su PVC folija<br \/>\nRankenos: juodas plastikas<\/p>","protected":false},"excerpt":{"rendered":"<p>Auk\u0161tis cm: 99<br \/>\nPlotis cm: 150<br \/>\nGylis cm: 39<br \/>\nDur\u0173 skai\u010dius: 2<br \/>\nStal\u010di\u0173 skai\u010dius: 3<\/p>","protected":false},"featured_media":235844,"comment_status":"open","ping_status":"open","template":"","meta":[],"product_brand":[],"product_cat":[9330,1173,2970],"product_tag":[],"class_list":{"0":"post-235843","1":"product","2":"type-product","3":"status-publish","4":"has-post-thumbnail","6":"product_cat-furniture-collection-brent","7":"product_cat-chests-of-drawers","8":"product_cat-mebelbos","10":"first","11":"instock","12":"purchasable","13":"product-type-simple"},"_links":{"self":[{"href":"https:\/\/baldumarket.lt\/lt\/wp-json\/wp\/v2\/product\/235843","targetHints":{"allow":["GET"]}}],"collection":[{"href":"https:\/\/baldumarket.lt\/lt\/wp-json\/wp\/v2\/product"}],"about":[{"href":"https:\/\/baldumarket.lt\/lt\/wp-json\/wp\/v2\/types\/product"}],"replies":[{"embeddable":true,"href":"https:\/\/baldumarket.lt\/lt\/wp-json\/wp\/v2\/comments?post=235843"}],"wp:featuredmedia":[{"embeddable":true,"href":"https:\/\/baldumarket.lt\/lt\/wp-json\/wp\/v2\/media\/235844"}],"wp:attachment":[{"href":"https:\/\/baldumarket.lt\/lt\/wp-json\/wp\/v2\/media?parent=235843"}],"wp:term":[{"taxonomy":"product_brand","embeddable":true,"href":"https:\/\/baldumarket.lt\/lt\/wp-json\/wp\/v2\/product_brand?post=235843"},{"taxonomy":"product_cat","embeddable":true,"href":"https:\/\/baldumarket.lt\/lt\/wp-json\/wp\/v2\/product_cat?post=235843"},{"taxonomy":"product_tag","embeddable":true,"href":"https:\/\/baldumarket.lt\/lt\/wp-json\/wp\/v2\/product_tag?post=235843"}],"curies":[{"name":"wp","href":"https:\/\/api.w.org\/{rel}","templated":true}]}}