{"id":235839,"date":"2025-12-29T22:45:47","date_gmt":"2025-12-29T19:45:47","guid":{"rendered":"https:\/\/baldumarket.lt\/product\/brent-regal-1d1s-dab-craft-zloty-czarny\/"},"modified":"2026-02-11T18:34:47","modified_gmt":"2026-02-11T15:34:47","slug":"brent-regal-1d1s-dab-craft-zloty-czarny","status":"publish","type":"product","link":"https:\/\/baldumarket.lt\/lt\/product\/brent-regal-1d1s-dab-craft-zloty-czarny\/","title":{"rendered":"BRENT lentyna, 1 vnt., \u0105\u017euolo spalvos, auksin\u0117\/juoda"},"content":{"rendered":"<p>BRENT 1d1s lentyna, \u0105\u017euolo spalvos, auksin\u0117\/juoda<br \/>\n\u0160is BRENT kolekcijos lentyn\u0173 blokas turi tris dideles lentynas, pasl\u0117ptas u\u017e dureli\u0173, kuriose yra daug vietos \u012fvairiems daiktams, kuri\u0173 nenorite pasl\u0117pti. \u0160iame bloke lengvai tilps visi j\u016bs\u0173 daiktai, tokie kaip knygos, dokumentai, stalties\u0117s, \u017eaislai ir kt. Po durimis yra erdvus, visi\u0161kai i\u0161traukiamas stal\u010dius. Klasikinis stilius ir nesenstantis dizainas paver\u010dia j\u012f puikiu bet kurio j\u016bs\u0173 nam\u0173 kambario papildymu.<br \/>\nSistemos apra\u0161ymas:<br \/>\nKlasikin\u0117s formos ir moderni\u0173 spalv\u0173 schem\u0173 derinys.<br \/>\n\u00a0 I\u0161skirtiniai r\u0117miniai fasadai, papuo\u0161ti subtiliomis juodomis ranken\u0117l\u0117mis.<br \/>\n\u00a0 Kolekcija stovi ant auk\u0161t\u0173 kojeli\u0173, tod\u0117l valymo robotams valyti dar lengviau.<br \/>\nSpalva: Auksinis \u0105\u017euolas \/ Juoda<br \/>\nPriekin\u0117s dalys: MDF ir HDF r\u0117mas su PVC folija<br \/>\nKorpusas: laminuota bald\u0173 plok\u0161t\u0117<br \/>\nVir\u0161us: laminuota bald\u0173 plok\u0161t\u0117<br \/>\nStal\u010diai: rutuliniai guoliai, pilno i\u0161traukimo b\u0117geliai<br \/>\nKojel\u0117s: MDF su PVC folija<br \/>\nRankenos: juodas plastikas<\/p>","protected":false},"excerpt":{"rendered":"<p>\u016agis cm: 193<br \/>\nPlotis cm: 62<br \/>\nGylis cm: 39<br \/>\nDur\u0173 skai\u010dius: 1<br \/>\nStal\u010di\u0173 skai\u010dius: 1<\/p>","protected":false},"featured_media":235840,"comment_status":"open","ping_status":"open","template":"","meta":[],"product_brand":[],"product_cat":[9330,2970,1987],"product_tag":[],"class_list":{"0":"post-235839","1":"product","2":"type-product","3":"status-publish","4":"has-post-thumbnail","6":"product_cat-furniture-collection-brent","7":"product_cat-mebelbos","8":"product_cat-shelving-units","10":"first","11":"instock","12":"purchasable","13":"product-type-simple"},"_links":{"self":[{"href":"https:\/\/baldumarket.lt\/lt\/wp-json\/wp\/v2\/product\/235839","targetHints":{"allow":["GET"]}}],"collection":[{"href":"https:\/\/baldumarket.lt\/lt\/wp-json\/wp\/v2\/product"}],"about":[{"href":"https:\/\/baldumarket.lt\/lt\/wp-json\/wp\/v2\/types\/product"}],"replies":[{"embeddable":true,"href":"https:\/\/baldumarket.lt\/lt\/wp-json\/wp\/v2\/comments?post=235839"}],"wp:featuredmedia":[{"embeddable":true,"href":"https:\/\/baldumarket.lt\/lt\/wp-json\/wp\/v2\/media\/235840"}],"wp:attachment":[{"href":"https:\/\/baldumarket.lt\/lt\/wp-json\/wp\/v2\/media?parent=235839"}],"wp:term":[{"taxonomy":"product_brand","embeddable":true,"href":"https:\/\/baldumarket.lt\/lt\/wp-json\/wp\/v2\/product_brand?post=235839"},{"taxonomy":"product_cat","embeddable":true,"href":"https:\/\/baldumarket.lt\/lt\/wp-json\/wp\/v2\/product_cat?post=235839"},{"taxonomy":"product_tag","embeddable":true,"href":"https:\/\/baldumarket.lt\/lt\/wp-json\/wp\/v2\/product_tag?post=235839"}],"curies":[{"name":"wp","href":"https:\/\/api.w.org\/{rel}","templated":true}]}}