{"id":235834,"date":"2025-12-29T22:45:40","date_gmt":"2025-12-29T19:45:40","guid":{"rendered":"https:\/\/baldumarket.lt\/product\/brent-szafa-2d1s-dab-craft-zloty-czarny\/"},"modified":"2026-02-11T18:34:47","modified_gmt":"2026-02-11T15:34:47","slug":"brent-szafa-2d1s-dab-craft-zloty-czarny","status":"publish","type":"product","link":"https:\/\/baldumarket.lt\/lt\/product\/brent-szafa-2d1s-dab-craft-zloty-czarny\/","title":{"rendered":"BRENT spinta, 2 vnt., \u0105\u017euolo spalvos, auksin\u0117\/juoda, 1 vnt."},"content":{"rendered":"<p>BRENT 2D1S spinta aukso spalvos \u0105\u017euolo\/juodos spalvos<br \/>\nNesvarbu, ar miegamajame, ar bet kurioje kitoje nam\u0173 vietoje, BRENT 2D1S spinta i\u0161 auksinio \u0105\u017euolo su juodais fasadais pad\u0117s tvarkingai laikyti drabu\u017eius ir palengvins pasiruo\u0161im\u0105 ryte. Dviej\u0173 spalv\u0173 derinys suteikia BRENT spintai eleganti\u0161kumo ir lengvai dera prie beveik bet kokio interjero. Dvi didel\u0117s durys dengia erdv\u0173 vid\u0173 su metaline skersine striuk\u0117ms, keln\u0117ms, megztiniams ir kitiems daiktams pakabinti. Apatinis stal\u010dius suteikia papildomos vietos drabu\u017eiams ir kitiems aksesuarams.<br \/>\nSistemos apra\u0161ymas:<br \/>\nKlasikin\u0117s formos ir moderni\u0173 spalv\u0173 schem\u0173 derinys.<br \/>\n\u00a0 I\u0161skirtiniai \u012fr\u0117minti fasadai, papuo\u0161ti subtiliomis juodomis ranken\u0117l\u0117mis.<br \/>\n\u00a0 Kolekcija stovi ant auk\u0161t\u0173 kojeli\u0173, tod\u0117l valyti lengviau net ir valymo robotams.<br \/>\nSpalva: Auksinis \u0105\u017euolas \/ Juoda<br \/>\nPriekin\u0117s dalys: MDF ir HDF r\u0117mas su PVC folija<br \/>\nKorpusas: laminuota bald\u0173 plok\u0161t\u0117<br \/>\nVir\u0161us: laminuota bald\u0173 plok\u0161t\u0117<br \/>\nStal\u010diai: rutuliniai guoliai, pilno i\u0161traukimo b\u0117geliai<br \/>\nKojel\u0117s: MDF su PVC folija<br \/>\nRankenos: juodas plastikas<\/p>","protected":false},"excerpt":{"rendered":"<p>\u016agis cm: 193<br \/>\nPlotis cm: 88<br \/>\nGylis cm: 55<br \/>\nDur\u0173 skai\u010dius: 2<br \/>\nStal\u010di\u0173 skai\u010dius: 1<\/p>","protected":false},"featured_media":235835,"comment_status":"open","ping_status":"open","template":"","meta":[],"product_brand":[],"product_cat":[9330,2970,1177],"product_tag":[],"class_list":{"0":"post-235834","1":"product","2":"type-product","3":"status-publish","4":"has-post-thumbnail","6":"product_cat-furniture-collection-brent","7":"product_cat-mebelbos","8":"product_cat-wardrobes","10":"first","11":"instock","12":"purchasable","13":"product-type-simple"},"_links":{"self":[{"href":"https:\/\/baldumarket.lt\/lt\/wp-json\/wp\/v2\/product\/235834","targetHints":{"allow":["GET"]}}],"collection":[{"href":"https:\/\/baldumarket.lt\/lt\/wp-json\/wp\/v2\/product"}],"about":[{"href":"https:\/\/baldumarket.lt\/lt\/wp-json\/wp\/v2\/types\/product"}],"replies":[{"embeddable":true,"href":"https:\/\/baldumarket.lt\/lt\/wp-json\/wp\/v2\/comments?post=235834"}],"wp:featuredmedia":[{"embeddable":true,"href":"https:\/\/baldumarket.lt\/lt\/wp-json\/wp\/v2\/media\/235835"}],"wp:attachment":[{"href":"https:\/\/baldumarket.lt\/lt\/wp-json\/wp\/v2\/media?parent=235834"}],"wp:term":[{"taxonomy":"product_brand","embeddable":true,"href":"https:\/\/baldumarket.lt\/lt\/wp-json\/wp\/v2\/product_brand?post=235834"},{"taxonomy":"product_cat","embeddable":true,"href":"https:\/\/baldumarket.lt\/lt\/wp-json\/wp\/v2\/product_cat?post=235834"},{"taxonomy":"product_tag","embeddable":true,"href":"https:\/\/baldumarket.lt\/lt\/wp-json\/wp\/v2\/product_tag?post=235834"}],"curies":[{"name":"wp","href":"https:\/\/api.w.org\/{rel}","templated":true}]}}