{"id":235829,"date":"2025-12-29T22:45:34","date_gmt":"2025-12-29T19:45:34","guid":{"rendered":"https:\/\/baldumarket.lt\/product\/brent-szafka-rtv-1k1s-dab-craft-zloty-czarny\/"},"modified":"2026-02-11T18:34:47","modified_gmt":"2026-02-11T15:34:47","slug":"brent-szafka-rtv-1k1s-dab-craft-zloty-czarny","status":"publish","type":"product","link":"https:\/\/baldumarket.lt\/lt\/product\/brent-szafka-rtv-1k1s-dab-craft-zloty-czarny\/","title":{"rendered":"BRENT TV spintel\u0117, 1 vnt., \u0105\u017euolo spalvos, auksin\u0117\/juoda"},"content":{"rendered":"<p>BRENT TV staliukas 1k1s, Craft \u0105\u017euolo spalvos, auksin\u0117s\/juodos spalvos<br \/>\nPagerinkite savo svetain\u0119 su BRENT televizoriaus staliuku i\u0161 auksin\u0117s\/juodos spalvos rankdarbi\u0173 \u0105\u017euolo, turin\u010diu atvir\u0105 lentyn\u0105, stal\u010di\u0173 ir erdv\u0119, u\u017edarom\u0105 varstomomis durel\u0117mis! \u0160is baldas suteikia vietos ne tik garso ir vaizdo \u012frangai, bet ir \u012fvairioms dekoracijoms bei ornamentams. Auksinio atspalvio rankdarbi\u0173 \u0105\u017euolo ir juod\u0173 fasad\u0173 derinys daro BRENT televizoriaus staliuk\u0105 ir eleganti\u0161k\u0105, ir prakti\u0161k\u0105.<br \/>\nSistemos apra\u0161ymas:<br \/>\nKlasikin\u0117s formos ir moderni\u0173 spalv\u0173 schem\u0173 derinys.<br \/>\n\u00a0 I\u0161skirtiniai r\u0117miniai fasadai, papuo\u0161ti subtiliomis juodomis ranken\u0117l\u0117mis.<br \/>\n\u00a0 Kolekcija stovi ant auk\u0161t\u0173 kojeli\u0173, tod\u0117l valymas yra lengvesnis net ir valymo robotams.<br \/>\nSpalva: Auksinis \u0105\u017euolas \/ Juoda<br \/>\nPriekin\u0117s dalys: MDF ir HDF r\u0117mas su PVC folija<br \/>\nKorpusas: laminuota bald\u0173 plok\u0161t\u0117<br \/>\nVir\u0161us: laminuota bald\u0173 plok\u0161t\u0117<br \/>\nStal\u010diai: rutuliniai guoliai, pilno i\u0161traukimo b\u0117geliai<br \/>\nKojel\u0117s: MDF su PVC folija<br \/>\nRankenos: juodas plastikas<\/p>","protected":false},"excerpt":{"rendered":"<p>\u016agis cm: 39<br \/>\nPlotis cm: 150<br \/>\nGylis cm: 39<\/p>","protected":false},"featured_media":235830,"comment_status":"open","ping_status":"open","template":"","meta":[],"product_brand":[],"product_cat":[9330,2970,1175],"product_tag":[],"class_list":{"0":"post-235829","1":"product","2":"type-product","3":"status-publish","4":"has-post-thumbnail","6":"product_cat-furniture-collection-brent","7":"product_cat-mebelbos","8":"product_cat-tv-stands","10":"first","11":"instock","12":"purchasable","13":"product-type-simple"},"_links":{"self":[{"href":"https:\/\/baldumarket.lt\/lt\/wp-json\/wp\/v2\/product\/235829","targetHints":{"allow":["GET"]}}],"collection":[{"href":"https:\/\/baldumarket.lt\/lt\/wp-json\/wp\/v2\/product"}],"about":[{"href":"https:\/\/baldumarket.lt\/lt\/wp-json\/wp\/v2\/types\/product"}],"replies":[{"embeddable":true,"href":"https:\/\/baldumarket.lt\/lt\/wp-json\/wp\/v2\/comments?post=235829"}],"wp:featuredmedia":[{"embeddable":true,"href":"https:\/\/baldumarket.lt\/lt\/wp-json\/wp\/v2\/media\/235830"}],"wp:attachment":[{"href":"https:\/\/baldumarket.lt\/lt\/wp-json\/wp\/v2\/media?parent=235829"}],"wp:term":[{"taxonomy":"product_brand","embeddable":true,"href":"https:\/\/baldumarket.lt\/lt\/wp-json\/wp\/v2\/product_brand?post=235829"},{"taxonomy":"product_cat","embeddable":true,"href":"https:\/\/baldumarket.lt\/lt\/wp-json\/wp\/v2\/product_cat?post=235829"},{"taxonomy":"product_tag","embeddable":true,"href":"https:\/\/baldumarket.lt\/lt\/wp-json\/wp\/v2\/product_tag?post=235829"}],"curies":[{"name":"wp","href":"https:\/\/api.w.org\/{rel}","templated":true}]}}