{"id":235824,"date":"2025-12-29T22:45:27","date_gmt":"2025-12-29T19:45:27","guid":{"rendered":"https:\/\/baldumarket.lt\/product\/brent-szafka-wiszaca-1d-dab-craft-zloty-czarny\/"},"modified":"2026-02-11T18:34:48","modified_gmt":"2026-02-11T15:34:48","slug":"brent-szafka-wiszaca-1d-dab-craft-zloty-czarny","status":"publish","type":"product","link":"https:\/\/baldumarket.lt\/lt\/product\/brent-szafka-wiszaca-1d-dab-craft-zloty-czarny\/","title":{"rendered":"BRENT 1D pakabinama spintel\u0117, \u0105\u017euolo spalvos, auksin\u0117s\/juodos spalvos"},"content":{"rendered":"<p>BRENT 1-D sienin\u0117 spintel\u0117, \u0105\u017euolo spalvos, auksin\u0117\/juoda<br \/>\nSukurta ma\u017eoms erdv\u0117ms, BRENT sienin\u0117 spintel\u0117, pagaminta i\u0161 dirbtinio \u0105\u017euolo, aukso\/juodos spalvos, suteiks j\u016bs\u0173 interjerui funkcionalumo. BRENT sienin\u0117 spintel\u0117 montuojama ant sienos, taip atlaisvindama verting\u0105 grind\u0173 plot\u0105 ir suteikdama papildomos vietos daiktams laikyti. \u0160is baldas puikiai tinka tokiems kambariams kaip svetain\u0117s, koridoriai, jaunimo kambariai, valgomieji, miegamieji ir nam\u0173 biurai.<br \/>\nSistemos apra\u0161ymas:<br \/>\nKlasikin\u0117s formos ir moderni\u0173 spalv\u0173 schem\u0173 derinys.<br \/>\n\u00a0 I\u0161skirtiniai r\u0117miniai fasadai, papuo\u0161ti subtiliomis juodomis ranken\u0117l\u0117mis.<br \/>\n\u00a0 Kolekcija stovi ant auk\u0161t\u0173 kojeli\u0173, tod\u0117l valyti lengviau net ir valymo robotams.<br \/>\nSpalva: Auksinis \u0105\u017euolas \/ Juoda<br \/>\nPriekin\u0117s dalys: MDF ir HDF r\u0117mas su PVC folija<br \/>\nKorpusas: laminuota bald\u0173 plok\u0161t\u0117<br \/>\nVir\u0161us: laminuota bald\u0173 plok\u0161t\u0117<br \/>\nStal\u010diai: rutuliniai guoliai, pilno i\u0161traukimo b\u0117geliai<br \/>\nKojel\u0117s: MDF su PVC folija<br \/>\nRankenos: juodas plastikas<\/p>","protected":false},"excerpt":{"rendered":"<p>\u016agis cm: 32,1<br \/>\nPlotis cm: 150<br \/>\nGylis cm: 28,5<br \/>\nDur\u0173 skai\u010dius: 1<\/p>","protected":false},"featured_media":235825,"comment_status":"open","ping_status":"open","template":"","meta":[],"product_brand":[],"product_cat":[9330,1174,2970],"product_tag":[],"class_list":{"0":"post-235824","1":"product","2":"type-product","3":"status-publish","4":"has-post-thumbnail","6":"product_cat-furniture-collection-brent","7":"product_cat-hanging-shelves","8":"product_cat-mebelbos","10":"first","11":"instock","12":"purchasable","13":"product-type-simple"},"_links":{"self":[{"href":"https:\/\/baldumarket.lt\/lt\/wp-json\/wp\/v2\/product\/235824","targetHints":{"allow":["GET"]}}],"collection":[{"href":"https:\/\/baldumarket.lt\/lt\/wp-json\/wp\/v2\/product"}],"about":[{"href":"https:\/\/baldumarket.lt\/lt\/wp-json\/wp\/v2\/types\/product"}],"replies":[{"embeddable":true,"href":"https:\/\/baldumarket.lt\/lt\/wp-json\/wp\/v2\/comments?post=235824"}],"wp:featuredmedia":[{"embeddable":true,"href":"https:\/\/baldumarket.lt\/lt\/wp-json\/wp\/v2\/media\/235825"}],"wp:attachment":[{"href":"https:\/\/baldumarket.lt\/lt\/wp-json\/wp\/v2\/media?parent=235824"}],"wp:term":[{"taxonomy":"product_brand","embeddable":true,"href":"https:\/\/baldumarket.lt\/lt\/wp-json\/wp\/v2\/product_brand?post=235824"},{"taxonomy":"product_cat","embeddable":true,"href":"https:\/\/baldumarket.lt\/lt\/wp-json\/wp\/v2\/product_cat?post=235824"},{"taxonomy":"product_tag","embeddable":true,"href":"https:\/\/baldumarket.lt\/lt\/wp-json\/wp\/v2\/product_tag?post=235824"}],"curies":[{"name":"wp","href":"https:\/\/api.w.org\/{rel}","templated":true}]}}