{"id":235804,"date":"2025-12-29T22:45:00","date_gmt":"2025-12-29T19:45:00","guid":{"rendered":"https:\/\/baldumarket.lt\/product\/cordan-regal-1d\/"},"modified":"2026-02-11T18:34:48","modified_gmt":"2026-02-11T15:34:48","slug":"cordan-regal-1d","status":"publish","type":"product","link":"https:\/\/baldumarket.lt\/lt\/product\/cordan-regal-1d\/","title":{"rendered":"CORDAN 1D l\u0119\u0161is"},"content":{"rendered":"<p>CORDAN 1D lentyna<br \/>\nAuk\u0161ta lentyn\u0173 sistema su vienomis universaliomis durel\u0117mis, kurias galima atidaryti \u012f kair\u0119 arba \u012f de\u0161in\u0119. Viduje keturios med\u017eio dro\u017eli\u0173 plok\u0161t\u0117s lentynos.<br \/>\nU\u017edara lentyn\u0173 sistema CORDAN idealiai tinka knygoms, dokumentams, \u017eaislams, drabu\u017eiams, dekoracijoms ir daugeliui kit\u0173 daikt\u0173 laikyti. Joje yra keturios pasl\u0117ptos lentynos su durel\u0117mis, apsaugan\u010dios visus daiktus nuo dulki\u0173. Nesvarbu, ar esate svetain\u0117je, valgomajame, ar nam\u0173 biure, u\u017edara lentyn\u0173 sistema CORDAN, kurios matmenys yra ma\u017edaug 57,2 x 210 x 41 cm (plotis x auk\u0161tis x gylis), palaikys tvark\u0105 j\u016bs\u0173 kambaryje ir suteiks daug vietos kasdieni\u0173 daikt\u0173 sutvarkymui.<br \/>\nKaip ir visi kiti CORDAN baldai, \u0161i lentyn\u0173 sistema \u017eavi paprastu, tiesiu dizainu, kuris harmoningai der\u0117s prie j\u016bs\u0173 interjero. Korpusas ir fasadai pagaminti i\u0161 tamsaus Lefkas \u0105\u017euolo apdailos, spinduliuojan\u010dios nat\u016braliu ekstravaganti\u0161kumu. Klasikin\u0117 CORDAN bald\u0173 kolekcijos i\u0161vaizda u\u017etikrina, kad ji tarnaus ilgus metus. CORDAN bald\u0173 kolekcija \u2013 tai pasirinkimas tiems, kurie vertina nat\u016bral\u0173 gro\u017e\u012f ir harmoning\u0105 interjer\u0105. Apdaila \u0161ilta, \u0161iek tiek grie\u017eta Lefkas \u0105\u017euolo spalva suteikia patalpoms maloni\u0105 atmosfer\u0105, puikiai atitinkan\u010di\u0105 naujausias interjero dizaino tendencijas \u2013 paprastum\u0105, funkcionalum\u0105 ir subtilias detales. Atraskite CORDAN kolekcijos si\u016blomas galimybes, kurios universal\u016bs baldai puikiai tinka tiek namams, tiek stilingoms darbo vietoms.<br \/>\nTamsus, sodrus Lefko \u0105\u017euolo atspalvis sukuria nat\u016bralaus elegancijos efekt\u0105, primenant\u012f sen\u0173 med\u017ei\u0173 gro\u017e\u012f, kuris suteikia interjerui stabilumo ir nesenstan\u010dio stiliaus. \u0160i apdaila i\u0161skiria CORDAN kolekcij\u0105 ant \u0161viesi\u0173 ar neutrali\u0173 sien\u0173, puikiai papildydama sm\u0117lio, sm\u0117lio ir net subtili\u0173 pastelini\u0173 spalv\u0173, toki\u0173 kaip m\u0117lyna ar ro\u017ein\u0117, atspalvius. Prie\u0161ingai, derinys su antracitu ar grafitu leid\u017eia sukurti rafinuotus, modernius i\u0161d\u0117stymus. CORDAN kolekcija puikiai tinka \u012fvairiems kambariams. Sukurta atsi\u017evelgiant \u012f funkcionalum\u0105, ji si\u016blo \u012fvairius baldus, leid\u017eian\u010dius sukurti harmoning\u0105 i\u0161d\u0117stym\u0105 svetain\u0117je, miegamajame ar nam\u0173 biure. Kolekcijoje yra komodos, vitrinos, drabu\u017ei\u0173 spinta, lentynos, kavos staliukas, prie sienos tvirtinama spintel\u0117 ir televizoriaus staliukas, suteikiantys plat\u0173 pasirinkim\u0105 pritaikyti erdv\u0119 pagal individualius poreikius ir pageidavimus.<br \/>\nCORDAN kolekcijos baldai puikiai der\u0117s j\u016bs\u0173 svetain\u0117je ir suteiks jai eleganti\u0161k\u0105 charakter\u012f. Stiklin\u0117s vitrinos leis efektyviai eksponuoti m\u0117gstamiausius dekoro elementus, o tvirtos komodos tilps visi b\u016btini aksesuarai, kuriuos norite tur\u0117ti po ranka, bet pasl\u0117pti nuo aki\u0173. Savo ruo\u017etu, televizoriaus staliukas suteikia stabil\u0173 pagrind\u0105 j\u016bs\u0173 televizoriui ir multimedijos \u012frangai, sukurdamas stiling\u0105 pramog\u0173 centr\u0105 j\u016bs\u0173 namams.<br \/>\nCORDAN kolekcija \u2013 puikus pasirinkimas tiems, kurie vertina elegancij\u0105, funkcionalum\u0105 ir paprastum\u0105. Tai sprendimas tiems, kurie nori savo namams suteikti \u0161ilto, nat\u016bralaus charakterio, neaukodami moderni\u0173 akcent\u0173. CORDAN puikiai tinka tiems, kurie nori sukurti harmoning\u0105 interjer\u0105, kuris primint\u0173 nat\u016brali\u0173 med\u017eiag\u0173 stabilum\u0105 ir autenti\u0161kum\u0105. Jei ie\u0161kote bald\u0173, kurie b\u016bt\u0173 ne tik prakti\u0161ki, bet ir \u017eav\u0117t\u0173 savo dizainu bei patvarumu, CORDAN kolekcija kaip tik Jums.<\/p>","protected":false},"excerpt":{"rendered":"<p>Kolekcija: CORDAN<br \/>\nSpalva: Lefkas \u0105\u017euolas<br \/>\nPriekin\u0117 med\u017eiaga: laminuota plok\u0161t\u0117<br \/>\nAuk\u0161tis cm: 210<br \/>\nPlotis cm: 57,2<br \/>\nGylis cm: 41<br \/>\nDur\u0173 skai\u010dius: 1<\/p>","protected":false},"featured_media":235805,"comment_status":"open","ping_status":"open","template":"","meta":[],"product_brand":[],"product_cat":[9332,2970,1987],"product_tag":[],"class_list":{"0":"post-235804","1":"product","2":"type-product","3":"status-publish","4":"has-post-thumbnail","6":"product_cat-furniture-collection-cordan","7":"product_cat-mebelbos","8":"product_cat-shelving-units","10":"first","11":"instock","12":"purchasable","13":"product-type-simple"},"_links":{"self":[{"href":"https:\/\/baldumarket.lt\/lt\/wp-json\/wp\/v2\/product\/235804","targetHints":{"allow":["GET"]}}],"collection":[{"href":"https:\/\/baldumarket.lt\/lt\/wp-json\/wp\/v2\/product"}],"about":[{"href":"https:\/\/baldumarket.lt\/lt\/wp-json\/wp\/v2\/types\/product"}],"replies":[{"embeddable":true,"href":"https:\/\/baldumarket.lt\/lt\/wp-json\/wp\/v2\/comments?post=235804"}],"wp:featuredmedia":[{"embeddable":true,"href":"https:\/\/baldumarket.lt\/lt\/wp-json\/wp\/v2\/media\/235805"}],"wp:attachment":[{"href":"https:\/\/baldumarket.lt\/lt\/wp-json\/wp\/v2\/media?parent=235804"}],"wp:term":[{"taxonomy":"product_brand","embeddable":true,"href":"https:\/\/baldumarket.lt\/lt\/wp-json\/wp\/v2\/product_brand?post=235804"},{"taxonomy":"product_cat","embeddable":true,"href":"https:\/\/baldumarket.lt\/lt\/wp-json\/wp\/v2\/product_cat?post=235804"},{"taxonomy":"product_tag","embeddable":true,"href":"https:\/\/baldumarket.lt\/lt\/wp-json\/wp\/v2\/product_tag?post=235804"}],"curies":[{"name":"wp","href":"https:\/\/api.w.org\/{rel}","templated":true}]}}