{"id":235775,"date":"2025-12-29T22:44:21","date_gmt":"2025-12-29T19:44:21","guid":{"rendered":"https:\/\/baldumarket.lt\/product\/cordan-witryna-2w\/"},"modified":"2026-02-11T18:34:48","modified_gmt":"2026-02-11T15:34:48","slug":"cordan-witryna-2w","status":"publish","type":"product","link":"https:\/\/baldumarket.lt\/lt\/product\/cordan-witryna-2w\/","title":{"rendered":"CORDAN 2W vitrina"},"content":{"rendered":"<p>CORDAN 2W vitrina<br \/>\nPlati vitrina su dviem stiklin\u0117mis durel\u0117mis, kurios atsidaro \u012f \u0161on\u0105. Viduje yra trys pla\u010dios med\u017eio dro\u017eli\u0173 plok\u0161\u010di\u0173 lentynos.<br \/>\nLED ap\u0161vietimas galimas kaip papildoma parinktis u\u017e papildom\u0105 mokest\u012f.<br \/>\nCORDAN vitrina pasi\u017eymi moderniu dizainu, kuris lengvai integruojasi \u012f bet koki\u0105 aplink\u0105. Baldai pasi\u017eymi nepriekai\u0161tingu stiliumi ir si\u016blo daug vietos daiktams susid\u0117ti. D\u0117l unikalaus dekoro CORDAN vitrina sukuria nenugalim\u0105 nam\u0173 atmosfer\u0105: matin\u0117s juodos ranken\u0117l\u0117s puikiai dera su Lefkas \u0105\u017euolo korpusu, sukurdamos \u012fsp\u016bding\u0105 gyvenam\u0105j\u0105 erdv\u0119. U\u017e dviej\u0173 i\u0161 dalies \u012fstiklint\u0173 dureli\u0173 rasite daug vietos stalo \u012frankiams, artim\u0173j\u0173 nuotraukoms ir m\u0117gstamoms dekoracijoms. Apatin\u0117, ne\u012fstiklinta erdv\u0117 puikiai tinka laikyti daiktus, kuri\u0173 nenorite rodyti, pavyzd\u017eiui, staltieses, dokumentus ir \u012fvairius nieku\u010dius. CORDAN vitrina yra efektyvus sprendimas norint sukurti erdv\u0119 su patraukliu dizainu. Vitrin\u0105 galite pastatyti valgomajame, svetain\u0117je ar biure. Klasikin\u0117 CORDAN bald\u0173 i\u0161vaizda u\u017etikrina, kad jie tarnaus ilgus metus. CORDAN kolekcija \u2013 tai pasirinkimas tiems, kurie vertina nat\u016bral\u0173 gro\u017e\u012f ir harmoning\u0105 interjer\u0105. Apdaila \u0161iltu, \u0161iek tiek grie\u017etu Lefkas \u0105\u017euolu suteikia patalpoms maloni\u0105 atmosfer\u0105, puikiai atitinkan\u010di\u0105 naujausias interjero dizaino tendencijas \u2013 paprastum\u0105, funkcionalum\u0105 ir subtilias detales. Atraskite CORDAN kolekcijos si\u016blomas galimybes \u2013 universal\u016bs baldai puikiai tinka tiek namams, tiek stilingoms darbo vietoms.<br \/>\nTamsus, sodrus Lefko \u0105\u017euolo atspalvis sukuria nat\u016bralaus elegancijos efekt\u0105, primenant\u012f sen\u0173 med\u017ei\u0173 gro\u017e\u012f, suteikiant\u012f interjerui stabilumo ir nesenstan\u010dio stiliaus. \u0160i apdaila i\u0161skiria CORDAN kolekcij\u0105 ant \u0161viesi\u0173 ar neutrali\u0173 sien\u0173, puikiai papildydama sm\u0117lio, sm\u0117lio ir net subtili\u0173 pastelini\u0173 spalv\u0173, toki\u0173 kaip m\u0117lyna ar \u0161viesiai ro\u017ein\u0117, atspalvius. Prie\u0161ingai, derinant j\u012f su antracitu ar grafitu, galima sukurti rafinuotus, modernius i\u0161d\u0117stymus.<br \/>\nCORDAN kolekcija puikiai tiks daugelyje kambari\u0173. Sukurta atsi\u017evelgiant \u012f funkcionalum\u0105, ji si\u016blo \u012fvairius baldus, leid\u017eian\u010dius sukurti harmoning\u0105 i\u0161d\u0117stym\u0105 svetain\u0117je, miegamajame ar nam\u0173 biure. Kolekcijoje yra komodos, vitrinos, drabu\u017ei\u0173 spinta, lentynos, kavos staliukas, prie sienos tvirtinama spintel\u0117 ir televizoriaus staliukas, tod\u0117l erdv\u0117 tampa pritaikoma individualiems poreikiams ir pageidavimams.<br \/>\nCORDAN kolekcijos baldai puikiai der\u0117s j\u016bs\u0173 svetain\u0117je ir suteiks jai eleganti\u0161k\u0105 charakter\u012f. Stiklin\u0117s vitrinos leis efektyviai eksponuoti m\u0117gstamiausius dekoro elementus, o tvirtos komodos tilps visi b\u016btini aksesuarai, kuriuos norite tur\u0117ti po ranka, bet pasl\u0117pti nuo aki\u0173. Savo ruo\u017etu, televizoriaus staliukas suteikia stabil\u0173 pagrind\u0105 j\u016bs\u0173 televizoriui ir multimedijos \u012frangai, sukurdamas stiling\u0105 pramog\u0173 centr\u0105 j\u016bs\u0173 namams.<br \/>\nCORDAN kolekcija \u2013 puikus pasirinkimas tiems, kurie vertina elegancij\u0105, funkcionalum\u0105 ir paprastum\u0105. Tai puikus sprendimas tiems, kurie nori savo namams suteikti \u0161ilto, nat\u016bralaus charakterio, neaukodami moderni\u0173 akcent\u0173. CORDAN puikiai tinka tiems, kurie nori sukurti harmoning\u0105 interjer\u0105, kuriame juntamas nat\u016brali\u0173 med\u017eiag\u0173 stabilumas ir autenti\u0161kumas. Jei ie\u0161kote bald\u0173, kurie b\u016bt\u0173 ne tik prakti\u0161ki, bet ir \u017eav\u016bs savo dizainu bei patvarumu, CORDAN kolekcija kaip tik Jums.<\/p>","protected":false},"excerpt":{"rendered":"<p>Kolekcija: CORDAN<br \/>\nSpalva: Lefkas \u0105\u017euolas<br \/>\nPriekin\u0117 med\u017eiaga: laminuota plok\u0161t\u0117<br \/>\n\u016agis cm: 156,5<br \/>\nPlotis cm: 80,2<br \/>\nGylis cm: 41<br \/>\nDur\u0173 skai\u010dius: 2<\/p>","protected":false},"featured_media":235776,"comment_status":"open","ping_status":"open","template":"","meta":[],"product_brand":[],"product_cat":[9332,2970,2006],"product_tag":[],"class_list":{"0":"post-235775","1":"product","2":"type-product","3":"status-publish","4":"has-post-thumbnail","6":"product_cat-furniture-collection-cordan","7":"product_cat-mebelbos","8":"product_cat-vitrines","10":"first","11":"instock","12":"purchasable","13":"product-type-simple"},"_links":{"self":[{"href":"https:\/\/baldumarket.lt\/lt\/wp-json\/wp\/v2\/product\/235775","targetHints":{"allow":["GET"]}}],"collection":[{"href":"https:\/\/baldumarket.lt\/lt\/wp-json\/wp\/v2\/product"}],"about":[{"href":"https:\/\/baldumarket.lt\/lt\/wp-json\/wp\/v2\/types\/product"}],"replies":[{"embeddable":true,"href":"https:\/\/baldumarket.lt\/lt\/wp-json\/wp\/v2\/comments?post=235775"}],"wp:featuredmedia":[{"embeddable":true,"href":"https:\/\/baldumarket.lt\/lt\/wp-json\/wp\/v2\/media\/235776"}],"wp:attachment":[{"href":"https:\/\/baldumarket.lt\/lt\/wp-json\/wp\/v2\/media?parent=235775"}],"wp:term":[{"taxonomy":"product_brand","embeddable":true,"href":"https:\/\/baldumarket.lt\/lt\/wp-json\/wp\/v2\/product_brand?post=235775"},{"taxonomy":"product_cat","embeddable":true,"href":"https:\/\/baldumarket.lt\/lt\/wp-json\/wp\/v2\/product_cat?post=235775"},{"taxonomy":"product_tag","embeddable":true,"href":"https:\/\/baldumarket.lt\/lt\/wp-json\/wp\/v2\/product_tag?post=235775"}],"curies":[{"name":"wp","href":"https:\/\/api.w.org\/{rel}","templated":true}]}}