{"id":235771,"date":"2025-12-29T22:44:16","date_gmt":"2025-12-29T19:44:16","guid":{"rendered":"https:\/\/baldumarket.lt\/product\/cordan-lawa\/"},"modified":"2026-02-11T18:34:48","modified_gmt":"2026-02-11T15:34:48","slug":"cordan-lawa","status":"publish","type":"product","link":"https:\/\/baldumarket.lt\/lt\/product\/cordan-lawa\/","title":{"rendered":"CORDAN suolos"},"content":{"rendered":"<p>CORDAN kavos staliukas 120<br \/>\nKavos staliukas, sta\u010diakampis kavos staliukas su lentyna.<br \/>\nCORDAN kavos staliukas 120 \u2013 tai baldas, kuris, be funkcinio kavos staliuko vaidmens, atlieka ir estetin\u0119 funkcij\u0105, papildydamas esam\u0105 svetain\u0117s interjer\u0105. Nat\u016brali Lefkas \u0105\u017euolo apdaila sukuria jauki\u0105 atmosfer\u0105. Sta\u010diakampis stalvir\u0161is leid\u017eia j\u012f lengvai derinti su kampine sofa, sofa ar foteliais. Papildoma lentyna po stalvir\u0161iu idealiai tinka laikyti \u012fvairius produktus ir daiktus, kuriuos norite laikyti po ranka. CORDAN kavos staliukas yra 120 cm ilgio, 60 cm plo\u010dio ir tik 50 cm auk\u0161\u010dio, tod\u0117l galite sukurti tobul\u0105 erdv\u0119 bendravimui ar kavos g\u0117rimui. Klasikin\u0117 CORDAN bald\u0173 i\u0161vaizda u\u017etikrina, kad jie tarnaus ilgus metus. CORDAN bald\u0173 kolekcija \u2013 tai pasirinkimas tiems, kurie vertina nat\u016bral\u0173 gro\u017e\u012f ir harmoning\u0105 interjer\u0105. \u0160ilta, \u0161iek tiek grie\u017eta spalva apdailintas Lefkas \u0105\u017euolas suteikia kambariams maloni\u0105 atmosfer\u0105, puikiai atitinkan\u010di\u0105 naujausias interjero dizaino tendencijas \u2013 paprastum\u0105, funkcionalum\u0105 ir subtilias detales. Atraskite CORDAN kolekcijos si\u016blomas galimybes, kurios universal\u016bs baldai puikiai tinka tiek nam\u0173 erdv\u0117ms, tiek stilingoms darbo vietoms.<br \/>\nTamsus, sodrus Lefko \u0105\u017euolo atspalvis sukuria nat\u016bralaus elegancijos efekt\u0105, primenant\u012f sen\u0173 med\u017ei\u0173 gro\u017e\u012f, suteikiant\u012f interjerui stabilumo ir nesenstan\u010dio stiliaus. \u0160i apdaila i\u0161skiria CORDAN kolekcij\u0105 ant \u0161viesi\u0173 ar neutrali\u0173 sien\u0173, puikiai papildydama sm\u0117lio, sm\u0117lio ir net subtili\u0173 pastelini\u0173 spalv\u0173, toki\u0173 kaip m\u0117lyna ar \u0161viesiai ro\u017ein\u0117, atspalvius. Kontrastui deriniai su antracitu ar grafitu leid\u017eia sukurti rafinuotas, modernias kompozicijas.<br \/>\nCORDAN komplektas tiks daugelyje kambari\u0173. Sukurtas atsi\u017evelgiant \u012f funkcionalum\u0105, jis si\u016blo \u012fvairius bald\u0173 variantus, kurie leis sukurti harmoning\u0105 i\u0161d\u0117stym\u0105 svetain\u0117je, miegamajame ar nam\u0173 biure. Kolekcijoje yra komodos, vitrinos, drabu\u017ei\u0173 spinta, lentynos, kavos staliukas, sienin\u0117 spintel\u0117 ir televizoriaus staliukas, tod\u0117l galite lengvai pritaikyti erdv\u0119 pagal individualius poreikius ir pageidavimus.<br \/>\nCORDAN kolekcijos baldai puikiai der\u0117s j\u016bs\u0173 svetain\u0117je ir suteiks jai eleganti\u0161k\u0105 charakter\u012f. Stiklin\u0117s vitrinos leis efektyviai eksponuoti m\u0117gstamiausius dekoro elementus, o tvirtos komodos tilps visi b\u016btini aksesuarai, kuriuos norite laikyti po ranka, bet nepastebimai. Savo ruo\u017etu, televizoriaus staliukas suteikia stabil\u0173 pagrind\u0105 j\u016bs\u0173 televizoriui ir multimedijos \u012frangai, sukurdamas stiling\u0105 pramog\u0173 centr\u0105 j\u016bs\u0173 namams.<br \/>\nCORDAN kolekcija \u2013 puikus pasirinkimas tiems, kurie vertina elegancij\u0105, funkcionalum\u0105 ir paprastum\u0105. Tai sprendimas tiems, kurie nori savo namams suteikti \u0161ilto, nat\u016bralaus charakterio, neaukodami moderni\u0173 akcent\u0173. CORDAN puikiai tinka tiems, kurie nori sukurti harmoning\u0105 interjer\u0105, kuriame juntamas nat\u016brali\u0173 med\u017eiag\u0173 stabilumas ir autenti\u0161kumas. Jei ie\u0161kote bald\u0173, kurie b\u016bt\u0173 ne tik prakti\u0161ki, bet ir \u017eav\u016bs savo dizainu bei patvarumu, CORDAN kolekcija kaip tik Jums.<\/p>","protected":false},"excerpt":{"rendered":"<p>Kolekcija: CORDAN<br \/>\nSpalva: Lefkas \u0105\u017euolas<br \/>\nPriekin\u0117 med\u017eiaga: laminuota plok\u0161t\u0117<br \/>\nAuk\u0161tis cm: 50<br \/>\nPlotis cm: 120<br \/>\nGylis cm: 60<br \/>\nLentyn\u0173 skai\u010dius: 1<\/p>","protected":false},"featured_media":235772,"comment_status":"open","ping_status":"open","template":"","meta":[],"product_brand":[],"product_cat":[9332,866,2970],"product_tag":[],"class_list":{"0":"post-235771","1":"product","2":"type-product","3":"status-publish","4":"has-post-thumbnail","6":"product_cat-furniture-collection-cordan","7":"product_cat-coffee-tables","8":"product_cat-mebelbos","10":"first","11":"instock","12":"purchasable","13":"product-type-simple"},"_links":{"self":[{"href":"https:\/\/baldumarket.lt\/lt\/wp-json\/wp\/v2\/product\/235771","targetHints":{"allow":["GET"]}}],"collection":[{"href":"https:\/\/baldumarket.lt\/lt\/wp-json\/wp\/v2\/product"}],"about":[{"href":"https:\/\/baldumarket.lt\/lt\/wp-json\/wp\/v2\/types\/product"}],"replies":[{"embeddable":true,"href":"https:\/\/baldumarket.lt\/lt\/wp-json\/wp\/v2\/comments?post=235771"}],"wp:featuredmedia":[{"embeddable":true,"href":"https:\/\/baldumarket.lt\/lt\/wp-json\/wp\/v2\/media\/235772"}],"wp:attachment":[{"href":"https:\/\/baldumarket.lt\/lt\/wp-json\/wp\/v2\/media?parent=235771"}],"wp:term":[{"taxonomy":"product_brand","embeddable":true,"href":"https:\/\/baldumarket.lt\/lt\/wp-json\/wp\/v2\/product_brand?post=235771"},{"taxonomy":"product_cat","embeddable":true,"href":"https:\/\/baldumarket.lt\/lt\/wp-json\/wp\/v2\/product_cat?post=235771"},{"taxonomy":"product_tag","embeddable":true,"href":"https:\/\/baldumarket.lt\/lt\/wp-json\/wp\/v2\/product_tag?post=235771"}],"curies":[{"name":"wp","href":"https:\/\/api.w.org\/{rel}","templated":true}]}}