{"id":235765,"date":"2025-12-29T22:44:07","date_gmt":"2025-12-29T19:44:07","guid":{"rendered":"https:\/\/baldumarket.lt\/product\/denzel-biurko-dab-cremona-dab-lefkas\/"},"modified":"2026-02-11T18:34:48","modified_gmt":"2026-02-11T15:34:48","slug":"denzel-biurko-dab-cremona-dab-lefkas","status":"publish","type":"product","link":"https:\/\/baldumarket.lt\/lt\/product\/denzel-biurko-dab-cremona-dab-lefkas\/","title":{"rendered":"DENZEL ra\u0161omasis stalas, kremonos \u0105\u017euolas \/ lefkos \u0105\u017euolas"},"content":{"rendered":"<p>Kolekcija: DENZEL Surinktas: Ne Plotis: 104 Auk\u0161tis: 75,6 Gylis: 60 \u201eDenzel\u201c ra\u0161omasis stalas puikiai tinka moderniam jaunimo kambariui ar nam\u0173 biurui. Kremonos \u0105\u017euolo ir Lefko \u0105\u017euolo dekor\u0173 derinys sukuria jauki\u0105, nat\u016brali\u0105 atmosfer\u0105, o paprasta, stabili forma pabr\u0117\u017eia kolekcijos lofto charakter\u012f. Dviej\u0173 tip\u0173 metalin\u0117s rankenos suteikia industrin\u012f akcent\u0105. Kontrastingo Lefko \u0105\u017euolo atspalvio stal\u010diai sukuria \u012fdom\u0173 akcent\u0105, kuris pagyvina erdv\u0119. \u0160is jaunimo ra\u0161omasis stalas derina stili\u0173 ir prakti\u0161kum\u0105 \u2013 idealiai tinka mokymuisi, darbui ir savo erdv\u0117s k\u016brimui.<br \/>\n\u201eDenzel\u201c kolekcija \u2013 tai modernus pasi\u016blymas jaunimo kambariui, nam\u0173 biurui ir erdv\u0117ms, \u012fkv\u0117ptoms lofto ir industrinio stiliaus. I\u0161skirtinis \u201eCremona Oak\u201c ir \u201eLefkas Oak\u201c dekor\u0173 derinys suteikia interjerui nat\u016brali\u0105, jauki\u0105 atmosfer\u0105, i\u0161laikant neapdorot\u0105, mading\u0105 charakter\u012f. Subtiliai matomas medienos ra\u0161tas ir \u0161ilti tonai su\u0161ildo erdv\u0119 ir sukuria tobul\u0105 fon\u0105 kasdieniam gyvenimui.<br \/>\nApgalvotas funkcionalumas yra \u0161ios kolekcijos skiriamasis bruo\u017eas. Si\u016blome prakti\u0161kas komodas, spintas, ra\u0161omuosius stalus, lovas ir lentynas \u2013 kiekvienas baldas sukurtas galvojant apie maksimal\u0173 komfort\u0105. Tvirtos med\u017eiagos, stabilios formos ir ergonomi\u0161ki sprendimai daro \u201eDenzel\u201c baldus puikiai tinkan\u010dius u\u017eimto jaunimo interjerui.<br \/>\nTaip pat verta d\u0117mesio metalin\u0117s ranken\u0117l\u0117s, kurias galima \u012fsigyti dviej\u0173 stili\u0173. J\u0173 industrin\u0117 forma pabr\u0117\u017eia kolekcijos lofto charakter\u012f ir suteikia baldams i\u0161skirtin\u012f akcent\u0105. \u0160viesi\u0173, nat\u016brali\u0173 spalv\u0173 ir tamsi\u0173 detali\u0173 derinys sukuria unikali\u0105, mading\u0105 kompozicij\u0105, kuri papildys tiek modern\u0173, tiek klasikin\u012f interjer\u0105.<br \/>\n\u201eDenzel\u201c kolekcija yra ne tik esteti\u0161kai patraukli, bet ir prakti\u0161ka. Erdv\u016bs spint\u0173 ir komod\u0173 interjerai, erdv\u016bs ra\u0161omieji stalai, papildomi stal\u010diai ir lentynos leid\u017eia palaikyti tvark\u0105 ir sukurti funkcionali\u0105 erdv\u0119 mokymuisi, darbui ir laisvalaikio praleidimui. Tai baldai, kuriuose dera modernus stilius, nat\u016brali apdaila ir jaunatvi\u0161ka energija, sukuriant vientis\u0105, patog\u0173 ir nesenstant\u012f interjer\u0105.<\/p>","protected":false},"excerpt":{"rendered":"<p>Kolekcija: DENZEL<br \/>\nPlotis cm: 104<br \/>\n\u016agis cm: 75,6<br \/>\nGylis cm: 60<\/p>","protected":false},"featured_media":235766,"comment_status":"open","ping_status":"open","template":"","meta":[],"product_brand":[],"product_cat":[1312,2970],"product_tag":[],"class_list":{"0":"post-235765","1":"product","2":"type-product","3":"status-publish","4":"has-post-thumbnail","6":"product_cat-desks","7":"product_cat-mebelbos","9":"first","10":"instock","11":"purchasable","12":"product-type-simple"},"_links":{"self":[{"href":"https:\/\/baldumarket.lt\/lt\/wp-json\/wp\/v2\/product\/235765","targetHints":{"allow":["GET"]}}],"collection":[{"href":"https:\/\/baldumarket.lt\/lt\/wp-json\/wp\/v2\/product"}],"about":[{"href":"https:\/\/baldumarket.lt\/lt\/wp-json\/wp\/v2\/types\/product"}],"replies":[{"embeddable":true,"href":"https:\/\/baldumarket.lt\/lt\/wp-json\/wp\/v2\/comments?post=235765"}],"wp:featuredmedia":[{"embeddable":true,"href":"https:\/\/baldumarket.lt\/lt\/wp-json\/wp\/v2\/media\/235766"}],"wp:attachment":[{"href":"https:\/\/baldumarket.lt\/lt\/wp-json\/wp\/v2\/media?parent=235765"}],"wp:term":[{"taxonomy":"product_brand","embeddable":true,"href":"https:\/\/baldumarket.lt\/lt\/wp-json\/wp\/v2\/product_brand?post=235765"},{"taxonomy":"product_cat","embeddable":true,"href":"https:\/\/baldumarket.lt\/lt\/wp-json\/wp\/v2\/product_cat?post=235765"},{"taxonomy":"product_tag","embeddable":true,"href":"https:\/\/baldumarket.lt\/lt\/wp-json\/wp\/v2\/product_tag?post=235765"}],"curies":[{"name":"wp","href":"https:\/\/api.w.org\/{rel}","templated":true}]}}