{"id":235753,"date":"2025-12-29T22:43:50","date_gmt":"2025-12-29T19:43:50","guid":{"rendered":"https:\/\/baldumarket.lt\/product\/erden-komoda-2d1s-bialy\/"},"modified":"2026-02-11T18:34:48","modified_gmt":"2026-02-11T15:34:48","slug":"erden-komoda-2d1s-bialy","status":"publish","type":"product","link":"https:\/\/baldumarket.lt\/lt\/product\/erden-komoda-2d1s-bialy\/","title":{"rendered":"ERDEN komoda, 2 stal\u010diai, 1 vnt., balta"},"content":{"rendered":"<p>Kolekcija: Erden Surinkta: Ne Plotis: 86,6 Auk\u0161tis: 91,2 Gylis: 36,2 Dureli\u0173 skai\u010dius: 2 Stal\u010di\u0173 skai\u010dius: 1 Komoda su 2 stal\u010diais 1S i\u0161 ERDEN kolekcijos yra eleganti\u0161kas baltos spalvos baldas. Paprastos linijos ir dizainas be ranken\u0117li\u0173 papildo unikal\u0173 visos kolekcijos stili\u0173. Erdvioje stal\u010di\u0173 ir dvidur\u0117je spintel\u0117je galima laikyti daugyb\u0119 kasdieni\u0173 daikt\u0173, kuriuos norite apsaugoti nuo dulki\u0173. Komoda puikiai tiks biure, miegamajame ar svetain\u0117je. Balta spalva papildys bet kok\u012f interjer\u0105, nepriklausomai nuo jo spalv\u0173 gamos. Raginame jus kurti savo i\u0161d\u0117stymus ir laisvai derinti kolekcijos baldus.<\/p>","protected":false},"excerpt":{"rendered":"<p>Kolekcija: Erdenas<br \/>\nPlotis cm: 86,6<br \/>\n\u016agis cm: 91,2<br \/>\nGylis cm: 36,2<br \/>\nDur\u0173 skai\u010dius: 2<br \/>\nStal\u010di\u0173 skai\u010dius: 1<\/p>","protected":false},"featured_media":235754,"comment_status":"open","ping_status":"open","template":"","meta":[],"product_brand":[],"product_cat":[9334,1173,2970],"product_tag":[],"class_list":{"0":"post-235753","1":"product","2":"type-product","3":"status-publish","4":"has-post-thumbnail","6":"product_cat-furniture-collection-erden","7":"product_cat-chests-of-drawers","8":"product_cat-mebelbos","10":"first","11":"instock","12":"purchasable","13":"product-type-simple"},"_links":{"self":[{"href":"https:\/\/baldumarket.lt\/lt\/wp-json\/wp\/v2\/product\/235753","targetHints":{"allow":["GET"]}}],"collection":[{"href":"https:\/\/baldumarket.lt\/lt\/wp-json\/wp\/v2\/product"}],"about":[{"href":"https:\/\/baldumarket.lt\/lt\/wp-json\/wp\/v2\/types\/product"}],"replies":[{"embeddable":true,"href":"https:\/\/baldumarket.lt\/lt\/wp-json\/wp\/v2\/comments?post=235753"}],"wp:featuredmedia":[{"embeddable":true,"href":"https:\/\/baldumarket.lt\/lt\/wp-json\/wp\/v2\/media\/235754"}],"wp:attachment":[{"href":"https:\/\/baldumarket.lt\/lt\/wp-json\/wp\/v2\/media?parent=235753"}],"wp:term":[{"taxonomy":"product_brand","embeddable":true,"href":"https:\/\/baldumarket.lt\/lt\/wp-json\/wp\/v2\/product_brand?post=235753"},{"taxonomy":"product_cat","embeddable":true,"href":"https:\/\/baldumarket.lt\/lt\/wp-json\/wp\/v2\/product_cat?post=235753"},{"taxonomy":"product_tag","embeddable":true,"href":"https:\/\/baldumarket.lt\/lt\/wp-json\/wp\/v2\/product_tag?post=235753"}],"curies":[{"name":"wp","href":"https:\/\/api.w.org\/{rel}","templated":true}]}}