{"id":235747,"date":"2025-12-29T22:43:42","date_gmt":"2025-12-29T19:43:42","guid":{"rendered":"https:\/\/baldumarket.lt\/product\/erden-komoda-3d2s-bialy\/"},"modified":"2026-02-11T18:34:49","modified_gmt":"2026-02-11T15:34:49","slug":"erden-komoda-3d2s-bialy","status":"publish","type":"product","link":"https:\/\/baldumarket.lt\/lt\/product\/erden-komoda-3d2s-bialy\/","title":{"rendered":"ERDEN komoda, 3 stal\u010diai, 2 vnt., balta"},"content":{"rendered":"<p>Kolekcija: Erden Surinkta: Ne Plotis: 125,4 Auk\u0161tis: 91,2 Gylis: 36,2 3D2S komoda yra viena i\u0161 dviej\u0173 ERDEN kolekcijos komod\u0173. Gra\u017eios, klasikin\u0117s linijos ir balta spalva suteikia jai subtilios elegancijos. Paprastas dizainas ir sistema be ranken\u0117li\u0173 u\u017ebaigia i\u0161vaizd\u0105. Komoda susideda i\u0161 dviej\u0173 stal\u010di\u0173 ir trij\u0173 u\u017edar\u0173 spinteli\u0173, tod\u0117l ji yra labai erdvi ir funkcionali. Joje galima laikyti daugyb\u0119 kasdieni\u0173 daikt\u0173 ar dokument\u0173, be to, ji puikiai tinka biure. Raginame jus susikurti savo i\u0161d\u0117stym\u0105 ir per\u017ei\u016br\u0117ti kitus ERDEN kolekcijos gaminius.<\/p>","protected":false},"excerpt":{"rendered":"<p>Kolekcija: Erdenas<br \/>\nPlotis cm: 125,4<br \/>\n\u016agis cm: 91,2<br \/>\nGylis cm: 36,2<\/p>","protected":false},"featured_media":235748,"comment_status":"open","ping_status":"open","template":"","meta":[],"product_brand":[],"product_cat":[9334,1173,2970],"product_tag":[],"class_list":{"0":"post-235747","1":"product","2":"type-product","3":"status-publish","4":"has-post-thumbnail","6":"product_cat-furniture-collection-erden","7":"product_cat-chests-of-drawers","8":"product_cat-mebelbos","10":"first","11":"instock","12":"purchasable","13":"product-type-simple"},"_links":{"self":[{"href":"https:\/\/baldumarket.lt\/lt\/wp-json\/wp\/v2\/product\/235747","targetHints":{"allow":["GET"]}}],"collection":[{"href":"https:\/\/baldumarket.lt\/lt\/wp-json\/wp\/v2\/product"}],"about":[{"href":"https:\/\/baldumarket.lt\/lt\/wp-json\/wp\/v2\/types\/product"}],"replies":[{"embeddable":true,"href":"https:\/\/baldumarket.lt\/lt\/wp-json\/wp\/v2\/comments?post=235747"}],"wp:featuredmedia":[{"embeddable":true,"href":"https:\/\/baldumarket.lt\/lt\/wp-json\/wp\/v2\/media\/235748"}],"wp:attachment":[{"href":"https:\/\/baldumarket.lt\/lt\/wp-json\/wp\/v2\/media?parent=235747"}],"wp:term":[{"taxonomy":"product_brand","embeddable":true,"href":"https:\/\/baldumarket.lt\/lt\/wp-json\/wp\/v2\/product_brand?post=235747"},{"taxonomy":"product_cat","embeddable":true,"href":"https:\/\/baldumarket.lt\/lt\/wp-json\/wp\/v2\/product_cat?post=235747"},{"taxonomy":"product_tag","embeddable":true,"href":"https:\/\/baldumarket.lt\/lt\/wp-json\/wp\/v2\/product_tag?post=235747"}],"curies":[{"name":"wp","href":"https:\/\/api.w.org\/{rel}","templated":true}]}}