{"id":235739,"date":"2025-12-29T22:43:32","date_gmt":"2025-12-29T19:43:32","guid":{"rendered":"https:\/\/baldumarket.lt\/product\/erden-polka-90-bialy\/"},"modified":"2026-02-11T18:34:49","modified_gmt":"2026-02-11T15:34:49","slug":"erden-polka-90-bialy","status":"publish","type":"product","link":"https:\/\/baldumarket.lt\/lt\/product\/erden-polka-90-bialy\/","title":{"rendered":"ERDEN lentyna 90 balta"},"content":{"rendered":"<p>Kolekcija: Erden Surinkimas: Ne Plotis: 86,6 Auk\u0161tis: 20 Gylis: 22 90 coli\u0173 SIENIN\u0116 LENTYNA i\u0161 ERDEN kolekcijos yra puikus sprendimas tiems, kurie nori i\u0161naudoti tu\u0161\u010di\u0105 sienos erdv\u0119. \u0160iuos ma\u017eus, bet funkcionalius baldus galima laisvai derinti, sukuriant unikalias kompozicijas suvenyrams, nieku\u010diams ar vazoniniams augalams eksponuoti. Lentynos neutrali balta spalva der\u0117s prie bet kokios sien\u0173 spalvos, o galimyb\u0117 pritaikyti erdv\u0119 gali suteikti savininkui didel\u012f pasitenkinim\u0105. Lentyna taip pat puikiai dera su kitais ERDEN kolekcijos baldais ir gali b\u016bti \u012fdomus papildymas svetain\u0117se, paaugli\u0173 kambariuose, miegamuosiuose ar biuruose.<\/p>","protected":false},"excerpt":{"rendered":"<p>Kolekcija: Erdenas<br \/>\nPlotis cm: 86,6<br \/>\nAuk\u0161tis cm: 20<br \/>\nGylis cm: 22<\/p>","protected":false},"featured_media":235740,"comment_status":"open","ping_status":"open","template":"","meta":[],"product_brand":[],"product_cat":[9334,1174,2970],"product_tag":[],"class_list":{"0":"post-235739","1":"product","2":"type-product","3":"status-publish","4":"has-post-thumbnail","6":"product_cat-furniture-collection-erden","7":"product_cat-hanging-shelves","8":"product_cat-mebelbos","10":"first","11":"instock","12":"purchasable","13":"product-type-simple"},"_links":{"self":[{"href":"https:\/\/baldumarket.lt\/lt\/wp-json\/wp\/v2\/product\/235739","targetHints":{"allow":["GET"]}}],"collection":[{"href":"https:\/\/baldumarket.lt\/lt\/wp-json\/wp\/v2\/product"}],"about":[{"href":"https:\/\/baldumarket.lt\/lt\/wp-json\/wp\/v2\/types\/product"}],"replies":[{"embeddable":true,"href":"https:\/\/baldumarket.lt\/lt\/wp-json\/wp\/v2\/comments?post=235739"}],"wp:featuredmedia":[{"embeddable":true,"href":"https:\/\/baldumarket.lt\/lt\/wp-json\/wp\/v2\/media\/235740"}],"wp:attachment":[{"href":"https:\/\/baldumarket.lt\/lt\/wp-json\/wp\/v2\/media?parent=235739"}],"wp:term":[{"taxonomy":"product_brand","embeddable":true,"href":"https:\/\/baldumarket.lt\/lt\/wp-json\/wp\/v2\/product_brand?post=235739"},{"taxonomy":"product_cat","embeddable":true,"href":"https:\/\/baldumarket.lt\/lt\/wp-json\/wp\/v2\/product_cat?post=235739"},{"taxonomy":"product_tag","embeddable":true,"href":"https:\/\/baldumarket.lt\/lt\/wp-json\/wp\/v2\/product_tag?post=235739"}],"curies":[{"name":"wp","href":"https:\/\/api.w.org\/{rel}","templated":true}]}}