{"id":235733,"date":"2025-12-29T22:43:24","date_gmt":"2025-12-29T19:43:24","guid":{"rendered":"https:\/\/baldumarket.lt\/product\/erden-regal-2d1s-bialy\/"},"modified":"2026-02-11T18:34:49","modified_gmt":"2026-02-11T15:34:49","slug":"erden-regal-2d1s-bialy","status":"publish","type":"product","link":"https:\/\/baldumarket.lt\/lt\/product\/erden-regal-2d1s-bialy\/","title":{"rendered":"ERDEN 2 dur\u0173 lentyna, balta"},"content":{"rendered":"<p>Kolekcija: Erden Surinkta: Ne Plotis: 55,6 Auk\u0161tis: 210,6 Gylis: 36,2 Dur\u0173 skai\u010dius: 2 Stal\u010di\u0173 skai\u010dius: 1 Dviej\u0173 dur\u0173 1S lentyn\u0173 blokas i\u0161 ERDEN kolekcijos yra klasikinis baldas, paprastai vadinamas \u201cstulpelio bloku\u201d. \u0160is modelis pasi\u017eymi u\u017edara konstrukcija, kuri\u0105 sudaro dvi u\u017edaros spintel\u0117s ir stal\u010dius. Lentyn\u0173 blokas yra universalus ir gali b\u016bti naudojamas kasdieniams daiktams, stalo \u012frankiams, elektronikos priedams, taip pat drabu\u017eiams, apatiniams drabu\u017eiams ir knygoms laikyti. D\u0117l baltos spalvos jis tiks bet kokiam interjerui ir puikiai papildys svetain\u0119, biur\u0105, jaunimo kambar\u012f ar net valgom\u0105j\u012f. Jis puikiai der\u0117s su kitais kolekcijos baldais.<\/p>","protected":false},"excerpt":{"rendered":"<p>Kolekcija: Erdenas<br \/>\nPlotis cm: 55,6<br \/>\n\u016agis cm: 210,6<br \/>\nGylis cm: 36,2<br \/>\nDur\u0173 skai\u010dius: 2<br \/>\nStal\u010di\u0173 skai\u010dius: 1<\/p>","protected":false},"featured_media":235734,"comment_status":"open","ping_status":"open","template":"","meta":[],"product_brand":[],"product_cat":[9334,2970,1987],"product_tag":[],"class_list":{"0":"post-235733","1":"product","2":"type-product","3":"status-publish","4":"has-post-thumbnail","6":"product_cat-furniture-collection-erden","7":"product_cat-mebelbos","8":"product_cat-shelving-units","10":"first","11":"instock","12":"purchasable","13":"product-type-simple"},"_links":{"self":[{"href":"https:\/\/baldumarket.lt\/lt\/wp-json\/wp\/v2\/product\/235733","targetHints":{"allow":["GET"]}}],"collection":[{"href":"https:\/\/baldumarket.lt\/lt\/wp-json\/wp\/v2\/product"}],"about":[{"href":"https:\/\/baldumarket.lt\/lt\/wp-json\/wp\/v2\/types\/product"}],"replies":[{"embeddable":true,"href":"https:\/\/baldumarket.lt\/lt\/wp-json\/wp\/v2\/comments?post=235733"}],"wp:featuredmedia":[{"embeddable":true,"href":"https:\/\/baldumarket.lt\/lt\/wp-json\/wp\/v2\/media\/235734"}],"wp:attachment":[{"href":"https:\/\/baldumarket.lt\/lt\/wp-json\/wp\/v2\/media?parent=235733"}],"wp:term":[{"taxonomy":"product_brand","embeddable":true,"href":"https:\/\/baldumarket.lt\/lt\/wp-json\/wp\/v2\/product_brand?post=235733"},{"taxonomy":"product_cat","embeddable":true,"href":"https:\/\/baldumarket.lt\/lt\/wp-json\/wp\/v2\/product_cat?post=235733"},{"taxonomy":"product_tag","embeddable":true,"href":"https:\/\/baldumarket.lt\/lt\/wp-json\/wp\/v2\/product_tag?post=235733"}],"curies":[{"name":"wp","href":"https:\/\/api.w.org\/{rel}","templated":true}]}}