{"id":235728,"date":"2025-12-29T22:43:16","date_gmt":"2025-12-29T19:43:16","guid":{"rendered":"https:\/\/baldumarket.lt\/product\/erden-regal-otwarty-1d1s-bialy\/"},"modified":"2026-02-11T18:34:49","modified_gmt":"2026-02-11T15:34:49","slug":"erden-regal-otwarty-1d1s-bialy","status":"publish","type":"product","link":"https:\/\/baldumarket.lt\/lt\/product\/erden-regal-otwarty-1d1s-bialy\/","title":{"rendered":"ERDEN atvira lentyna, 1 vnt., balta"},"content":{"rendered":"<p>Kolekcija: Erden Surinkta: Ne Plotis: 55,6 Auk\u0161tis: 210,6 Gylis: 36,2 Dur\u0173 skai\u010dius: 1 Stal\u010di\u0173 skai\u010dius: 1 ERDEN kolekcijos ATVIRA LENTYNA 1D1S yra klasikinis \u201cstulpelio\u201d tipo blokas su atviromis lentynomis ir u\u017edara spintele, tod\u0117l jis labai funkcionalus. J\u012f galima naudoti dekoratyviniams daiktams, suvenyrams, nuotraukoms ir kitiems nieku\u010diams eksponuoti. Jame taip pat yra stal\u010dius be ranken\u0117li\u0173, puikiai tinkantis smulkiems kasdieniams daiktams laikyti. Balta spintel\u0117s spalva papildys bet kok\u012f interjer\u0105. \u0160i lentyna puikiai tiks svetain\u0117je, jaunimo kambaryje, virtuv\u0117je ar net biure. Raginame per\u017ei\u016br\u0117ti vis\u0105 kolekcij\u0105 ir susikurti savo unikal\u0173 i\u0161d\u0117stym\u0105.<\/p>","protected":false},"excerpt":{"rendered":"<p>Kolekcija: Erdenas<br \/>\nPlotis cm: 55,6<br \/>\n\u016agis cm: 210,6<br \/>\nGylis cm: 36,2<br \/>\nDur\u0173 skai\u010dius: 1<br \/>\nStal\u010di\u0173 skai\u010dius: 1<\/p>","protected":false},"featured_media":235729,"comment_status":"open","ping_status":"open","template":"","meta":[],"product_brand":[],"product_cat":[9334,2970,1987],"product_tag":[],"class_list":{"0":"post-235728","1":"product","2":"type-product","3":"status-publish","4":"has-post-thumbnail","6":"product_cat-furniture-collection-erden","7":"product_cat-mebelbos","8":"product_cat-shelving-units","10":"first","11":"instock","12":"purchasable","13":"product-type-simple"},"_links":{"self":[{"href":"https:\/\/baldumarket.lt\/lt\/wp-json\/wp\/v2\/product\/235728","targetHints":{"allow":["GET"]}}],"collection":[{"href":"https:\/\/baldumarket.lt\/lt\/wp-json\/wp\/v2\/product"}],"about":[{"href":"https:\/\/baldumarket.lt\/lt\/wp-json\/wp\/v2\/types\/product"}],"replies":[{"embeddable":true,"href":"https:\/\/baldumarket.lt\/lt\/wp-json\/wp\/v2\/comments?post=235728"}],"wp:featuredmedia":[{"embeddable":true,"href":"https:\/\/baldumarket.lt\/lt\/wp-json\/wp\/v2\/media\/235729"}],"wp:attachment":[{"href":"https:\/\/baldumarket.lt\/lt\/wp-json\/wp\/v2\/media?parent=235728"}],"wp:term":[{"taxonomy":"product_brand","embeddable":true,"href":"https:\/\/baldumarket.lt\/lt\/wp-json\/wp\/v2\/product_brand?post=235728"},{"taxonomy":"product_cat","embeddable":true,"href":"https:\/\/baldumarket.lt\/lt\/wp-json\/wp\/v2\/product_cat?post=235728"},{"taxonomy":"product_tag","embeddable":true,"href":"https:\/\/baldumarket.lt\/lt\/wp-json\/wp\/v2\/product_tag?post=235728"}],"curies":[{"name":"wp","href":"https:\/\/api.w.org\/{rel}","templated":true}]}}