{"id":235722,"date":"2025-12-29T22:43:08","date_gmt":"2025-12-29T19:43:08","guid":{"rendered":"https:\/\/baldumarket.lt\/product\/erden-regal-otwarty-wiszacy-125-bialy\/"},"modified":"2026-02-11T18:34:49","modified_gmt":"2026-02-11T15:34:49","slug":"erden-regal-otwarty-wiszacy-125-bialy","status":"publish","type":"product","link":"https:\/\/baldumarket.lt\/lt\/product\/erden-regal-otwarty-wiszacy-125-bialy\/","title":{"rendered":"ERDEN atvira kabanti lentyna 125 balta"},"content":{"rendered":"<p>Kolekcija: Erden Surinkimas: Ne Plotis: 125,4 Auk\u0161tis: 30,4 Gylis: 29,5 125 SIENIN\u0116 LENTYNA i\u0161 ERDEN kolekcijos puikiai papildys svetain\u0119, miegam\u0105j\u012f, jaunimo kambar\u012f ar darbo kambar\u012f. \u0160is ma\u017eas, bet funkcionalus baldas u\u017epildys tu\u0161\u010di\u0105, nenaudojam\u0105 sienos erdv\u0119. Joje yra trys atviros lentynos, kurias galima naudoti dekoratyviniams daiktams, knygoms, nuotraukoms, suvenyrams ar vazoniniams augalams eksponuoti. Balta lentynos spalva papildys bet kok\u012f interjer\u0105, nepriklausomai nuo jo spalv\u0173 gamos. Raginame jus kurti savo unikalius i\u0161d\u0117stymus ir laisvai derinti ERDEN kolekcijos baldus.<\/p>","protected":false},"excerpt":{"rendered":"<p>Kolekcija: Erdenas<br \/>\nPlotis cm: 125,4<br \/>\n\u016agis cm: 30,4<br \/>\nGylis cm: 29,5<\/p>","protected":false},"featured_media":235723,"comment_status":"open","ping_status":"open","template":"","meta":[],"product_brand":[],"product_cat":[9334,2970,1987],"product_tag":[],"class_list":{"0":"post-235722","1":"product","2":"type-product","3":"status-publish","4":"has-post-thumbnail","6":"product_cat-furniture-collection-erden","7":"product_cat-mebelbos","8":"product_cat-shelving-units","10":"first","11":"instock","12":"purchasable","13":"product-type-simple"},"_links":{"self":[{"href":"https:\/\/baldumarket.lt\/lt\/wp-json\/wp\/v2\/product\/235722","targetHints":{"allow":["GET"]}}],"collection":[{"href":"https:\/\/baldumarket.lt\/lt\/wp-json\/wp\/v2\/product"}],"about":[{"href":"https:\/\/baldumarket.lt\/lt\/wp-json\/wp\/v2\/types\/product"}],"replies":[{"embeddable":true,"href":"https:\/\/baldumarket.lt\/lt\/wp-json\/wp\/v2\/comments?post=235722"}],"wp:featuredmedia":[{"embeddable":true,"href":"https:\/\/baldumarket.lt\/lt\/wp-json\/wp\/v2\/media\/235723"}],"wp:attachment":[{"href":"https:\/\/baldumarket.lt\/lt\/wp-json\/wp\/v2\/media?parent=235722"}],"wp:term":[{"taxonomy":"product_brand","embeddable":true,"href":"https:\/\/baldumarket.lt\/lt\/wp-json\/wp\/v2\/product_brand?post=235722"},{"taxonomy":"product_cat","embeddable":true,"href":"https:\/\/baldumarket.lt\/lt\/wp-json\/wp\/v2\/product_cat?post=235722"},{"taxonomy":"product_tag","embeddable":true,"href":"https:\/\/baldumarket.lt\/lt\/wp-json\/wp\/v2\/product_tag?post=235722"}],"curies":[{"name":"wp","href":"https:\/\/api.w.org\/{rel}","templated":true}]}}