{"id":235715,"date":"2025-12-29T22:42:58","date_gmt":"2025-12-29T19:42:58","guid":{"rendered":"https:\/\/baldumarket.lt\/product\/erden-stol-rozkladany-160-210-bialy\/"},"modified":"2026-02-11T18:34:49","modified_gmt":"2026-02-11T15:34:49","slug":"erden-stol-rozkladany-160-210-bialy","status":"publish","type":"product","link":"https:\/\/baldumarket.lt\/lt\/product\/erden-stol-rozkladany-160-210-bialy\/","title":{"rendered":"ERDEN i\u0161skleid\u017eiamas stalas 160\/210 baltas"},"content":{"rendered":"<p>Auk\u0161tis cm: 77, Plotis cm: 160\/210, Gylis cm: 90, Forma: Sta\u010diakamp\u0117, I\u0161traukiama: Taip, \u012ed\u0117kl\u0173 plotis cm: 50, \u012ed\u0117klai pasl\u0117pti stale: Taip, Savaranki\u0161kas surinkimas: Taip, I\u0161traukiamas stalas 160 yra baldas i\u0161 originalios, baltos ERDEN kolekcijos. Stalas neabejotinai yra vienas svarbiausi\u0173 bald\u0173 bet kuriuose namuose. Jis gali b\u016bti naudojamas ne tik valgant, bet ir kaip puiki darbo vieta bei neabejotinai daugelio kambari\u0173 traukos centras. Stalas 160 yra labai funkcionalus, jo plotis siekia 210 cm, tod\u0117l jis puikiai tinka \u0161eimos ir socialiniams susib\u016brimams. Pagrindiniai \u0161io baldo privalumai \u2013 paprastos linijos ir balta spalva, tod\u0117l stalas tinka bet kuriame kambaryje, nepriklausomai nuo jo spalv\u0173 schemos. Raginame per\u017ei\u016br\u0117ti kitus ERDEN kolekcijos baldus ir susikurti savo unikali\u0105 kompozicij\u0105. Stal\u0105 papildo \u201eLucek 1\u201c k\u0117d\u0117s, kurias galite \u012fsigyti m\u016bs\u0173 svetain\u0117je.<\/p>","protected":false},"excerpt":{"rendered":"<p>\u016agis cm: 77<br \/>\nPlotis cm: 160\/210<br \/>\nGylis cm: 90<br \/>\nForma: Sta\u010diakamp\u0117<br \/>\nI\u0161traukiamas: Taip<br \/>\n\u012ed\u0117klo plotis cm: 50<br \/>\n\u012eterpimai pasl\u0117pti lentel\u0117je: Taip<\/p>","protected":false},"featured_media":235716,"comment_status":"open","ping_status":"open","template":"","meta":[],"product_brand":[],"product_cat":[9334,2970,1934],"product_tag":[],"class_list":{"0":"post-235715","1":"product","2":"type-product","3":"status-publish","4":"has-post-thumbnail","6":"product_cat-furniture-collection-erden","7":"product_cat-mebelbos","8":"product_cat-tables","10":"first","11":"instock","12":"purchasable","13":"product-type-simple"},"_links":{"self":[{"href":"https:\/\/baldumarket.lt\/lt\/wp-json\/wp\/v2\/product\/235715","targetHints":{"allow":["GET"]}}],"collection":[{"href":"https:\/\/baldumarket.lt\/lt\/wp-json\/wp\/v2\/product"}],"about":[{"href":"https:\/\/baldumarket.lt\/lt\/wp-json\/wp\/v2\/types\/product"}],"replies":[{"embeddable":true,"href":"https:\/\/baldumarket.lt\/lt\/wp-json\/wp\/v2\/comments?post=235715"}],"wp:featuredmedia":[{"embeddable":true,"href":"https:\/\/baldumarket.lt\/lt\/wp-json\/wp\/v2\/media\/235716"}],"wp:attachment":[{"href":"https:\/\/baldumarket.lt\/lt\/wp-json\/wp\/v2\/media?parent=235715"}],"wp:term":[{"taxonomy":"product_brand","embeddable":true,"href":"https:\/\/baldumarket.lt\/lt\/wp-json\/wp\/v2\/product_brand?post=235715"},{"taxonomy":"product_cat","embeddable":true,"href":"https:\/\/baldumarket.lt\/lt\/wp-json\/wp\/v2\/product_cat?post=235715"},{"taxonomy":"product_tag","embeddable":true,"href":"https:\/\/baldumarket.lt\/lt\/wp-json\/wp\/v2\/product_tag?post=235715"}],"curies":[{"name":"wp","href":"https:\/\/api.w.org\/{rel}","templated":true}]}}