{"id":235709,"date":"2025-12-29T22:42:50","date_gmt":"2025-12-29T19:42:50","guid":{"rendered":"https:\/\/baldumarket.lt\/product\/erden-szafa-4d1s-bialy\/"},"modified":"2026-02-11T18:34:49","modified_gmt":"2026-02-11T15:34:49","slug":"erden-szafa-4d1s-bialy","status":"publish","type":"product","link":"https:\/\/baldumarket.lt\/lt\/product\/erden-szafa-4d1s-bialy\/","title":{"rendered":"ERDEN spinta, 4 vnt., 1 vnt., balta"},"content":{"rendered":"<p>Auk\u0161tis cm: 210,6 Plotis cm: 86,6 Gylis cm: 50,2 Dur\u0173 tipas: Atidaromos Dur\u0173 skai\u010dius: 4 Stal\u010di\u0173 skai\u010dius: 1 Veidrod\u017eiai: Ne Surenkami savaranki\u0161kai: Taip ERDEN 4D1S Spinta, balta<br \/>\nSpinta \u201e4D1S\u201c \u2013 eleganti\u0161kas ERDEN kolekcijos baldas. Paprasta, klasikin\u0117 forma ir balta spalva paver\u010dia j\u0105 puikiu, ta\u010diau prakti\u0161ku miegamojo, persirengimo kambario, prie\u0161kambario ar jaunimo kambario aksesuaru. Spinta turi pakab\u0105 daiktams. Apatin\u0117je dalyje yra erdvus stal\u010dius ir u\u017edara spintel\u0117, leid\u017eianti savininkui susitvarkyti savo garderob\u0105, patalyn\u0119, apatinius ar rank\u0161luos\u010dius. Spinta puikiai atrodo tiek pati viena, tiek derinama su kitais kolekcijos baldais, o balta spalva praskaidrins kambar\u012f. Raginame jus susikurti savo bald\u0173 i\u0161d\u0117stym\u0105 ir derinti baldus pagal savo pageidavimus.<\/p>","protected":false},"excerpt":{"rendered":"<p>\u016agis cm: 210,6<br \/>\nPlotis cm: 86,6<br \/>\nGylis cm: 50,2<br \/>\nDur\u0173 tipas: Atidaromos<br \/>\nDur\u0173 skai\u010dius: 4<br \/>\nStal\u010di\u0173 skai\u010dius: 1<br \/>\nVeidrod\u017eiai: Ne<\/p>","protected":false},"featured_media":235710,"comment_status":"open","ping_status":"open","template":"","meta":[],"product_brand":[],"product_cat":[9334,2970,1177],"product_tag":[],"class_list":{"0":"post-235709","1":"product","2":"type-product","3":"status-publish","4":"has-post-thumbnail","6":"product_cat-furniture-collection-erden","7":"product_cat-mebelbos","8":"product_cat-wardrobes","10":"first","11":"instock","12":"purchasable","13":"product-type-simple"},"_links":{"self":[{"href":"https:\/\/baldumarket.lt\/lt\/wp-json\/wp\/v2\/product\/235709","targetHints":{"allow":["GET"]}}],"collection":[{"href":"https:\/\/baldumarket.lt\/lt\/wp-json\/wp\/v2\/product"}],"about":[{"href":"https:\/\/baldumarket.lt\/lt\/wp-json\/wp\/v2\/types\/product"}],"replies":[{"embeddable":true,"href":"https:\/\/baldumarket.lt\/lt\/wp-json\/wp\/v2\/comments?post=235709"}],"wp:featuredmedia":[{"embeddable":true,"href":"https:\/\/baldumarket.lt\/lt\/wp-json\/wp\/v2\/media\/235710"}],"wp:attachment":[{"href":"https:\/\/baldumarket.lt\/lt\/wp-json\/wp\/v2\/media?parent=235709"}],"wp:term":[{"taxonomy":"product_brand","embeddable":true,"href":"https:\/\/baldumarket.lt\/lt\/wp-json\/wp\/v2\/product_brand?post=235709"},{"taxonomy":"product_cat","embeddable":true,"href":"https:\/\/baldumarket.lt\/lt\/wp-json\/wp\/v2\/product_cat?post=235709"},{"taxonomy":"product_tag","embeddable":true,"href":"https:\/\/baldumarket.lt\/lt\/wp-json\/wp\/v2\/product_tag?post=235709"}],"curies":[{"name":"wp","href":"https:\/\/api.w.org\/{rel}","templated":true}]}}