{"id":235703,"date":"2025-12-29T22:42:41","date_gmt":"2025-12-29T19:42:41","guid":{"rendered":"https:\/\/baldumarket.lt\/product\/erden-szafa-narozna-2d-bialy\/"},"modified":"2026-02-11T18:34:49","modified_gmt":"2026-02-11T15:34:49","slug":"erden-szafa-narozna-2d-bialy","status":"publish","type":"product","link":"https:\/\/baldumarket.lt\/lt\/product\/erden-szafa-narozna-2d-bialy\/","title":{"rendered":"ERDEN kampin\u0117 spinta, 2D, balta"},"content":{"rendered":"<p>Auk\u0161tis cm: 210,6 Plotis cm: 86,9 Gylis cm: 86,9 Dur\u0173 tipas: Atidaromos Dur\u0173 skai\u010dius: 2 Veidrod\u017eiai: Ne Savisriegis surinkimas: Taip ERDEN 2-D kampin\u0117 spinta, balta<br \/>\n2D KAMPIN\u0116 SPINTEL\u0116 i\u0161 ERDEN kolekcijos \u2013 puikus sprendimas tiems, kurie nori maksimaliai i\u0161naudoti erdv\u0119. Unikalus dizainas leid\u017eia spint\u0105 pastatyti kambario kampe, taip sukuriant papildomos vietos drabu\u017eiams, apatiniams drabu\u017eiams, rank\u0161luos\u010diams, patalynei ir stalties\u0117ms. Spintos vidus padalintas \u012f dalis su lentynomis ir dal\u012f su skersiniu paltams, suknel\u0117ms, mar\u0161kiniams ir kitiems drabu\u017eiams pakabinti. \u0160is ne\u012ftik\u0117tinai funkcionalus baldas bus eleganti\u0161kas miegamojo, persirengimo kambario, jaunimo kambario ar net biuro papildymas. Raginame derinti pasirinktus ERDEN kolekcijos baldus ir kurti savo unikalias kompozicijas.<\/p>","protected":false},"excerpt":{"rendered":"<p>\u016agis cm: 210,6<br \/>\nPlotis cm: 86,9<br \/>\nGylis cm: 86,9<br \/>\nDur\u0173 tipas: Atidaromos<br \/>\nDur\u0173 skai\u010dius: 2<br \/>\nVeidrod\u017eiai: Ne<\/p>","protected":false},"featured_media":235704,"comment_status":"open","ping_status":"open","template":"","meta":[],"product_brand":[],"product_cat":[9334,2970,1177],"product_tag":[],"class_list":{"0":"post-235703","1":"product","2":"type-product","3":"status-publish","4":"has-post-thumbnail","6":"product_cat-furniture-collection-erden","7":"product_cat-mebelbos","8":"product_cat-wardrobes","10":"first","11":"instock","12":"purchasable","13":"product-type-simple"},"_links":{"self":[{"href":"https:\/\/baldumarket.lt\/lt\/wp-json\/wp\/v2\/product\/235703","targetHints":{"allow":["GET"]}}],"collection":[{"href":"https:\/\/baldumarket.lt\/lt\/wp-json\/wp\/v2\/product"}],"about":[{"href":"https:\/\/baldumarket.lt\/lt\/wp-json\/wp\/v2\/types\/product"}],"replies":[{"embeddable":true,"href":"https:\/\/baldumarket.lt\/lt\/wp-json\/wp\/v2\/comments?post=235703"}],"wp:featuredmedia":[{"embeddable":true,"href":"https:\/\/baldumarket.lt\/lt\/wp-json\/wp\/v2\/media\/235704"}],"wp:attachment":[{"href":"https:\/\/baldumarket.lt\/lt\/wp-json\/wp\/v2\/media?parent=235703"}],"wp:term":[{"taxonomy":"product_brand","embeddable":true,"href":"https:\/\/baldumarket.lt\/lt\/wp-json\/wp\/v2\/product_brand?post=235703"},{"taxonomy":"product_cat","embeddable":true,"href":"https:\/\/baldumarket.lt\/lt\/wp-json\/wp\/v2\/product_cat?post=235703"},{"taxonomy":"product_tag","embeddable":true,"href":"https:\/\/baldumarket.lt\/lt\/wp-json\/wp\/v2\/product_tag?post=235703"}],"curies":[{"name":"wp","href":"https:\/\/api.w.org\/{rel}","templated":true}]}}