{"id":235699,"date":"2025-12-29T22:42:36","date_gmt":"2025-12-29T19:42:36","guid":{"rendered":"https:\/\/baldumarket.lt\/product\/erden-szafka-nocna-1s-bialy\/"},"modified":"2026-02-11T18:34:49","modified_gmt":"2026-02-11T15:34:49","slug":"erden-szafka-nocna-1s-bialy","status":"publish","type":"product","link":"https:\/\/baldumarket.lt\/lt\/product\/erden-szafka-nocna-1s-bialy\/","title":{"rendered":"ERDEN naktinis staliukas, 1 vnt., baltas"},"content":{"rendered":"<p>Kolekcija: Erden Surinkti baldai: Ne Plotis: 46,4 Auk\u0161tis: 45,6 Gylis: 36,2 Stal\u010di\u0173 skai\u010dius: 1 EREDEN Naktinis staliukas, 1 vnt., baltas<br \/>\n\u201e1S\u201c naktinis staliukas i\u0161 EREDEN kolekcijos \u2013 puikus bet kurio miegamojo papildymas. Jis i\u0161siskiria paprastu, eleganti\u0161ku dizainu, balta spalva ir funkcionalumu. Jame yra viena atvira lentyna ir stal\u010dius \u012fvairiems smulkiems daiktams, pavyzd\u017eiui, \u017eurnalams, knygoms, stiklin\u0117ms, vaistams ar kosmetikai. Ant naktinio staliuko galima laikyti lemp\u0105, \u017eadintuv\u0105 ar smulkius dekoratyvinius daiktus. \u0160is naktinis staliukas puikiai papildys kitus kolekcijos baldus, tokius kaip lova ar drabu\u017ei\u0173 spinta. Raginame jus susikurti savo unikalius i\u0161d\u0117stymus.<\/p>","protected":false},"excerpt":{"rendered":"<p>Kolekcija: Erdenas<br \/>\nPlotis cm: 46,4<br \/>\n\u016agis cm: 45,6<br \/>\nGylis cm: 36,2<br \/>\nStal\u010di\u0173 skai\u010dius: 1<\/p>","protected":false},"featured_media":235700,"comment_status":"open","ping_status":"open","template":"","meta":[],"product_brand":[],"product_cat":[9334,1176,2970],"product_tag":[],"class_list":{"0":"post-235699","1":"product","2":"type-product","3":"status-publish","4":"has-post-thumbnail","6":"product_cat-furniture-collection-erden","7":"product_cat-bedside-tables","8":"product_cat-mebelbos","10":"first","11":"instock","12":"purchasable","13":"product-type-simple"},"_links":{"self":[{"href":"https:\/\/baldumarket.lt\/lt\/wp-json\/wp\/v2\/product\/235699","targetHints":{"allow":["GET"]}}],"collection":[{"href":"https:\/\/baldumarket.lt\/lt\/wp-json\/wp\/v2\/product"}],"about":[{"href":"https:\/\/baldumarket.lt\/lt\/wp-json\/wp\/v2\/types\/product"}],"replies":[{"embeddable":true,"href":"https:\/\/baldumarket.lt\/lt\/wp-json\/wp\/v2\/comments?post=235699"}],"wp:featuredmedia":[{"embeddable":true,"href":"https:\/\/baldumarket.lt\/lt\/wp-json\/wp\/v2\/media\/235700"}],"wp:attachment":[{"href":"https:\/\/baldumarket.lt\/lt\/wp-json\/wp\/v2\/media?parent=235699"}],"wp:term":[{"taxonomy":"product_brand","embeddable":true,"href":"https:\/\/baldumarket.lt\/lt\/wp-json\/wp\/v2\/product_brand?post=235699"},{"taxonomy":"product_cat","embeddable":true,"href":"https:\/\/baldumarket.lt\/lt\/wp-json\/wp\/v2\/product_cat?post=235699"},{"taxonomy":"product_tag","embeddable":true,"href":"https:\/\/baldumarket.lt\/lt\/wp-json\/wp\/v2\/product_tag?post=235699"}],"curies":[{"name":"wp","href":"https:\/\/api.w.org\/{rel}","templated":true}]}}